{"id":2311,"date":"2020-09-25T10:04:37","date_gmt":"2020-09-25T10:04:37","guid":{"rendered":"http:\/\/www.butikmedikal.com\/?page_id=2311"},"modified":"2020-09-29T09:30:30","modified_gmt":"2020-09-29T09:30:30","slug":"oftalmik-lazer-topcon-multispot-lazer","status":"publish","type":"page","link":"http:\/\/www.butikmedikal.com\/index.php\/oftalmik-lazer-topcon-multispot-lazer\/","title":{"rendered":"Multispot Laser"},"content":{"rendered":"\n<div class=\"wp-block-columns\">\n<div class=\"wp-block-column\">\n<div class=\"wp-block-image\"><figure class=\"aligncenter size-large is-resized\"><img loading=\"lazy\" src=\"http:\/\/www.butikmedikal.com\/wp-content\/uploads\/2020\/09\/1-163-1024x431.jpg\" alt=\"\" class=\"wp-image-2325\" width=\"1024\" height=\"431\" srcset=\"http:\/\/www.butikmedikal.com\/wp-content\/uploads\/2020\/09\/1-163-1024x431.jpg 1024w, http:\/\/www.butikmedikal.com\/wp-content\/uploads\/2020\/09\/1-163-300x126.jpg 300w, http:\/\/www.butikmedikal.com\/wp-content\/uploads\/2020\/09\/1-163-768x323.jpg 768w, http:\/\/www.butikmedikal.com\/wp-content\/uploads\/2020\/09\/1-163.jpg 1520w\" sizes=\"(max-width: 1024px) 100vw, 1024px\" \/><\/figure><\/div>\n<\/div>\n<\/div>\n\n\n\n<p class=\"has-medium-font-size\"><strong>ENDPO\u0130NT MANAGEMENT\uff1aLAZER TERAP\u0130N\u0130N YEN\u0130DEN TANIMLANMASI<\/strong><\/p>\n\n\n\n<div class=\"wp-block-columns\">\n<div class=\"wp-block-column\">\n<div class=\"wp-block-image\"><figure class=\"aligncenter size-large\"><img loading=\"lazy\" src=\"http:\/\/www.butikmedikal.com\/wp-content\/uploads\/2020\/09\/1-164.jpg\" alt=\"\" class=\"wp-image-2330\" width=\"NaN\" height=\"NaN\"\/><\/figure><\/div>\n<\/div>\n\n\n\n<div class=\"wp-block-column\">\n<p>Endpoint Management(EpM), foto-stim\u00fclasyon y\u00f6ntemi ile RPE\u2019yi se\u00e7ici olarak uyaran fototerapi uyar\u0131m\u0131 kullan\u0131r. EpM kullanarak, kesin olarak g\u00fcc\u00fc d\u00fc\u015f\u00fcrebilir ve \u00f6zellikle RPE h\u00fccrelerini etkiler.<\/p>\n\n\n\n<p>EpM, lazer g\u00fcc\u00fcn\u00fc zor yan\u0131klara kadar titreterek ba\u015flar, ard\u0131ndan hekim tedavi alanlar\u0131na iletilecek enerjinin y\u00fczdesini se\u00e7er. Landmark Pattern, tedavi edilen b\u00f6lgenin g\u00f6r\u00fcn\u00fcr g\u00f6stergelerini sa\u011flar.<\/p>\n\n\n\n<p>EpM, mak\u00fcler tedavi ve PRP i\u00e7in 532 nm veya 577 nm lazer dalga boylu PASCAL lazerler i\u00e7in kullan\u0131labilir.<\/p>\n<\/div>\n<\/div>\n\n\n\n<p class=\"has-medium-font-size\"><strong>GLOKOM \u0130\u00c7\u0130N PSLT ( PATTERN LASER TRABEKULOPLAST\u0130 \u2122)<\/strong><\/p>\n\n\n\n<div class=\"wp-block-columns\">\n<div class=\"wp-block-column\">\n<p>PASCAL sistemlerinin tarama teknolojisi ve hassasiyeti, lazer trabek\u00fcroplasti i\u00e7in doku koruyucu bir lazer tedavi etme modalitesi kullanmaktad\u0131r.<\/p>\n\n\n\n<p>\u015eekil taramal\u0131 Lazer Trabek\u00fcloplasti (PSLT) * desenlerin h\u0131zl\u0131, hassas ve minimal travmatik (g\u00f6r\u00fcnmez) bilgisayar destekli tedavi sa\u011flar.<\/p>\n\n\n\n<p>Desenler, di\u011fer laser modalitelerine k\u0131yasla daha h\u0131zl\u0131 ve daha kolay uygulamalar sa\u011flayan trabek\u00fcler a\u011f \u00f6rg\u00fcs\u00fcne(meshwork) kolayca hizalan\u0131r.<\/p>\n\n\n\n<p>Doktorlar, \u015fimdi PSLT ile glokom y\u00f6netiminde PASCAL lazerlerini kullanabilir.<\/p>\n\n\n\n<p>Avantajlar\u0131 a\u00e7\u0131k:<\/p>\n\n\n\n<p>Bilgisayar destekli tedavi<\/p>\n\n\n\n<p>Zarar vermeyen prosed\u00fcr<\/p>\n\n\n\n<p>Klinik olarak etkili<\/p>\n\n\n\n<p>Tekrar Tedavi etme imkan\u0131<\/p>\n<\/div>\n\n\n\n<div class=\"wp-block-column\">\n<div class=\"wp-block-image\"><figure class=\"aligncenter size-large is-resized\"><img loading=\"lazy\" src=\"http:\/\/www.butikmedikal.com\/wp-content\/uploads\/2020\/09\/1-165.jpg\" alt=\"\" class=\"wp-image-2335\" width=\"267\" height=\"296\"\/><\/figure><\/div>\n<\/div>\n<\/div>\n\n\n\n<p class=\"has-medium-font-size\"><strong>PASCAL TEKNOLOJ\u0130S\u0130<\/strong><\/p>\n\n\n\n<p>PASCAL, d\u00fcnyadaki ilk lazer tarama lazeri olmakla birlikte, ayn\u0131 zamanda desen tarama i\u00e7in en uygun tasar\u0131m\u0131 da i\u00e7eriyor.<\/p>\n","protected":false},"excerpt":{"rendered":"<p>ENDPO\u0130NT MANAGEMENT\uff1aLAZER TERAP\u0130N\u0130N YEN\u0130DEN TANIMLANMASI Endpoint Management(EpM), foto-stim\u00fclasyon y\u00f6ntemi ile RPE\u2019yi se\u00e7ici olarak uyaran fototerapi uyar\u0131m\u0131 kullan\u0131r. EpM kullanarak, kesin olarak g\u00fcc\u00fc d\u00fc\u015f\u00fcrebilir ve \u00f6zellikle RPE h\u00fccrelerini etkiler. EpM, lazer g\u00fcc\u00fcn\u00fc zor yan\u0131klara kadar titreterek ba\u015flar, ard\u0131ndan hekim tedavi alanlar\u0131na iletilecek enerjinin y\u00fczdesini se\u00e7er. Landmark Pattern, tedavi edilen b\u00f6lgenin g\u00f6r\u00fcn\u00fcr g\u00f6stergelerini sa\u011flar. EpM, mak\u00fcler tedavi [&hellip;]<\/p>\n","protected":false},"author":1,"featured_media":0,"parent":0,"menu_order":0,"comment_status":"closed","ping_status":"closed","template":"","meta":[],"_links":{"self":[{"href":"http:\/\/www.butikmedikal.com\/index.php\/wp-json\/wp\/v2\/pages\/2311"}],"collection":[{"href":"http:\/\/www.butikmedikal.com\/index.php\/wp-json\/wp\/v2\/pages"}],"about":[{"href":"http:\/\/www.butikmedikal.com\/index.php\/wp-json\/wp\/v2\/types\/page"}],"author":[{"embeddable":true,"href":"http:\/\/www.butikmedikal.com\/index.php\/wp-json\/wp\/v2\/users\/1"}],"replies":[{"embeddable":true,"href":"http:\/\/www.butikmedikal.com\/index.php\/wp-json\/wp\/v2\/comments?post=2311"}],"version-history":[{"count":16,"href":"http:\/\/www.butikmedikal.com\/index.php\/wp-json\/wp\/v2\/pages\/2311\/revisions"}],"predecessor-version":[{"id":2341,"href":"http:\/\/www.butikmedikal.com\/index.php\/wp-json\/wp\/v2\/pages\/2311\/revisions\/2341"}],"wp:attachment":[{"href":"http:\/\/www.butikmedikal.com\/index.php\/wp-json\/wp\/v2\/media?parent=2311"}],"curies":[{"name":"wp","href":"https:\/\/api.w.org\/{rel}","templated":true}]}}