{"id":2309,"date":"2020-09-25T10:04:13","date_gmt":"2020-09-25T10:04:13","guid":{"rendered":"http:\/\/www.butikmedikal.com\/?page_id=2309"},"modified":"2020-09-29T10:12:58","modified_gmt":"2020-09-29T10:12:58","slug":"oftalmik-lazer-ellex-koagulator-lazer","status":"publish","type":"page","link":"http:\/\/www.butikmedikal.com\/index.php\/oftalmik-lazer-ellex-koagulator-lazer\/","title":{"rendered":"Koag\u00fclat\u00f6r Laser"},"content":{"rendered":"\n<div class=\"wp-block-image\"><figure class=\"aligncenter size-large is-resized\"><img loading=\"lazy\" src=\"http:\/\/www.butikmedikal.com\/wp-content\/uploads\/2020\/09\/1-155-1024x431.jpg\" alt=\"\" class=\"wp-image-2424\" width=\"1024\" height=\"431\" srcset=\"http:\/\/www.butikmedikal.com\/wp-content\/uploads\/2020\/09\/1-155-1024x431.jpg 1024w, http:\/\/www.butikmedikal.com\/wp-content\/uploads\/2020\/09\/1-155-300x126.jpg 300w, http:\/\/www.butikmedikal.com\/wp-content\/uploads\/2020\/09\/1-155-768x323.jpg 768w, http:\/\/www.butikmedikal.com\/wp-content\/uploads\/2020\/09\/1-155.jpg 1520w\" sizes=\"(max-width: 1024px) 100vw, 1024px\" \/><\/figure><\/div>\n\n\n\n<p><strong>RET\u0130NA HASTALIKLARIN TE\u015eH\u0130S VE TEDAV\u0130S\u0130NDE L\u0130DER S\u0130STEM<\/strong><\/p>\n\n\n\n<p>Intergre Pro ile k\u0131rm\u0131z\u0131, sar\u0131 ve ye\u015fil dalga boylar\u0131 ile entegre lazer-biyomikroskop sisteminde farkl\u0131 kombinasyonlar yapabilirsiniz. Son derece keskin optikleri ve optimum lazer performans\u0131 ve sistemin entegre olmas\u0131 sayesinde daha iyi derinlik alg\u0131s\u0131, fundusun en do\u011fru \u015fekilde ayd\u0131nlat\u0131lmas\u0131 ve geni\u015f perifer alan g\u00f6r\u00fcnt\u00fcleme sa\u011flan\u0131r.<\/p>\n\n\n\n<p><strong>Klinik De\u011fi\u015fkenlik<br><\/strong><br>Integre Pro ile klinik ihtiya\u00e7lar\u0131n\u0131za en iyi cevap verebilecek farkl\u0131 dalga boyu konfig\u00fcrasyonlar\u0131n\u0131 se\u00e7ebilirsiniz:<\/p>\n\n\n\n<p><strong>561 nm Sar\u0131:<\/strong>&nbsp;Hemoglobinlerde maksimum absorbasyon \u2013 makuler ksantofil (xanthophyll) de g\u00f6z ard\u0131 edilebilir absorbasyon<\/p>\n\n\n\n<p>561nm sar\u0131 dalga boyu hemoglobindeki en y\u00fcksek absorbasyon de\u011ferine \u00e7ok yakla\u015f\u0131rken, retina pigment epitelindeki (RPE) melanin h\u00fccreleri taraf\u0131ndan da absorbe edilir. N\u00f6rosens\u00f6riyel retinada ksantrofiller taraf\u0131ndan mimimum seviyede absorbe edilmesi sayesinde makula ve makula \u00e7evresinin tedavisi i\u00e7in idealdir. Ayr\u0131ca lazer \u2013 doku etkile\u015fiminde kontrol\u00fc elinizde daha rahat tutman\u0131z\u0131 sa\u011flar, bu sayede hastaya daha az rahats\u0131zl\u0131k verirken daha tahmin edilebilir ve kontroll\u00fc yan\u0131klar elde etmenizi sa\u011flar.<\/p>\n\n\n\n<p><strong>670 nm Red:<\/strong>&nbsp;koroidal damarlar\u0131n tedavisi i\u00e7in derin ve efektif penetrasyon<br>670 nm dalga boyu hemoglobin taraf\u0131ndan olduk\u00e7a az absorbe edilir. Bu sayede k\u00fc\u00e7\u00fck retinal, sub-retinal ve intra-retinal kanamalardan ge\u00e7ebilir. Penetrasyon derinli\u011fi koroidal damarlar\u0131n tedavisi i\u00e7in ideal olup, retina katmanlar\u0131n\u0131n b\u00fct\u00fcnl\u00fc\u011f\u00fcn\u00fcn korunmas\u0131na yard\u0131mc\u0131 olur.<\/p>\n\n\n\n<p><strong>532 nm ye\u015fil:<\/strong>&nbsp;panretinal fotokoag\u00fclasyon gibi genel prosed\u00fcrler i\u00e7in standartt\u0131r 532 nm dalga boyu \u00f6ncelikle melanin ve hemoglobin taraf\u0131ndan absorbe edilir, pan-retinal koag\u00fclasyon (PRP) gibi RPE katmanlar\u0131 ve yeni kan damarlar\u0131n\u0131 i\u00e7eren tedavilerde kullan\u0131lmas\u0131 i\u00e7in idealdir.<\/p>\n\n\n\n<p><strong>Daha rahat te\u015fhis ve tedavi<\/strong><\/p>\n\n\n\n<p>Integre Pro, optimum lazer performans\u0131 ile en y\u00fcksek kalitedeki optikleri bir araya getirerek sekt\u00f6r\u00fcn retina hastal\u0131klar\u0131ndaki te\u015fhis ve tedavi lideridir. 10 derecelik stereoskopik a\u00e7\u0131s\u0131 ile Integre Pro daha iyi derinlik alg\u0131s\u0131 ve geni\u015f perifer g\u00f6r\u00fcnt\u00fcs\u00fc sa\u011flar. Y\u00fcksek kontrastl\u0131 g\u00f6r\u00fcnt\u00fcler ve fundusun en iyi \u015fekilde ayd\u0131nlat\u0131lmas\u0131 sa\u011flan\u0131r<\/p>\n\n\n\n<div class=\"wp-block-image\"><figure class=\"aligncenter size-large\"><img loading=\"lazy\" src=\"http:\/\/www.butikmedikal.com\/wp-content\/uploads\/2020\/09\/1-156.jpg\" alt=\"\" class=\"wp-image-2428\" width=\"NaN\" height=\"NaN\" srcset=\"http:\/\/www.butikmedikal.com\/wp-content\/uploads\/2020\/09\/1-156.jpg 1024w, http:\/\/www.butikmedikal.com\/wp-content\/uploads\/2020\/09\/1-156-300x146.jpg 300w, http:\/\/www.butikmedikal.com\/wp-content\/uploads\/2020\/09\/1-156-768x375.jpg 768w\" sizes=\"(max-width: 1024px) 100vw, 1024px\" \/><\/figure><\/div>\n\n\n\n<p><strong>\u00dcst\u00fcn enerji da\u011f\u0131l\u0131m\u0131<\/strong><\/p>\n\n\n\n<p>Integre Pro, lazer at\u0131\u015f s\u00fcresinin ba\u015f\u0131ndan sonuna kadar lazer spotunun t\u00fcm noktalar\u0131na e\u015fit derecede enerji iletir. Bunun nedeni en kaliteli optikleri ve lazer par\u00e7alar\u0131n\u0131 kullan\u0131p lazer \u00e7\u0131k\u0131\u015f\u0131n\u0131n s\u00fcrekli kontrol eilmesi ve ayarlanmas\u0131d\u0131r.<\/p>\n\n\n\n<div class=\"wp-block-image\"><figure class=\"aligncenter size-large\"><img loading=\"lazy\" width=\"1024\" height=\"449\" src=\"http:\/\/www.butikmedikal.com\/wp-content\/uploads\/2020\/09\/1-157.jpg\" alt=\"\" class=\"wp-image-2431\" srcset=\"http:\/\/www.butikmedikal.com\/wp-content\/uploads\/2020\/09\/1-157.jpg 1024w, http:\/\/www.butikmedikal.com\/wp-content\/uploads\/2020\/09\/1-157-300x132.jpg 300w, http:\/\/www.butikmedikal.com\/wp-content\/uploads\/2020\/09\/1-157-768x337.jpg 768w\" sizes=\"(max-width: 1024px) 100vw, 1024px\" \/><\/figure><\/div>\n\n\n\n<p><strong>H\u0131zl\u0131 Tedavi<\/strong><\/p>\n\n\n\n<p>Saniyede 20 at\u0131\u015f (20 Hz) yapabilmeniz sayesinde Integre Pro, en h\u0131zl\u0131 ve efektif tedaviye ula\u015fman\u0131z\u0131 sa\u011flar<\/p>\n\n\n\n<p><strong>True Spot Optikleri<\/strong><\/p>\n\n\n\n<p>Integre Pro, True Spot optik sistemiyle retinayla d\u00fczenli, keskin-kenarl\u0131 bir \u0131\u015f\u0131n yollar. Bu \u0131\u015f\u0131n korenada d\u00fc\u015f\u00fck g\u00fc\u00e7 yo\u011funlu\u011funa sahiptir. 50-1000 mikron aras\u0131 spot b\u00fcy\u00fckl\u00fc\u011f\u00fc se\u00e7menize olanak tan\u0131r.<\/p>\n\n\n\n<div class=\"wp-block-image\"><figure class=\"aligncenter size-large\"><img loading=\"lazy\" width=\"990\" height=\"585\" src=\"http:\/\/www.butikmedikal.com\/wp-content\/uploads\/2020\/09\/1-14.png\" alt=\"\" class=\"wp-image-2433\" srcset=\"http:\/\/www.butikmedikal.com\/wp-content\/uploads\/2020\/09\/1-14.png 990w, http:\/\/www.butikmedikal.com\/wp-content\/uploads\/2020\/09\/1-14-300x177.png 300w, http:\/\/www.butikmedikal.com\/wp-content\/uploads\/2020\/09\/1-14-768x454.png 768w\" sizes=\"(max-width: 990px) 100vw, 990px\" \/><\/figure><\/div>\n\n\n\n<p><strong>Kusursuz Konumlama<\/strong><\/p>\n\n\n\n<p>Intergre Pro, \u0131\u015f\u0131n\u0131 makula civar\u0131nda do\u011fru pozisyonlamak i\u00e7in y\u00fcksek hassasiyete sahip mikromanip\u00fclat\u00f6re sahiptir. Ayr\u0131ca daha b\u00fcy\u00fck alanlar\u0131 birden fazla at\u0131\u015fla doldurmak i\u00e7in h\u0131zl\u0131 ve kolay ayarlama yaparak pigmentle\u015fme esnas\u0131ndaki varyasyonlar sa\u011flan\u0131r.<\/p>\n\n\n\n<p><strong>Parmak ucuyla kontrol<\/strong><\/p>\n\n\n\n<p>T\u00fcm kontroller -spot \u00e7ap\u0131, enerji, at\u0131\u015f s\u00fcresi ve mikromanipulat\u00f6r- pratik olarak konumland\u0131r\u0131lm\u0131\u015ft\u0131r.<\/p>\n\n\n\n<p><strong>Tek tu\u015fla etkinlik<\/strong><\/p>\n\n\n\n<p>Integre Pro\u2019nun sar\u0131-k\u0131rm\u0131z\u0131 ve ye\u015fil-k\u0131rm\u0131z\u0131 dalga boyu konfig\u00fcrasyonlar\u0131nda kolayca dalga boylar\u0131 aras\u0131nda ge\u00e7i\u015f yapabilir, tek ayarlama ile birden fazla prosed\u00fcrde kullanabilirsiniz. Sistem ayn\u0131 zamanda indirekt lazer oftalmoskop ba\u011flamak i\u00e7in ikinci bir fiber giri\u015fine sahiptir.<\/p>\n\n\n\n<p><strong>\u00c7al\u0131\u015fma alan\u0131n\u0131n maksimizasyonu<\/strong><\/p>\n\n\n\n<p>Lazer ve biyomikroskop aras\u0131 ba\u011flant\u0131 i\u00e7in harici ayna gereksinimi duyan di\u011fer fotokoag\u00fclat\u00f6r ve \u00e7ok renkli lazer sistemlerinden farkl\u0131 olarak, Integre Pro e\u015fsiz bir \u015fekilde lazeri direk olarak biyomikroskoba yollayan entegre yap\u0131s\u0131yla fark yarat\u0131yor. Elde edilen sonu\u00e7 daha iyi g\u00f6r\u00fcnt\u00fc ve ayd\u0131nlatmad\u0131r. Ayr\u0131ca, entegre dizayn d\u0131\u015far\u0131da herhangi bir fiber ya da kablo bulundurmad\u0131\u011f\u0131ndan sistemin at\u0131l zaman ihtiyac\u0131n\u0131 minimize eder.<\/p>\n","protected":false},"excerpt":{"rendered":"<p>RET\u0130NA HASTALIKLARIN TE\u015eH\u0130S VE TEDAV\u0130S\u0130NDE L\u0130DER S\u0130STEM Intergre Pro ile k\u0131rm\u0131z\u0131, sar\u0131 ve ye\u015fil dalga boylar\u0131 ile entegre lazer-biyomikroskop sisteminde farkl\u0131 kombinasyonlar yapabilirsiniz. Son derece keskin optikleri ve optimum lazer performans\u0131 ve sistemin entegre olmas\u0131 sayesinde daha iyi derinlik alg\u0131s\u0131, fundusun en do\u011fru \u015fekilde ayd\u0131nlat\u0131lmas\u0131 ve geni\u015f perifer alan g\u00f6r\u00fcnt\u00fcleme sa\u011flan\u0131r. Klinik De\u011fi\u015fkenlikIntegre Pro ile [&hellip;]<\/p>\n","protected":false},"author":1,"featured_media":0,"parent":0,"menu_order":0,"comment_status":"closed","ping_status":"closed","template":"","meta":[],"_links":{"self":[{"href":"http:\/\/www.butikmedikal.com\/index.php\/wp-json\/wp\/v2\/pages\/2309"}],"collection":[{"href":"http:\/\/www.butikmedikal.com\/index.php\/wp-json\/wp\/v2\/pages"}],"about":[{"href":"http:\/\/www.butikmedikal.com\/index.php\/wp-json\/wp\/v2\/types\/page"}],"author":[{"embeddable":true,"href":"http:\/\/www.butikmedikal.com\/index.php\/wp-json\/wp\/v2\/users\/1"}],"replies":[{"embeddable":true,"href":"http:\/\/www.butikmedikal.com\/index.php\/wp-json\/wp\/v2\/comments?post=2309"}],"version-history":[{"count":12,"href":"http:\/\/www.butikmedikal.com\/index.php\/wp-json\/wp\/v2\/pages\/2309\/revisions"}],"predecessor-version":[{"id":2437,"href":"http:\/\/www.butikmedikal.com\/index.php\/wp-json\/wp\/v2\/pages\/2309\/revisions\/2437"}],"wp:attachment":[{"href":"http:\/\/www.butikmedikal.com\/index.php\/wp-json\/wp\/v2\/media?parent=2309"}],"curies":[{"name":"wp","href":"https:\/\/api.w.org\/{rel}","templated":true}]}}