{"id":2238,"date":"2020-09-24T11:41:38","date_gmt":"2020-09-24T11:41:38","guid":{"rendered":"http:\/\/www.butikmedikal.com\/?page_id=2238"},"modified":"2020-09-29T09:27:43","modified_gmt":"2020-09-29T09:27:43","slug":"goruntu-ve-data-yonetimi-topcon-imagenet-i-base","status":"publish","type":"page","link":"http:\/\/www.butikmedikal.com\/index.php\/goruntu-ve-data-yonetimi-topcon-imagenet-i-base\/","title":{"rendered":"Imagenet I-Base"},"content":{"rendered":"\n<div class=\"wp-block-columns\">\n<div class=\"wp-block-column\">\n<p class=\"has-text-align-left\">I-Base program\u0131n\u0131 g\u00f6r\u00fcnt\u00fcleme i\u00e7in yap\u0131lm\u0131\u015f olan en genel olan\u0131d\u0131r. Her \u00e7e\u015fit Topcon marka Dijital Kamera (DC1,DC3,DV1,DV3) ve her \u00e7e\u015fit Nikon marka Dijital Foto\u011fraf makinesi ve farkl\u0131 modellerde Fuji ve Kanon Foto\u011fraf makinesi deste\u011fi bulunmaktad\u0131r. Advanced Mod\u00fcl\u00fc ile \u00e7ekim yapabilir,(be\u011fenmedi\u011finiz \u00e7ekimleri parlatmak gibi veya kamera ayarlar\u0131 ile oynamak gibi) istedi\u011finiz gibi \u00e7ekilen resimler \u00fczerinde oynama yapabilirsiniz. Ayr\u0131ca bu mod\u00fcl sayesinde Cup\/Disk oranlar\u0131n\u0131 almak, PDT\/MPS i\u015flemleri yapmak, Mosaic\/Panoramik g\u00f6r\u00fcnt\u00fcler olu\u015fturmak, \u00e7ekilen g\u00f6r\u00fcnt\u00fcleri CD\/DVD veya USB Stick\u2019e kopyalamak, farkl\u0131 tarihlerde \u00e7ekilmi\u015f olan Anjio g\u00f6r\u00fcnt\u00fclerini kar\u015f\u0131la\u015ft\u0131rmak, g\u00f6r\u00fcnt\u00fc ve bilgileri DICOM sistemine entegre etmek m\u00fcmk\u00fcnd\u00fcr.<\/p>\n<\/div>\n\n\n\n<div class=\"wp-block-column\">\n<div class=\"wp-block-image\"><figure class=\"aligncenter size-large is-resized\"><img loading=\"lazy\" src=\"http:\/\/www.butikmedikal.com\/wp-content\/uploads\/2020\/09\/1-5.jpg\" alt=\"\" class=\"wp-image-2247\" width=\"415\" height=\"287\"\/><\/figure><\/div>\n\n\n\n<p class=\"has-text-align-center has-medium-font-size\"><strong>Advanced Modulu<\/strong><\/p>\n<\/div>\n<\/div>\n\n\n\n<div class=\"wp-block-columns\">\n<div class=\"wp-block-column\">\n<div class=\"wp-block-image\"><figure class=\"aligncenter size-large is-resized\"><img loading=\"lazy\" src=\"http:\/\/www.butikmedikal.com\/wp-content\/uploads\/2020\/09\/2-34-1.jpg\" alt=\"\" class=\"wp-image-2248\" width=\"391\" height=\"272\" srcset=\"http:\/\/www.butikmedikal.com\/wp-content\/uploads\/2020\/09\/2-34-1.jpg 600w, http:\/\/www.butikmedikal.com\/wp-content\/uploads\/2020\/09\/2-34-1-300x209.jpg 300w\" sizes=\"(max-width: 391px) 100vw, 391px\" \/><\/figure><\/div>\n\n\n\n<p class=\"has-text-align-center has-medium-font-size\"><strong>Basic Modulu<\/strong><\/p>\n<\/div>\n\n\n\n<div class=\"wp-block-column\">\n<p>I-Base program\u0131n en basit \u015feklidir. S\u0131n\u0131rl\u0131 say\u0131da kamera deste\u011fi bulunmaktad\u0131r(Topcon biomikroskopla \u00e7al\u0131\u015f\u0131r). G\u00f6r\u00fcnt\u00fc \u00e7ekimi vekay\u0131t i\u015flemi yapmaktad\u0131r. \u00c7ekilen g\u00f6r\u00fcnt\u00fcler \u00fczerinde kontrast veya parlatma gibi i\u015flemler yaparak kay\u0131t etmek m\u00fcmk\u00fcnd\u00fcr.<\/p>\n\n\n\n<p><\/p>\n<\/div>\n<\/div>\n\n\n\n<div class=\"wp-block-columns\">\n<div class=\"wp-block-column\">\n<p>Bu mod\u00fcl Kerato-Refraktometre, Tonometre, Foropter ve Fokometre gibi cihazlardan hasta \u00f6l\u00e7\u00fcm bilgilerini alma, bu \u00f6l\u00e7\u00fcmler \u00fczerinde \u00e7e\u015fitli de\u011fi\u015fiklikler yapma ve yap\u0131lan de\u011fi\u015fiklikleri Foropter \u00fczerine uygulama imkan\u0131 sa\u011flamaktad\u0131r. Topcon cihazlar\u0131ndan al\u0131nan bilgiler \u00fczerine uygulama imkan\u0131 sa\u011flamaktad\u0131r. Topcon cihazlar\u0131ndan al\u0131nan bilgiler \u00fczerinde \u00e7e\u015fitli s\u0131n\u0131fland\u0131rmalar yapmak, grafikler \u00e7izmek bu mod\u00fcl sayesinde m\u00fcmk\u00fcnd\u00fcr. Yine bu mod\u00fcl sayesinde olu\u015fturulacak sayfa d\u00fczeni ile re\u00e7ete \u00e7\u0131kt\u0131s\u0131na benzer bir \u00e7\u0131kt\u0131 yaz\u0131c\u0131dan al\u0131nabilir.<\/p>\n<\/div>\n\n\n\n<div class=\"wp-block-column\">\n<div class=\"wp-block-image\"><figure class=\"aligncenter size-large is-resized\"><img loading=\"lazy\" src=\"http:\/\/www.butikmedikal.com\/wp-content\/uploads\/2020\/09\/3-5.jpg\" alt=\"\" class=\"wp-image-2252\" width=\"344\" height=\"238\" srcset=\"http:\/\/www.butikmedikal.com\/wp-content\/uploads\/2020\/09\/3-5.jpg 600w, http:\/\/www.butikmedikal.com\/wp-content\/uploads\/2020\/09\/3-5-300x209.jpg 300w\" sizes=\"(max-width: 344px) 100vw, 344px\" \/><figcaption><strong>Refraction Modulu<\/strong><\/figcaption><\/figure><\/div>\n\n\n\n<p class=\"has-text-align-center has-medium-font-size\"><strong>Refraction Modulu<\/strong><\/p>\n<\/div>\n<\/div>\n\n\n\n<div class=\"wp-block-columns\">\n<div class=\"wp-block-column\">\n<div class=\"wp-block-image\"><figure class=\"aligncenter size-large is-resized\"><img loading=\"lazy\" src=\"http:\/\/www.butikmedikal.com\/wp-content\/uploads\/2020\/09\/4-16-1.jpg\" alt=\"\" class=\"wp-image-2261\" width=\"425\" height=\"295\" srcset=\"http:\/\/www.butikmedikal.com\/wp-content\/uploads\/2020\/09\/4-16-1.jpg 600w, http:\/\/www.butikmedikal.com\/wp-content\/uploads\/2020\/09\/4-16-1-300x209.jpg 300w\" sizes=\"(max-width: 425px) 100vw, 425px\" \/><\/figure><\/div>\n\n\n\n<p class=\"has-text-align-center has-medium-font-size\"><strong>Tele Medicine Modulu<\/strong><\/p>\n<\/div>\n\n\n\n<div class=\"wp-block-column\">\n<p>Bu mod\u00fcl sayesinde farkl\u0131 I-Base sistemler aras\u0131nda hasta bilgisi al\u0131\u015f-veri\u015fi m\u00fcmk\u00fcnd\u00fcr. Bu i\u015flem istenirse CD, DVD veya external harddisk ile istenirse de internet \u00fczerinden yap\u0131labilir. Ayr\u0131ca \u00e7ekilmi\u015f olan hasta bilgi ve g\u00f6r\u00fcnt\u00fcleri kullan\u0131c\u0131 taraf\u0131ndan olu\u015fturulacak (hasta ad\u0131, logosu ve di\u011fer bilgiler)bir sayfa \u00fczerine yazd\u0131r\u0131labilir.<\/p>\n<\/div>\n<\/div>\n\n\n\n<p class=\"has-text-align-center has-medium-font-size\"><\/p>\n\n\n\n<div class=\"wp-block-columns\">\n<div class=\"wp-block-column\">\n<p>Imagenet I-Base program\u0131, \u00e7e\u015fitli g\u00f6z birimlerinin, dal merkezlerinin ve g\u00f6z hastanelerinin her t\u00fcrl\u00fc ihtiyac\u0131n\u0131 kar\u015f\u0131layacak geli\u015fmi\u015f bir programd\u0131r. Bu program ile her \u00e7e\u015fit Topcon marka cihazdan (fundus kamera, Biomikroskop, Kerato-Refraktometre, Tonometre vb\u2026) G\u00f6r\u00fcnt\u00fc ve bilgi al\u0131m\u0131 m\u00fcmk\u00fcn olup ayr\u0131ca bu bilgiler \u00fczerinde \u00e7e\u015fitli de\u011fi\u015fiklik ve d\u00fczeltme imkan\u0131 bulunmaktad\u0131r. I-Base program\u0131 olu\u015fabilecek ihtiya\u00e7lara g\u00f6re 4 b\u00f6l\u00fcme ayr\u0131lm\u0131\u015ft\u0131r.<\/p>\n<\/div>\n\n\n\n<div class=\"wp-block-column\">\n<div class=\"wp-block-image\"><figure class=\"aligncenter size-large is-resized\"><img loading=\"lazy\" src=\"http:\/\/www.butikmedikal.com\/wp-content\/uploads\/2020\/09\/5-11.jpg\" alt=\"\" class=\"wp-image-2263\" width=\"437\" height=\"303\" srcset=\"http:\/\/www.butikmedikal.com\/wp-content\/uploads\/2020\/09\/5-11.jpg 600w, http:\/\/www.butikmedikal.com\/wp-content\/uploads\/2020\/09\/5-11-300x209.jpg 300w\" sizes=\"(max-width: 437px) 100vw, 437px\" \/><\/figure><\/div>\n\n\n\n<p class=\"has-text-align-center has-medium-font-size\"><strong>Topcon Imaganet I Base<\/strong><\/p>\n<\/div>\n<\/div>\n\n\n\n<p><\/p>\n","protected":false},"excerpt":{"rendered":"<p>I-Base program\u0131n\u0131 g\u00f6r\u00fcnt\u00fcleme i\u00e7in yap\u0131lm\u0131\u015f olan en genel olan\u0131d\u0131r. Her \u00e7e\u015fit Topcon marka Dijital Kamera (DC1,DC3,DV1,DV3) ve her \u00e7e\u015fit Nikon marka Dijital Foto\u011fraf makinesi ve farkl\u0131 modellerde Fuji ve Kanon Foto\u011fraf makinesi deste\u011fi bulunmaktad\u0131r. Advanced Mod\u00fcl\u00fc ile \u00e7ekim yapabilir,(be\u011fenmedi\u011finiz \u00e7ekimleri parlatmak gibi veya kamera ayarlar\u0131 ile oynamak gibi) istedi\u011finiz gibi \u00e7ekilen resimler \u00fczerinde oynama yapabilirsiniz. [&hellip;]<\/p>\n","protected":false},"author":1,"featured_media":0,"parent":0,"menu_order":0,"comment_status":"closed","ping_status":"closed","template":"","meta":[],"_links":{"self":[{"href":"http:\/\/www.butikmedikal.com\/index.php\/wp-json\/wp\/v2\/pages\/2238"}],"collection":[{"href":"http:\/\/www.butikmedikal.com\/index.php\/wp-json\/wp\/v2\/pages"}],"about":[{"href":"http:\/\/www.butikmedikal.com\/index.php\/wp-json\/wp\/v2\/types\/page"}],"author":[{"embeddable":true,"href":"http:\/\/www.butikmedikal.com\/index.php\/wp-json\/wp\/v2\/users\/1"}],"replies":[{"embeddable":true,"href":"http:\/\/www.butikmedikal.com\/index.php\/wp-json\/wp\/v2\/comments?post=2238"}],"version-history":[{"count":24,"href":"http:\/\/www.butikmedikal.com\/index.php\/wp-json\/wp\/v2\/pages\/2238\/revisions"}],"predecessor-version":[{"id":2557,"href":"http:\/\/www.butikmedikal.com\/index.php\/wp-json\/wp\/v2\/pages\/2238\/revisions\/2557"}],"wp:attachment":[{"href":"http:\/\/www.butikmedikal.com\/index.php\/wp-json\/wp\/v2\/media?parent=2238"}],"curies":[{"name":"wp","href":"https:\/\/api.w.org\/{rel}","templated":true}]}}