{"id":2024,"date":"2020-09-23T11:06:59","date_gmt":"2020-09-23T11:06:59","guid":{"rendered":"http:\/\/www.butikmedikal.com\/?page_id=2024"},"modified":"2020-09-29T10:11:29","modified_gmt":"2020-09-29T10:11:29","slug":"goruntu-ve-data-yonetimi","status":"publish","type":"page","link":"http:\/\/www.butikmedikal.com\/index.php\/goruntu-ve-data-yonetimi\/","title":{"rendered":"G\u00f6r\u00fcnt\u00fc Ve Data Y\u00f6netimi"},"content":{"rendered":"\n<div class=\"wp-block-columns\">\n<div class=\"wp-block-column\">\n<div class=\"wp-block-image\"><figure class=\"aligncenter size-large is-resized\"><a href=\"http:\/\/www.butikmedikal.com\/index.php\/goruntu-ve-data-yonetimi-topcon-imagenet-i-base\/\"><img loading=\"lazy\" src=\"http:\/\/www.butikmedikal.com\/wp-content\/uploads\/2020\/09\/3-5-1.jpg\" alt=\"\" class=\"wp-image-2286\" width=\"370\" height=\"257\" srcset=\"http:\/\/www.butikmedikal.com\/wp-content\/uploads\/2020\/09\/3-5-1.jpg 600w, http:\/\/www.butikmedikal.com\/wp-content\/uploads\/2020\/09\/3-5-1-300x209.jpg 300w\" sizes=\"(max-width: 370px) 100vw, 370px\" \/><\/a><\/figure><\/div>\n\n\n\n<p class=\"has-text-align-center has-medium-font-size\">TOPCON -Imagenet I-Base<\/p>\n<\/div>\n\n\n\n<div class=\"wp-block-column\">\n<div class=\"wp-block-image\"><figure class=\"aligncenter size-large is-resized\"><a href=\"http:\/\/www.butikmedikal.com\/index.php\/ophthalmic-data-system-imagenet-series\/\"><img loading=\"lazy\" src=\"http:\/\/www.butikmedikal.com\/wp-content\/uploads\/2020\/09\/IMAGEnerR4_Main2_E-1024x431.jpg\" alt=\"\" class=\"wp-image-2280\" width=\"471\" height=\"198\" srcset=\"http:\/\/www.butikmedikal.com\/wp-content\/uploads\/2020\/09\/IMAGEnerR4_Main2_E-1024x431.jpg 1024w, http:\/\/www.butikmedikal.com\/wp-content\/uploads\/2020\/09\/IMAGEnerR4_Main2_E-300x126.jpg 300w, http:\/\/www.butikmedikal.com\/wp-content\/uploads\/2020\/09\/IMAGEnerR4_Main2_E-768x323.jpg 768w, http:\/\/www.butikmedikal.com\/wp-content\/uploads\/2020\/09\/IMAGEnerR4_Main2_E.jpg 1520w\" sizes=\"(max-width: 471px) 100vw, 471px\" \/><\/a><\/figure><\/div>\n\n\n\n<p class=\"has-text-align-center has-medium-font-size\">TOPCON-Ophtalmic Data System IMAGEnet Series<\/p>\n<\/div>\n<\/div>\n","protected":false},"excerpt":{"rendered":"<p>TOPCON -Imagenet I-Base TOPCON-Ophtalmic Data System IMAGEnet Series<\/p>\n","protected":false},"author":1,"featured_media":0,"parent":0,"menu_order":0,"comment_status":"closed","ping_status":"closed","template":"","meta":[],"_links":{"self":[{"href":"http:\/\/www.butikmedikal.com\/index.php\/wp-json\/wp\/v2\/pages\/2024"}],"collection":[{"href":"http:\/\/www.butikmedikal.com\/index.php\/wp-json\/wp\/v2\/pages"}],"about":[{"href":"http:\/\/www.butikmedikal.com\/index.php\/wp-json\/wp\/v2\/types\/page"}],"author":[{"embeddable":true,"href":"http:\/\/www.butikmedikal.com\/index.php\/wp-json\/wp\/v2\/users\/1"}],"replies":[{"embeddable":true,"href":"http:\/\/www.butikmedikal.com\/index.php\/wp-json\/wp\/v2\/comments?post=2024"}],"version-history":[{"count":15,"href":"http:\/\/www.butikmedikal.com\/index.php\/wp-json\/wp\/v2\/pages\/2024\/revisions"}],"predecessor-version":[{"id":2587,"href":"http:\/\/www.butikmedikal.com\/index.php\/wp-json\/wp\/v2\/pages\/2024\/revisions\/2587"}],"wp:attachment":[{"href":"http:\/\/www.butikmedikal.com\/index.php\/wp-json\/wp\/v2\/media?parent=2024"}],"curies":[{"name":"wp","href":"https:\/\/api.w.org\/{rel}","templated":true}]}}