{"id":2022,"date":"2020-09-23T11:06:21","date_gmt":"2020-09-23T11:06:21","guid":{"rendered":"http:\/\/www.butikmedikal.com\/?page_id=2022"},"modified":"2020-09-29T10:02:21","modified_gmt":"2020-09-29T10:02:21","slug":"gelismis-teshis","status":"publish","type":"page","link":"http:\/\/www.butikmedikal.com\/index.php\/gelismis-teshis\/","title":{"rendered":"Geli\u015fmi\u015f Te\u015fhis"},"content":{"rendered":"\n<div class=\"wp-block-columns\">\n<div class=\"wp-block-column\">\n<figure class=\"wp-block-image size-large is-resized\"><a href=\"http:\/\/www.butikmedikal.com\/index.php\/gelismis-teshis-topcon-3d-oct-1type-maestro2\/\"><img loading=\"lazy\" src=\"http:\/\/www.butikmedikal.com\/wp-content\/uploads\/2020\/09\/1-7-1024x431.png\" alt=\"\" class=\"wp-image-2108\" width=\"512\" height=\"216\" srcset=\"http:\/\/www.butikmedikal.com\/wp-content\/uploads\/2020\/09\/1-7-1024x431.png 1024w, http:\/\/www.butikmedikal.com\/wp-content\/uploads\/2020\/09\/1-7-300x126.png 300w, http:\/\/www.butikmedikal.com\/wp-content\/uploads\/2020\/09\/1-7-768x323.png 768w, http:\/\/www.butikmedikal.com\/wp-content\/uploads\/2020\/09\/1-7.png 1520w\" sizes=\"(max-width: 512px) 100vw, 512px\" \/><\/a><figcaption>TOPCON<br>Optical Coherence Tomography 3D OCT-1(Type Maestro2)<\/figcaption><\/figure>\n<\/div>\n\n\n\n<div class=\"wp-block-column\">\n<figure class=\"wp-block-image size-large is-resized\"><a href=\"http:\/\/www.butikmedikal.com\/index.php\/gelismis-teshis-topcon-sp-1p\/\"><img loading=\"lazy\" src=\"http:\/\/www.butikmedikal.com\/wp-content\/uploads\/2020\/09\/2-4-1024x431.jpg\" alt=\"\" class=\"wp-image-2109\" width=\"512\" height=\"216\" srcset=\"http:\/\/www.butikmedikal.com\/wp-content\/uploads\/2020\/09\/2-4-1024x431.jpg 1024w, http:\/\/www.butikmedikal.com\/wp-content\/uploads\/2020\/09\/2-4-300x126.jpg 300w, http:\/\/www.butikmedikal.com\/wp-content\/uploads\/2020\/09\/2-4-768x323.jpg 768w, http:\/\/www.butikmedikal.com\/wp-content\/uploads\/2020\/09\/2-4.jpg 1520w\" sizes=\"(max-width: 512px) 100vw, 512px\" \/><\/a><figcaption>TOPCON<br>Specular Microscope SP-1P<\/figcaption><\/figure>\n<\/div>\n<\/div>\n\n\n\n<div class=\"wp-block-columns\">\n<div class=\"wp-block-column\">\n<figure class=\"wp-block-image size-large is-resized\"><a href=\"http:\/\/www.butikmedikal.com\/index.php\/gelismis-teshis-topcon-oct-dri-triton\/\"><img loading=\"lazy\" src=\"http:\/\/www.butikmedikal.com\/wp-content\/uploads\/2020\/09\/3-3-1024x431.jpg\" alt=\"\" class=\"wp-image-2110\" width=\"512\" height=\"216\" srcset=\"http:\/\/www.butikmedikal.com\/wp-content\/uploads\/2020\/09\/3-3-1024x431.jpg 1024w, http:\/\/www.butikmedikal.com\/wp-content\/uploads\/2020\/09\/3-3-300x126.jpg 300w, http:\/\/www.butikmedikal.com\/wp-content\/uploads\/2020\/09\/3-3-768x323.jpg 768w, http:\/\/www.butikmedikal.com\/wp-content\/uploads\/2020\/09\/3-3.jpg 1520w\" sizes=\"(max-width: 512px) 100vw, 512px\" \/><\/a><figcaption>TOPCON<br>Swept Source OCT DRI Triton<\/figcaption><\/figure>\n\n\n\n<p><\/p>\n<\/div>\n\n\n\n<div class=\"wp-block-column\">\n<figure class=\"wp-block-image size-large is-resized\"><a href=\"http:\/\/www.butikmedikal.com\/index.php\/gelismis-teshis-topcon-trc-50dx\/\"><img loading=\"lazy\" src=\"http:\/\/www.butikmedikal.com\/wp-content\/uploads\/2020\/09\/4-2-1024x431.jpg\" alt=\"\" class=\"wp-image-2111\" width=\"512\" height=\"216\" srcset=\"http:\/\/www.butikmedikal.com\/wp-content\/uploads\/2020\/09\/4-2-1024x431.jpg 1024w, http:\/\/www.butikmedikal.com\/wp-content\/uploads\/2020\/09\/4-2-300x126.jpg 300w, http:\/\/www.butikmedikal.com\/wp-content\/uploads\/2020\/09\/4-2-768x323.jpg 768w, http:\/\/www.butikmedikal.com\/wp-content\/uploads\/2020\/09\/4-2.jpg 1520w\" sizes=\"(max-width: 512px) 100vw, 512px\" \/><\/a><figcaption>TOPCON<br>Retinal Camera TRC-50DX<\/figcaption><\/figure>\n<\/div>\n<\/div>\n\n\n\n<div class=\"wp-block-columns\">\n<div class=\"wp-block-column\">\n<div class=\"wp-block-image\"><figure class=\"aligncenter size-large\"><a href=\"http:\/\/www.butikmedikal.com\/index.php\/muayane-topcon-nw8\/\"><img loading=\"lazy\" width=\"1024\" height=\"431\" src=\"http:\/\/www.butikmedikal.com\/wp-content\/uploads\/2020\/09\/nw8.jpg\" alt=\"\" class=\"wp-image-2303\" srcset=\"http:\/\/www.butikmedikal.com\/wp-content\/uploads\/2020\/09\/nw8.jpg 1024w, http:\/\/www.butikmedikal.com\/wp-content\/uploads\/2020\/09\/nw8-300x126.jpg 300w, http:\/\/www.butikmedikal.com\/wp-content\/uploads\/2020\/09\/nw8-768x323.jpg 768w\" sizes=\"(max-width: 1024px) 100vw, 1024px\" \/><\/a><figcaption>TOPCON<br>Non -Myriatic Retinal Camera TRC-NW8 Series<\/figcaption><\/figure><\/div>\n\n\n\n<p><\/p>\n<\/div>\n\n\n\n<div class=\"wp-block-column\">\n<div class=\"wp-block-image\"><figure class=\"aligncenter size-large\"><a href=\"http:\/\/www.butikmedikal.com\/index.php\/gelismis-teshis-topcon-trc-nw400\/\"><img loading=\"lazy\" width=\"1024\" height=\"431\" src=\"http:\/\/www.butikmedikal.com\/wp-content\/uploads\/2020\/09\/nw400.jpg\" alt=\"\" class=\"wp-image-2304\" srcset=\"http:\/\/www.butikmedikal.com\/wp-content\/uploads\/2020\/09\/nw400.jpg 1024w, http:\/\/www.butikmedikal.com\/wp-content\/uploads\/2020\/09\/nw400-300x126.jpg 300w, http:\/\/www.butikmedikal.com\/wp-content\/uploads\/2020\/09\/nw400-768x323.jpg 768w\" sizes=\"(max-width: 1024px) 100vw, 1024px\" \/><\/a><figcaption>TOPCON<br>Non-Mydriatic Retinal Camera TRC-NW400<\/figcaption><\/figure><\/div>\n<\/div>\n<\/div>\n","protected":false},"excerpt":{"rendered":"","protected":false},"author":1,"featured_media":0,"parent":0,"menu_order":0,"comment_status":"closed","ping_status":"closed","template":"","meta":[],"_links":{"self":[{"href":"http:\/\/www.butikmedikal.com\/index.php\/wp-json\/wp\/v2\/pages\/2022"}],"collection":[{"href":"http:\/\/www.butikmedikal.com\/index.php\/wp-json\/wp\/v2\/pages"}],"about":[{"href":"http:\/\/www.butikmedikal.com\/index.php\/wp-json\/wp\/v2\/types\/page"}],"author":[{"embeddable":true,"href":"http:\/\/www.butikmedikal.com\/index.php\/wp-json\/wp\/v2\/users\/1"}],"replies":[{"embeddable":true,"href":"http:\/\/www.butikmedikal.com\/index.php\/wp-json\/wp\/v2\/comments?post=2022"}],"version-history":[{"count":17,"href":"http:\/\/www.butikmedikal.com\/index.php\/wp-json\/wp\/v2\/pages\/2022\/revisions"}],"predecessor-version":[{"id":2578,"href":"http:\/\/www.butikmedikal.com\/index.php\/wp-json\/wp\/v2\/pages\/2022\/revisions\/2578"}],"wp:attachment":[{"href":"http:\/\/www.butikmedikal.com\/index.php\/wp-json\/wp\/v2\/media?parent=2022"}],"curies":[{"name":"wp","href":"https:\/\/api.w.org\/{rel}","templated":true}]}}