{"id":1982,"date":"2020-09-22T13:49:11","date_gmt":"2020-09-22T13:49:11","guid":{"rendered":"http:\/\/www.butikmedikal.com\/?page_id=1982"},"modified":"2020-09-29T09:41:44","modified_gmt":"2020-09-29T09:41:44","slug":"urunler","status":"publish","type":"page","link":"http:\/\/www.butikmedikal.com\/index.php\/urunler\/","title":{"rendered":"\u00dcr\u00fcnler"},"content":{"rendered":"\n<div class=\"wp-block-columns\">\n<div class=\"wp-block-column\">\n<figure class=\"wp-block-image size-large is-resized\"><a href=\"http:\/\/www.butikmedikal.com\/index.php\/on-muayene\/\"><img loading=\"lazy\" src=\"http:\/\/www.butikmedikal.com\/wp-content\/uploads\/2020\/09\/diag_E-1024x589.jpg\" alt=\"\" class=\"wp-image-1993\" width=\"512\" height=\"295\" srcset=\"http:\/\/www.butikmedikal.com\/wp-content\/uploads\/2020\/09\/diag_E-1024x589.jpg 1024w, http:\/\/www.butikmedikal.com\/wp-content\/uploads\/2020\/09\/diag_E-300x173.jpg 300w, http:\/\/www.butikmedikal.com\/wp-content\/uploads\/2020\/09\/diag_E-768x442.jpg 768w, http:\/\/www.butikmedikal.com\/wp-content\/uploads\/2020\/09\/diag_E.jpg 1280w\" sizes=\"(max-width: 512px) 100vw, 512px\" \/><\/a><figcaption>\u00d6N MUAYENE<\/figcaption><\/figure>\n<\/div>\n\n\n\n<div class=\"wp-block-column\">\n<figure class=\"wp-block-image size-large is-resized\"><a href=\"http:\/\/www.butikmedikal.com\/index.php\/muayene\/\"><img loading=\"lazy\" src=\"http:\/\/www.butikmedikal.com\/wp-content\/uploads\/2020\/09\/exam_E-1024x589.jpg\" alt=\"\" class=\"wp-image-1994\" width=\"512\" height=\"295\" srcset=\"http:\/\/www.butikmedikal.com\/wp-content\/uploads\/2020\/09\/exam_E-1024x589.jpg 1024w, http:\/\/www.butikmedikal.com\/wp-content\/uploads\/2020\/09\/exam_E-300x173.jpg 300w, http:\/\/www.butikmedikal.com\/wp-content\/uploads\/2020\/09\/exam_E-768x442.jpg 768w, http:\/\/www.butikmedikal.com\/wp-content\/uploads\/2020\/09\/exam_E.jpg 1280w\" sizes=\"(max-width: 512px) 100vw, 512px\" \/><\/a><figcaption>MUAYANE<\/figcaption><\/figure>\n<\/div>\n<\/div>\n\n\n\n<div class=\"wp-block-columns\">\n<div class=\"wp-block-column\">\n<figure class=\"wp-block-image size-large is-resized\"><a href=\"http:\/\/www.butikmedikal.com\/index.php\/gelismis-teshis\/\"><img loading=\"lazy\" src=\"http:\/\/www.butikmedikal.com\/wp-content\/uploads\/2020\/09\/treat_E-1024x589.jpg\" alt=\"\" class=\"wp-image-1997\" width=\"512\" height=\"295\" srcset=\"http:\/\/www.butikmedikal.com\/wp-content\/uploads\/2020\/09\/treat_E-1024x589.jpg 1024w, http:\/\/www.butikmedikal.com\/wp-content\/uploads\/2020\/09\/treat_E-300x173.jpg 300w, http:\/\/www.butikmedikal.com\/wp-content\/uploads\/2020\/09\/treat_E-768x442.jpg 768w, http:\/\/www.butikmedikal.com\/wp-content\/uploads\/2020\/09\/treat_E.jpg 1280w\" sizes=\"(max-width: 512px) 100vw, 512px\" \/><\/a><figcaption>GEL\u0130\u015eM\u0130\u015e TE\u015eH\u0130S<\/figcaption><\/figure>\n<\/div>\n\n\n\n<div class=\"wp-block-column\">\n<figure class=\"wp-block-image size-large is-resized\"><a href=\"http:\/\/www.butikmedikal.com\/index.php\/goruntu-ve-data-yonetimi\/\"><img loading=\"lazy\" src=\"http:\/\/www.butikmedikal.com\/wp-content\/uploads\/2020\/09\/image_data_E-1024x589.jpg\" alt=\"\" class=\"wp-image-1998\" width=\"512\" height=\"295\" srcset=\"http:\/\/www.butikmedikal.com\/wp-content\/uploads\/2020\/09\/image_data_E-1024x589.jpg 1024w, http:\/\/www.butikmedikal.com\/wp-content\/uploads\/2020\/09\/image_data_E-300x173.jpg 300w, http:\/\/www.butikmedikal.com\/wp-content\/uploads\/2020\/09\/image_data_E-768x442.jpg 768w, http:\/\/www.butikmedikal.com\/wp-content\/uploads\/2020\/09\/image_data_E.jpg 1280w\" sizes=\"(max-width: 512px) 100vw, 512px\" \/><\/a><figcaption>G\u00d6R\u00dcNT\u00dc VE DATA Y\u00d6NRT\u0130M\u0130<\/figcaption><\/figure>\n\n\n\n<p><\/p>\n<\/div>\n<\/div>\n\n\n\n<div class=\"wp-block-columns\">\n<div class=\"wp-block-column\">\n<figure class=\"wp-block-image size-large is-resized\"><a href=\"http:\/\/www.butikmedikal.com\/index.php\/volk-lensler\/\"><img loading=\"lazy\" src=\"http:\/\/www.butikmedikal.com\/wp-content\/uploads\/2020\/09\/diag_E-1-1024x589.jpg\" alt=\"\" class=\"wp-image-2002\" width=\"512\" height=\"295\" srcset=\"http:\/\/www.butikmedikal.com\/wp-content\/uploads\/2020\/09\/diag_E-1-1024x589.jpg 1024w, http:\/\/www.butikmedikal.com\/wp-content\/uploads\/2020\/09\/diag_E-1-300x173.jpg 300w, http:\/\/www.butikmedikal.com\/wp-content\/uploads\/2020\/09\/diag_E-1-768x442.jpg 768w, http:\/\/www.butikmedikal.com\/wp-content\/uploads\/2020\/09\/diag_E-1.jpg 1280w\" sizes=\"(max-width: 512px) 100vw, 512px\" \/><\/a><figcaption>VOLK LENSLER<\/figcaption><\/figure>\n<\/div>\n\n\n\n<div class=\"wp-block-column\">\n<figure class=\"wp-block-image size-large is-resized\"><a href=\"http:\/\/www.butikmedikal.com\/index.php\/oftalmik-lazer\/\"><img loading=\"lazy\" src=\"http:\/\/www.butikmedikal.com\/wp-content\/uploads\/2020\/09\/treat_E-1-1024x589.jpg\" alt=\"\" class=\"wp-image-2003\" width=\"512\" height=\"295\" srcset=\"http:\/\/www.butikmedikal.com\/wp-content\/uploads\/2020\/09\/treat_E-1-1024x589.jpg 1024w, http:\/\/www.butikmedikal.com\/wp-content\/uploads\/2020\/09\/treat_E-1-300x173.jpg 300w, http:\/\/www.butikmedikal.com\/wp-content\/uploads\/2020\/09\/treat_E-1-768x442.jpg 768w, http:\/\/www.butikmedikal.com\/wp-content\/uploads\/2020\/09\/treat_E-1.jpg 1280w\" sizes=\"(max-width: 512px) 100vw, 512px\" \/><\/a><figcaption>OFALTAM\u0130K LAZER<\/figcaption><\/figure>\n<\/div>\n<\/div>\n\n\n\n<p><\/p>\n\n\n\n<div class=\"wp-block-image\"><figure class=\"aligncenter size-large is-resized\"><a href=\"http:\/\/www.butikmedikal.com\/index.php\/cerrahi-grup\/\"><img loading=\"lazy\" src=\"http:\/\/www.butikmedikal.com\/wp-content\/uploads\/2020\/09\/image_data_E-2-1024x589.jpg\" alt=\"\" class=\"wp-image-2016\" width=\"512\" height=\"295\" srcset=\"http:\/\/www.butikmedikal.com\/wp-content\/uploads\/2020\/09\/image_data_E-2-1024x589.jpg 1024w, http:\/\/www.butikmedikal.com\/wp-content\/uploads\/2020\/09\/image_data_E-2-300x173.jpg 300w, http:\/\/www.butikmedikal.com\/wp-content\/uploads\/2020\/09\/image_data_E-2-768x442.jpg 768w, http:\/\/www.butikmedikal.com\/wp-content\/uploads\/2020\/09\/image_data_E-2.jpg 1280w\" sizes=\"(max-width: 512px) 100vw, 512px\" \/><\/a><figcaption>CERRAH\u0130 GRUP<\/figcaption><\/figure><\/div>\n","protected":false},"excerpt":{"rendered":"","protected":false},"author":1,"featured_media":0,"parent":0,"menu_order":0,"comment_status":"closed","ping_status":"closed","template":"","meta":[],"_links":{"self":[{"href":"http:\/\/www.butikmedikal.com\/index.php\/wp-json\/wp\/v2\/pages\/1982"}],"collection":[{"href":"http:\/\/www.butikmedikal.com\/index.php\/wp-json\/wp\/v2\/pages"}],"about":[{"href":"http:\/\/www.butikmedikal.com\/index.php\/wp-json\/wp\/v2\/types\/page"}],"author":[{"embeddable":true,"href":"http:\/\/www.butikmedikal.com\/index.php\/wp-json\/wp\/v2\/users\/1"}],"replies":[{"embeddable":true,"href":"http:\/\/www.butikmedikal.com\/index.php\/wp-json\/wp\/v2\/comments?post=1982"}],"version-history":[{"count":27,"href":"http:\/\/www.butikmedikal.com\/index.php\/wp-json\/wp\/v2\/pages\/1982\/revisions"}],"predecessor-version":[{"id":2566,"href":"http:\/\/www.butikmedikal.com\/index.php\/wp-json\/wp\/v2\/pages\/1982\/revisions\/2566"}],"wp:attachment":[{"href":"http:\/\/www.butikmedikal.com\/index.php\/wp-json\/wp\/v2\/media?parent=1982"}],"curies":[{"name":"wp","href":"https:\/\/api.w.org\/{rel}","templated":true}]}}