{"id":1973,"date":"2020-09-22T13:39:55","date_gmt":"2020-09-22T13:39:55","guid":{"rendered":"http:\/\/www.butikmedikal.com\/?page_id=1973"},"modified":"2020-09-28T09:48:17","modified_gmt":"2020-09-28T09:48:17","slug":"kurumsal","status":"publish","type":"page","link":"http:\/\/www.butikmedikal.com\/index.php\/kurumsal\/","title":{"rendered":"Kurumsal"},"content":{"rendered":"\n<div class=\"wp-block-columns\">\n<div class=\"wp-block-column\">\n<div class=\"wp-block-image\"><figure class=\"aligncenter size-large is-resized\"><img loading=\"lazy\" src=\"http:\/\/www.butikmedikal.com\/wp-content\/uploads\/2020\/09\/misyon.jpg\" alt=\"\" class=\"wp-image-1975\" width=\"530\" height=\"353\" srcset=\"http:\/\/www.butikmedikal.com\/wp-content\/uploads\/2020\/09\/misyon.jpg 380w, http:\/\/www.butikmedikal.com\/wp-content\/uploads\/2020\/09\/misyon-300x200.jpg 300w\" sizes=\"(max-width: 530px) 100vw, 530px\" \/><\/figure><\/div>\n<\/div>\n\n\n\n<div class=\"wp-block-column\">\n<p class=\"has-normal-font-size\">Butik Medikal sa\u011fl\u0131k alan\u0131nda faaliyet g\u00f6stermektedir. G\u00f6z t\u0131bb\u0131nda kullan\u0131lan her t\u00fcr cihaz, protez, sarf malzemesi, vs. \u00fcr\u00fcnlerin tedari\u011fi ve sat\u0131\u015f\u0131 konusunda uzun y\u0131llard\u0131r hizmet vermektedir. Tecr\u00fcbeli ve e\u011fitimli ekibiyle yurt \u00e7ap\u0131nda ihalelere kat\u0131lmaktad\u0131r.<\/p>\n\n\n\n<p class=\"has-normal-font-size\">T\u00fcrkiye\u2019 de oftalmoloji dal\u0131nda hizmet veren bir\u00e7ok kurumda Butik Medikal\u2019 in sat\u0131\u015f\u0131n\u0131 yapt\u0131\u011f\u0131 \u00fcr\u00fcnler kullan\u0131lmaktad\u0131r. &nbsp;&nbsp;<\/p>\n\n\n\n<p class=\"has-normal-font-size\">Ekibimiz sat\u0131\u015f\u0131n\u0131 \u00fcstlendi\u011fi \u00fcr\u00fcnlerin \u00f6ne \u00e7\u0131kan \u00f6zelliklerini g\u00fcncel e\u011fitimlerle peki\u015ftirmekte ve sat\u0131\u015f sonras\u0131 ekiplerde cihazlar\u0131n servisi, bak\u0131m\u0131 ve tamiri i\u00e7in s\u00fcrekli sertifika programlar\u0131na kat\u0131lmaktad\u0131r.<\/p>\n\n\n\n<p class=\"has-normal-font-size\">Vizyonumuz her g\u00fcn daha fazla dijitalle\u015fen sa\u011fl\u0131k alan\u0131nda uzman ekibimizle m\u00fc\u015fterilerimize en h\u0131zl\u0131 ve en uygun hizmeti g\u00fcvenli bir \u015fekilde vermektir.<\/p>\n\n\n\n<p class=\"has-normal-font-size\">Bu \u00e7er\u00e7evede misyonumuz konusunda lider firmalarla \u00e7al\u0131\u015fmak ve onlar\u0131n \u00fcr\u00fcnlerini son kullan\u0131c\u0131larla bulu\u015fturup kusursuz hizmet vermektir.<\/p>\n<\/div>\n<\/div>\n","protected":false},"excerpt":{"rendered":"<p>Butik Medikal sa\u011fl\u0131k alan\u0131nda faaliyet g\u00f6stermektedir. G\u00f6z t\u0131bb\u0131nda kullan\u0131lan her t\u00fcr cihaz, protez, sarf malzemesi, vs. \u00fcr\u00fcnlerin tedari\u011fi ve sat\u0131\u015f\u0131 konusunda uzun y\u0131llard\u0131r hizmet vermektedir. Tecr\u00fcbeli ve e\u011fitimli ekibiyle yurt \u00e7ap\u0131nda ihalelere kat\u0131lmaktad\u0131r. T\u00fcrkiye\u2019 de oftalmoloji dal\u0131nda hizmet veren bir\u00e7ok kurumda Butik Medikal\u2019 in sat\u0131\u015f\u0131n\u0131 yapt\u0131\u011f\u0131 \u00fcr\u00fcnler kullan\u0131lmaktad\u0131r. &nbsp;&nbsp; Ekibimiz sat\u0131\u015f\u0131n\u0131 \u00fcstlendi\u011fi \u00fcr\u00fcnlerin \u00f6ne \u00e7\u0131kan [&hellip;]<\/p>\n","protected":false},"author":1,"featured_media":0,"parent":0,"menu_order":0,"comment_status":"closed","ping_status":"closed","template":"","meta":[],"_links":{"self":[{"href":"http:\/\/www.butikmedikal.com\/index.php\/wp-json\/wp\/v2\/pages\/1973"}],"collection":[{"href":"http:\/\/www.butikmedikal.com\/index.php\/wp-json\/wp\/v2\/pages"}],"about":[{"href":"http:\/\/www.butikmedikal.com\/index.php\/wp-json\/wp\/v2\/types\/page"}],"author":[{"embeddable":true,"href":"http:\/\/www.butikmedikal.com\/index.php\/wp-json\/wp\/v2\/users\/1"}],"replies":[{"embeddable":true,"href":"http:\/\/www.butikmedikal.com\/index.php\/wp-json\/wp\/v2\/comments?post=1973"}],"version-history":[{"count":5,"href":"http:\/\/www.butikmedikal.com\/index.php\/wp-json\/wp\/v2\/pages\/1973\/revisions"}],"predecessor-version":[{"id":1980,"href":"http:\/\/www.butikmedikal.com\/index.php\/wp-json\/wp\/v2\/pages\/1973\/revisions\/1980"}],"wp:attachment":[{"href":"http:\/\/www.butikmedikal.com\/index.php\/wp-json\/wp\/v2\/media?parent=1973"}],"curies":[{"name":"wp","href":"https:\/\/api.w.org\/{rel}","templated":true}]}}