{"id":1880,"date":"2020-09-22T12:07:26","date_gmt":"2020-09-22T12:07:26","guid":{"rendered":"http:\/\/www.butikmedikal.com\/?page_id=1880"},"modified":"2020-09-29T10:01:57","modified_gmt":"2020-09-29T10:01:57","slug":"gelismis-teshis-topcon-trc-50dx","status":"publish","type":"page","link":"http:\/\/www.butikmedikal.com\/index.php\/gelismis-teshis-topcon-trc-50dx\/","title":{"rendered":"Retinal Camera TRC-50DX"},"content":{"rendered":"\n<p class=\"has-medium-font-size\"><strong>A\u00c7IKLAMA<\/strong><\/p>\n\n\n\n<div class=\"wp-block-image\"><figure class=\"aligncenter size-large\"><img loading=\"lazy\" width=\"1024\" height=\"431\" src=\"http:\/\/www.butikmedikal.com\/wp-content\/uploads\/2020\/09\/1-30-1024x431.jpg\" alt=\"\" class=\"wp-image-1958\" srcset=\"http:\/\/www.butikmedikal.com\/wp-content\/uploads\/2020\/09\/1-30-1024x431.jpg 1024w, http:\/\/www.butikmedikal.com\/wp-content\/uploads\/2020\/09\/1-30-300x126.jpg 300w, http:\/\/www.butikmedikal.com\/wp-content\/uploads\/2020\/09\/1-30-768x323.jpg 768w, http:\/\/www.butikmedikal.com\/wp-content\/uploads\/2020\/09\/1-30.jpg 1520w\" sizes=\"(max-width: 1024px) 100vw, 1024px\" \/><\/figure><\/div>\n\n\n\n<p class=\"has-text-align-center has-normal-font-size\"><span class=\"has-inline-color has-black-color\">Tcopcon TRC-50DX Serisi kameralar &nbsp;y\u00fcksek kalitede fundus g\u00f6r\u00fcnt\u00fcs\u00fc sa\u011flamaktad\u0131r. Yeni eklenen fonksiyonlar ile kullan\u0131m\u0131 daha kolay ve daha \u00fcst kalitededir.<\/span><\/p>\n\n\n\n<div class=\"wp-block-image\"><figure class=\"aligncenter size-large\"><img loading=\"lazy\" width=\"1024\" height=\"624\" src=\"http:\/\/www.butikmedikal.com\/wp-content\/uploads\/2020\/09\/1-31-1024x624.jpg\" alt=\"\" class=\"wp-image-1961\" srcset=\"http:\/\/www.butikmedikal.com\/wp-content\/uploads\/2020\/09\/1-31-1024x624.jpg 1024w, http:\/\/www.butikmedikal.com\/wp-content\/uploads\/2020\/09\/1-31-300x183.jpg 300w, http:\/\/www.butikmedikal.com\/wp-content\/uploads\/2020\/09\/1-31-768x468.jpg 768w, http:\/\/www.butikmedikal.com\/wp-content\/uploads\/2020\/09\/1-31-1536x936.jpg 1536w, http:\/\/www.butikmedikal.com\/wp-content\/uploads\/2020\/09\/1-31-2048x1248.jpg 2048w\" sizes=\"(max-width: 1024px) 100vw, 1024px\" \/><\/figure><\/div>\n\n\n\n<p class=\"has-text-align-left has-medium-font-size\"><strong>SPL\u0130T IMAGE FOKUSLAMA<\/strong><\/p>\n\n\n\n<p class=\"has-text-align-left has-normal-font-size\"><span class=\"has-inline-color has-black-color\">Bu \u00f6zellik daha az kullan\u0131m tecr\u00fcbesi olan kullan\u0131c\u0131lar\u0131n bile daha az \u00e7aba ile daha fazla net g\u00f6r\u00fcnt\u00fc elde etmelerini sa\u011flamaktad\u0131r.<\/span><\/p>\n\n\n\n<div class=\"wp-block-image\"><figure class=\"aligncenter size-large\"><img loading=\"lazy\" width=\"700\" height=\"311\" src=\"http:\/\/www.butikmedikal.com\/wp-content\/uploads\/2020\/09\/1-32.jpg\" alt=\"\" class=\"wp-image-1964\" srcset=\"http:\/\/www.butikmedikal.com\/wp-content\/uploads\/2020\/09\/1-32.jpg 700w, http:\/\/www.butikmedikal.com\/wp-content\/uploads\/2020\/09\/1-32-300x133.jpg 300w\" sizes=\"(max-width: 700px) 100vw, 700px\" \/><\/figure><\/div>\n\n\n\n<p class=\"has-medium-font-size\"><strong>FLASH YO\u011eUNLUK KONTROL\u00dc<\/strong><\/p>\n\n\n\n<div class=\"wp-block-columns\">\n<div class=\"wp-block-column\">\n<div class=\"wp-block-image\"><figure class=\"aligncenter size-large is-resized\"><img loading=\"lazy\" src=\"http:\/\/www.butikmedikal.com\/wp-content\/uploads\/2020\/09\/1-3.png\" alt=\"\" class=\"wp-image-1967\" width=\"354\" height=\"372\" srcset=\"http:\/\/www.butikmedikal.com\/wp-content\/uploads\/2020\/09\/1-3.png 472w, http:\/\/www.butikmedikal.com\/wp-content\/uploads\/2020\/09\/1-3-285x300.png 285w\" sizes=\"(max-width: 354px) 100vw, 354px\" \/><\/figure><\/div>\n<\/div>\n\n\n\n<div class=\"wp-block-column\">\n<p class=\"has-normal-font-size\"><span class=\"has-inline-color has-black-color\">Cihazda bulunan 21 kademeden olu\u015fan flash seviyeleri ile hasas kontrol sa\u011flanmakta ve g\u00f6r\u00fcnt\u00fc \u00fczerine en uygun flash seviyesi uygulanabilmektedir. B\u00f6ylelikle en uygun parlakl\u0131k seviyesinde cekim yap\u0131lm\u0131\u015f olur.<\/span><\/p>\n<\/div>\n<\/div>\n\n\n\n<p class=\"has-medium-font-size\"><strong>DOKUNMAT\u0130K EKRAN<\/strong><\/p>\n\n\n\n<div class=\"wp-block-columns\">\n<div class=\"wp-block-column\">\n<p class=\"has-normal-font-size\"><span class=\"has-inline-color has-black-color\">Ekran cihaz\u0131n \u00e7ekim esnas\u0131ndaki t\u00fcm de\u011felerini kullan\u0131c\u0131ya g\u00f6stermek ama\u00e7l\u0131 dizayn edilmi\u015ftir. Kullan\u0131c\u0131 i\u015flem \u00e7ekim esnas\u0131nda hangi flash seviyesinde hangi \u00e7ekim a\u00e7\u0131s\u0131nda oldu\u011funu bu panelden rahatl\u0131kla g\u00f6rebilmektedir.<\/span><\/p>\n<\/div>\n\n\n\n<div class=\"wp-block-column\">\n<figure class=\"wp-block-image size-large is-resized\"><img loading=\"lazy\" src=\"http:\/\/www.butikmedikal.com\/wp-content\/uploads\/2020\/09\/1-4.png\" alt=\"\" class=\"wp-image-1970\" width=\"399\" height=\"425\" srcset=\"http:\/\/www.butikmedikal.com\/wp-content\/uploads\/2020\/09\/1-4.png 399w, http:\/\/www.butikmedikal.com\/wp-content\/uploads\/2020\/09\/1-4-282x300.png 282w\" sizes=\"(max-width: 399px) 100vw, 399px\" \/><\/figure>\n<\/div>\n<\/div>\n","protected":false},"excerpt":{"rendered":"<p>A\u00c7IKLAMA Tcopcon TRC-50DX Serisi kameralar &nbsp;y\u00fcksek kalitede fundus g\u00f6r\u00fcnt\u00fcs\u00fc sa\u011flamaktad\u0131r. Yeni eklenen fonksiyonlar ile kullan\u0131m\u0131 daha kolay ve daha \u00fcst kalitededir. SPL\u0130T IMAGE FOKUSLAMA Bu \u00f6zellik daha az kullan\u0131m tecr\u00fcbesi olan kullan\u0131c\u0131lar\u0131n bile daha az \u00e7aba ile daha fazla net g\u00f6r\u00fcnt\u00fc elde etmelerini sa\u011flamaktad\u0131r. FLASH YO\u011eUNLUK KONTROL\u00dc Cihazda bulunan 21 kademeden olu\u015fan flash seviyeleri ile [&hellip;]<\/p>\n","protected":false},"author":1,"featured_media":0,"parent":0,"menu_order":0,"comment_status":"closed","ping_status":"closed","template":"","meta":[],"_links":{"self":[{"href":"http:\/\/www.butikmedikal.com\/index.php\/wp-json\/wp\/v2\/pages\/1880"}],"collection":[{"href":"http:\/\/www.butikmedikal.com\/index.php\/wp-json\/wp\/v2\/pages"}],"about":[{"href":"http:\/\/www.butikmedikal.com\/index.php\/wp-json\/wp\/v2\/types\/page"}],"author":[{"embeddable":true,"href":"http:\/\/www.butikmedikal.com\/index.php\/wp-json\/wp\/v2\/users\/1"}],"replies":[{"embeddable":true,"href":"http:\/\/www.butikmedikal.com\/index.php\/wp-json\/wp\/v2\/comments?post=1880"}],"version-history":[{"count":17,"href":"http:\/\/www.butikmedikal.com\/index.php\/wp-json\/wp\/v2\/pages\/1880\/revisions"}],"predecessor-version":[{"id":1991,"href":"http:\/\/www.butikmedikal.com\/index.php\/wp-json\/wp\/v2\/pages\/1880\/revisions\/1991"}],"wp:attachment":[{"href":"http:\/\/www.butikmedikal.com\/index.php\/wp-json\/wp\/v2\/media?parent=1880"}],"curies":[{"name":"wp","href":"https:\/\/api.w.org\/{rel}","templated":true}]}}