{"id":1878,"date":"2020-09-22T12:06:57","date_gmt":"2020-09-22T12:06:57","guid":{"rendered":"http:\/\/www.butikmedikal.com\/?page_id=1878"},"modified":"2020-09-29T09:26:31","modified_gmt":"2020-09-29T09:26:31","slug":"gelismis-teshis-topcon-oct-dri-triton","status":"publish","type":"page","link":"http:\/\/www.butikmedikal.com\/index.php\/gelismis-teshis-topcon-oct-dri-triton\/","title":{"rendered":"Swept Source OCT DRI Triton"},"content":{"rendered":"\n<p class=\"has-medium-font-size\"><strong>A\u00c7IKLAMA<\/strong><\/p>\n\n\n\n<div class=\"wp-block-image\"><figure class=\"aligncenter size-large\"><img loading=\"lazy\" width=\"1024\" height=\"431\" src=\"http:\/\/www.butikmedikal.com\/wp-content\/uploads\/2020\/09\/1-47-1024x431.jpg\" alt=\"\" class=\"wp-image-1923\" srcset=\"http:\/\/www.butikmedikal.com\/wp-content\/uploads\/2020\/09\/1-47-1024x431.jpg 1024w, http:\/\/www.butikmedikal.com\/wp-content\/uploads\/2020\/09\/1-47-300x126.jpg 300w, http:\/\/www.butikmedikal.com\/wp-content\/uploads\/2020\/09\/1-47-768x323.jpg 768w, http:\/\/www.butikmedikal.com\/wp-content\/uploads\/2020\/09\/1-47.jpg 1520w\" sizes=\"(max-width: 1024px) 100vw, 1024px\" \/><\/figure><\/div>\n\n\n\n<p class=\"has-medium-font-size\"><strong>G\u00d6R. KE\u015eFET. ARA\u015eTIR.<\/strong><\/p>\n\n\n\n<div class=\"wp-block-columns\">\n<div class=\"wp-block-column\">\n<div class=\"wp-block-image\"><figure class=\"aligncenter size-large\"><img loading=\"lazy\" width=\"856\" height=\"1024\" src=\"http:\/\/www.butikmedikal.com\/wp-content\/uploads\/2020\/09\/1-5.png\" alt=\"\" class=\"wp-image-1926\" srcset=\"http:\/\/www.butikmedikal.com\/wp-content\/uploads\/2020\/09\/1-5.png 856w, http:\/\/www.butikmedikal.com\/wp-content\/uploads\/2020\/09\/1-5-251x300.png 251w, http:\/\/www.butikmedikal.com\/wp-content\/uploads\/2020\/09\/1-5-768x919.png 768w\" sizes=\"(max-width: 856px) 100vw, 856px\" \/><\/figure><\/div>\n<\/div>\n\n\n\n<div class=\"wp-block-column\">\n<p><br>Swept Source OCT\u2018nin Tan\u0131 G\u00fcc\u00fc<br>Deep Range Imaging.<br>Swept source OCT\u2019ye yeni bir boyut kazand\u0131rd\u0131. TOPCON DRI Swept Source OCT\u2019nin kullan\u0131m\u0131 kolay, benzersiz klinik bilgi sa\u011flar ve benim uygulamalar\u0131m\u0131 iyile\u015ftirdi. \u0130lk defa olarak, sadece vitroretinal aray\u00fcz\u00fc de\u011fil ayn\u0131 zamanda, daha da fazla tedavi intra-vitreal enjeksiyon yoluyla uyguland\u0131\u011f\u0131ndan \u00f6nemli hale gelen kortikal vitreusu da in-vivo g\u00f6rselle\u015ftirebilmekteyiz. Daha derin g\u00f6r\u00fcnt\u00fcleme koroid kal\u0131nl\u0131\u011f\u0131n\u0131 da g\u00f6stererek klinik karar al\u0131rken bana yard\u0131mc\u0131 oluyor. Daha fazlas\u0131n\u0131 g\u00f6rmek tedaviyi y\u00f6nlendirmeme yard\u0131mc\u0131 oluyor ve daha etkili \u015fekilde tedavi etmemi sa\u011fl\u0131yor. Bence Swept Source OCT hastal\u0131\u011f\u0131n regresyonu veya ilerlemesini g\u00f6steren biyobelirte\u00e7leri bulmada \u00f6nemli bir ara\u00e7t\u0131r.<br>Prof. P. E. Stanga, Manchester Royal Eye Hospital, Manchester Vision Regeneration (MVR) Lab at NIHR\/ Welcome Trust Manchester CRF &amp; University of Manchester<\/p>\n<\/div>\n<\/div>\n\n\n\n<p class=\"has-medium-font-size\"><strong>OCT G\u00d6R\u00dcNT\u00dcLEME TEKN\u0130\u011e\u0130NDE YEN\u0130 SINIRA HO\u015eGELD\u0130N\u0130Z<\/strong><\/p>\n\n\n\n<div class=\"wp-block-columns\">\n<div class=\"wp-block-column\">\n<p>DRI OCT Triton d\u00fcnyan\u0131n ilk swept source OCT teknolojisini multimodal fundus g\u00f6r\u00fcnt\u00fcleme tekni\u011fi ile bir araya getirdi. Multimodal All-in-One fundus g\u00f6r\u00fcnt\u00fcleme cihaz\u0131 siz ve hastalar\u0131n\u0131z i\u00e7in tan\u0131 kabiliyetini bir sonraki seviyeye \u00e7\u0131kartmaktad\u0131r.<br>E\u015fi Benzeri G\u00f6r\u00fclmemi\u015f G\u00f6r\u00fcnt\u00fc Kalitesi<br>En h\u0131zl\u0131 tarama h\u0131z\u0131 ve daha uzun 1.050 nm dalgaboyu ile Triton swept source, k\u0131sa s\u00fcrede g\u00f6z\u00fcn en derin tabakalar\u0131nda bile \u015fa\u015f\u0131rt\u0131c\u0131 derecede net, detayl\u0131 g\u00f6r\u00fcnt\u00fc sa\u011flamaktad\u0131r. Sadece retina ve vitreusu de\u011fil daha \u00f6nce hi\u00e7 olmad\u0131\u011f\u0131 kadar koroid ve skleray\u0131 da g\u00f6rebileceksiniz.<br>Ola\u011fan\u00fcst\u00fc Tan\u0131 Kabiliyeti<br>Daha derini g\u00f6rmek bir\u00e7ok ok\u00fcler patolojiyi de daha iyi anlamamam\u0131z\u0131 m\u00fcmk\u00fcn k\u0131lar ve hastal\u0131\u011f\u0131n erken te\u015fhisi ve takibi i\u00e7in avantaj sa\u011flar. OCT Angiography ve En-face g\u00f6r\u00fcnt\u00fcleme gibi benzersiz \u00f6zelliklerle birlikte Triton hastan\u0131z\u0131n g\u00f6z sa\u011fl\u0131\u011f\u0131n\u0131 korumada proaktif ad\u0131mlar atman\u0131zda size destek olacakt\u0131r.<br>Daha Fazla Klinik Etkinlik<br>Tek y\u00f6nl\u00fc tarama ile g\u00f6r\u00fcnt\u00fc yakalama ve yeni SMARTTrackTM sistemi i\u00e7eren bol miktarda otomatik ve sezgisel fonksiyon veri toplama, analiz ve takibini basitle\u015ftirerek klini\u011finizdeki i\u015f ak\u0131\u015f\u0131n\u0131 optimize etmek \u00fczere tasarlanm\u0131\u015ft\u0131r.<\/p>\n<\/div>\n\n\n\n<div class=\"wp-block-column\">\n<figure class=\"wp-block-image size-large is-resized\"><img loading=\"lazy\" src=\"http:\/\/www.butikmedikal.com\/wp-content\/uploads\/2020\/09\/1-6.png\" alt=\"\" class=\"wp-image-1928\" width=\"446\" height=\"709\" srcset=\"http:\/\/www.butikmedikal.com\/wp-content\/uploads\/2020\/09\/1-6.png 446w, http:\/\/www.butikmedikal.com\/wp-content\/uploads\/2020\/09\/1-6-189x300.png 189w\" sizes=\"(max-width: 446px) 100vw, 446px\" \/><\/figure>\n<\/div>\n<\/div>\n\n\n\n<p class=\"has-medium-font-size\"><strong>DAHA DER\u0130N\u0130. DAHA FAZLASINI G\u00d6R<\/strong><\/p>\n\n\n\n<div class=\"wp-block-columns\">\n<div class=\"wp-block-column\">\n<p><strong>Proliferatif diyabetik retinopati<\/strong><\/p>\n\n\n\n<div class=\"wp-block-image\"><figure class=\"alignleft size-large\"><img loading=\"lazy\" width=\"649\" height=\"371\" src=\"http:\/\/www.butikmedikal.com\/wp-content\/uploads\/2020\/09\/1-48.jpg\" alt=\"\" class=\"wp-image-1931\" srcset=\"http:\/\/www.butikmedikal.com\/wp-content\/uploads\/2020\/09\/1-48.jpg 649w, http:\/\/www.butikmedikal.com\/wp-content\/uploads\/2020\/09\/1-48-300x171.jpg 300w\" sizes=\"(max-width: 649px) 100vw, 649px\" \/><figcaption>Kaynak: Prof. P. E. Stanga, Manchester Royal Eye Hospital, Manchester Vision Regeneration (MVR) Lab at N IHR\/ Welcome Trust Manchester CRF &amp; University of Manchester<\/figcaption><\/figure><\/div>\n<\/div>\n\n\n\n<div class=\"wp-block-column\">\n<p><strong>Santral ser\u00f6z retinopati<\/strong><\/p>\n\n\n\n<div class=\"wp-block-image\"><figure class=\"alignleft size-large\"><img loading=\"lazy\" width=\"649\" height=\"371\" src=\"http:\/\/www.butikmedikal.com\/wp-content\/uploads\/2020\/09\/2-12.jpg\" alt=\"\" class=\"wp-image-1932\" srcset=\"http:\/\/www.butikmedikal.com\/wp-content\/uploads\/2020\/09\/2-12.jpg 649w, http:\/\/www.butikmedikal.com\/wp-content\/uploads\/2020\/09\/2-12-300x171.jpg 300w\" sizes=\"(max-width: 649px) 100vw, 649px\" \/><figcaption>Kaynak: Prof. P. E. Stanga, Manchester Royal Eye Hospital, Manchester Vision Regeneration (MVR) Lab at N IHR\/ Welcome Trust Manchester CRF &amp; University of Manchester<\/figcaption><\/figure><\/div>\n<\/div>\n<\/div>\n\n\n\n<div class=\"wp-block-columns\">\n<div class=\"wp-block-column\">\n<div class=\"wp-block-image\"><figure class=\"alignleft size-large\"><img loading=\"lazy\" src=\"http:\/\/www.butikmedikal.com\/wp-content\/uploads\/2020\/09\/1-49.jpg\" alt=\"\" class=\"wp-image-1934\" width=\"NaN\" height=\"NaN\" srcset=\"http:\/\/www.butikmedikal.com\/wp-content\/uploads\/2020\/09\/1-49.jpg 652w, http:\/\/www.butikmedikal.com\/wp-content\/uploads\/2020\/09\/1-49-300x98.jpg 300w\" sizes=\"(max-width: 652px) 100vw, 652px\" \/><figcaption>Kaynak: Prof. P. E. Stanga, Manchester Royal Eye Hospital, Manchester Vision Regeneration (MVR) Lab at N IHR\/ Welcome Trust Manchester CRF &amp; University of Manchester<br>* FA foto\u011fraflama ve FAF foto\u011fraflama sadece DRI OCT Triton plus kullan\u0131larak ger\u00e7ekle\u015ftirilebilmektedir..<\/figcaption><\/figure><\/div>\n<\/div>\n\n\n\n<div class=\"wp-block-column\">\n<div class=\"wp-block-image\"><figure class=\"alignleft size-large\"><img loading=\"lazy\" width=\"649\" height=\"211\" src=\"http:\/\/www.butikmedikal.com\/wp-content\/uploads\/2020\/09\/2-13.jpg\" alt=\"\" class=\"wp-image-1935\" srcset=\"http:\/\/www.butikmedikal.com\/wp-content\/uploads\/2020\/09\/2-13.jpg 649w, http:\/\/www.butikmedikal.com\/wp-content\/uploads\/2020\/09\/2-13-300x98.jpg 300w\" sizes=\"(max-width: 649px) 100vw, 649px\" \/><figcaption>Kaynak: Prof. P. E. Stanga, Manchester Royal Eye Hospital, Manchester Vision Regeneration (MVR) Lab at N IHR\/ Welcome Trust Manchester CRF &amp; University of Manchester<br>* FA foto\u011fraflama ve FAF foto\u011fraflama sadece DRI OCT Triton plus kullan\u0131larak ger\u00e7ekle\u015ftirilebilmektedir..<\/figcaption><\/figure><\/div>\n<\/div>\n<\/div>\n\n\n\n<div class=\"wp-block-columns\">\n<div class=\"wp-block-column\">\n<p><strong>Katarakt yoluyla Patolojik Miyopi G\u00f6r\u00fcnt\u00fcs\u00fc<\/strong><\/p>\n\n\n\n<figure class=\"wp-block-image size-large\"><img loading=\"lazy\" width=\"650\" height=\"338\" src=\"http:\/\/www.butikmedikal.com\/wp-content\/uploads\/2020\/09\/1-50-1.jpg\" alt=\"\" class=\"wp-image-1938\" srcset=\"http:\/\/www.butikmedikal.com\/wp-content\/uploads\/2020\/09\/1-50-1.jpg 650w, http:\/\/www.butikmedikal.com\/wp-content\/uploads\/2020\/09\/1-50-1-300x156.jpg 300w\" sizes=\"(max-width: 650px) 100vw, 650px\" \/><\/figure>\n\n\n\n<p>Kaynak: Prof. P. E. Stanga, Manchester Royal Eye Hospital, Manchester Vision Regeneration (MVR) Lab at NIHR\/ Welcome Trust Manchester CRF &amp; University of Manchester<\/p>\n\n\n\n<p class=\"has-medium-font-size\"><strong>Mak\u00fcler pucker<\/strong><\/p>\n<\/div>\n\n\n\n<div class=\"wp-block-column\">\n<p><strong>Kataraktl\u0131 G\u00f6zde Retina G\u00f6r\u00fcnt\u00fcs\u00fc Alabilme<\/strong><\/p>\n\n\n\n<figure class=\"wp-block-image size-large\"><img loading=\"lazy\" width=\"648\" height=\"337\" src=\"http:\/\/www.butikmedikal.com\/wp-content\/uploads\/2020\/09\/2-14.jpg\" alt=\"\" class=\"wp-image-1939\" srcset=\"http:\/\/www.butikmedikal.com\/wp-content\/uploads\/2020\/09\/2-14.jpg 648w, http:\/\/www.butikmedikal.com\/wp-content\/uploads\/2020\/09\/2-14-300x156.jpg 300w\" sizes=\"(max-width: 648px) 100vw, 648px\" \/><\/figure>\n\n\n\n<p class=\"has-text-align-center\">A<\/p>\n<\/div>\n<\/div>\n\n\n\n<div class=\"wp-block-columns\">\n<div class=\"wp-block-column\">\n<p><\/p>\n\n\n\n<div class=\"wp-block-image\"><figure class=\"aligncenter size-large is-resized\"><img loading=\"lazy\" src=\"http:\/\/www.butikmedikal.com\/wp-content\/uploads\/2020\/09\/1-51-1.jpg\" alt=\"\" class=\"wp-image-1943\" width=\"650\" height=\"336\" srcset=\"http:\/\/www.butikmedikal.com\/wp-content\/uploads\/2020\/09\/1-51-1.jpg 650w, http:\/\/www.butikmedikal.com\/wp-content\/uploads\/2020\/09\/1-51-1-300x155.jpg 300w\" sizes=\"(max-width: 650px) 100vw, 650px\" \/><figcaption>       <\/figcaption><\/figure><\/div>\n<\/div>\n\n\n\n<div class=\"wp-block-column\">\n<div class=\"wp-block-image\"><figure class=\"aligncenter size-large\"><img loading=\"lazy\" width=\"648\" height=\"303\" src=\"http:\/\/www.butikmedikal.com\/wp-content\/uploads\/2020\/09\/1-52-1.jpg\" alt=\"\" class=\"wp-image-1944\" srcset=\"http:\/\/www.butikmedikal.com\/wp-content\/uploads\/2020\/09\/1-52-1.jpg 648w, http:\/\/www.butikmedikal.com\/wp-content\/uploads\/2020\/09\/1-52-1-300x140.jpg 300w\" sizes=\"(max-width: 648px) 100vw, 648px\" \/><figcaption>B<\/figcaption><\/figure><\/div>\n<\/div>\n\n\n\n<div class=\"wp-block-column\">\n<div class=\"wp-block-image\"><figure class=\"aligncenter size-large\"><img loading=\"lazy\" width=\"648\" height=\"303\" src=\"http:\/\/www.butikmedikal.com\/wp-content\/uploads\/2020\/09\/1-52-2.jpg\" alt=\"\" class=\"wp-image-1945\" srcset=\"http:\/\/www.butikmedikal.com\/wp-content\/uploads\/2020\/09\/1-52-2.jpg 648w, http:\/\/www.butikmedikal.com\/wp-content\/uploads\/2020\/09\/1-52-2-300x140.jpg 300w\" sizes=\"(max-width: 648px) 100vw, 648px\" \/><figcaption>C<\/figcaption><\/figure><\/div>\n<\/div>\n<\/div>\n\n\n\n<div class=\"wp-block-columns\">\n<div class=\"wp-block-column\">\n<p>Kaynak Prof. P. E. Stanga, Manchester Royal Eye Hospital, Manchester Vision Regeneration (MVR) Lab at NIHR\/ Welcome Trust Manchester CRF &amp; University of Manchester<\/p>\n\n\n\n<p><\/p>\n<\/div>\n\n\n\n<div class=\"wp-block-column\">\n<p>A B C ) Kaynak: Kazuya Yamagishi, MD (Hirakata Yamagishi Eye Clinic, Japan)<\/p>\n<\/div>\n<\/div>\n","protected":false},"excerpt":{"rendered":"<p>A\u00c7IKLAMA G\u00d6R. KE\u015eFET. ARA\u015eTIR. Swept Source OCT\u2018nin Tan\u0131 G\u00fcc\u00fcDeep Range Imaging.Swept source OCT\u2019ye yeni bir boyut kazand\u0131rd\u0131. TOPCON DRI Swept Source OCT\u2019nin kullan\u0131m\u0131 kolay, benzersiz klinik bilgi sa\u011flar ve benim uygulamalar\u0131m\u0131 iyile\u015ftirdi. \u0130lk defa olarak, sadece vitroretinal aray\u00fcz\u00fc de\u011fil ayn\u0131 zamanda, daha da fazla tedavi intra-vitreal enjeksiyon yoluyla uyguland\u0131\u011f\u0131ndan \u00f6nemli hale gelen kortikal vitreusu da [&hellip;]<\/p>\n","protected":false},"author":1,"featured_media":0,"parent":0,"menu_order":0,"comment_status":"closed","ping_status":"closed","template":"","meta":[],"_links":{"self":[{"href":"http:\/\/www.butikmedikal.com\/index.php\/wp-json\/wp\/v2\/pages\/1878"}],"collection":[{"href":"http:\/\/www.butikmedikal.com\/index.php\/wp-json\/wp\/v2\/pages"}],"about":[{"href":"http:\/\/www.butikmedikal.com\/index.php\/wp-json\/wp\/v2\/types\/page"}],"author":[{"embeddable":true,"href":"http:\/\/www.butikmedikal.com\/index.php\/wp-json\/wp\/v2\/users\/1"}],"replies":[{"embeddable":true,"href":"http:\/\/www.butikmedikal.com\/index.php\/wp-json\/wp\/v2\/comments?post=1878"}],"version-history":[{"count":18,"href":"http:\/\/www.butikmedikal.com\/index.php\/wp-json\/wp\/v2\/pages\/1878\/revisions"}],"predecessor-version":[{"id":1956,"href":"http:\/\/www.butikmedikal.com\/index.php\/wp-json\/wp\/v2\/pages\/1878\/revisions\/1956"}],"wp:attachment":[{"href":"http:\/\/www.butikmedikal.com\/index.php\/wp-json\/wp\/v2\/media?parent=1878"}],"curies":[{"name":"wp","href":"https:\/\/api.w.org\/{rel}","templated":true}]}}