{"id":1876,"date":"2020-09-22T12:06:18","date_gmt":"2020-09-22T12:06:18","guid":{"rendered":"http:\/\/www.butikmedikal.com\/?page_id=1876"},"modified":"2020-09-29T09:59:21","modified_gmt":"2020-09-29T09:59:21","slug":"gelismis-teshis-topcon-sp-1p","status":"publish","type":"page","link":"http:\/\/www.butikmedikal.com\/index.php\/gelismis-teshis-topcon-sp-1p\/","title":{"rendered":"Specular Microscope SP-1P"},"content":{"rendered":"\n<p class=\"has-medium-font-size\"><strong>A\u00c7IKLAMA<\/strong><\/p>\n\n\n\n<div class=\"wp-block-image\"><figure class=\"aligncenter size-large\"><img loading=\"lazy\" width=\"1024\" height=\"431\" src=\"http:\/\/www.butikmedikal.com\/wp-content\/uploads\/2020\/09\/1-69-1024x431.jpg\" alt=\"\" class=\"wp-image-1907\" srcset=\"http:\/\/www.butikmedikal.com\/wp-content\/uploads\/2020\/09\/1-69-1024x431.jpg 1024w, http:\/\/www.butikmedikal.com\/wp-content\/uploads\/2020\/09\/1-69-300x126.jpg 300w, http:\/\/www.butikmedikal.com\/wp-content\/uploads\/2020\/09\/1-69-768x323.jpg 768w, http:\/\/www.butikmedikal.com\/wp-content\/uploads\/2020\/09\/1-69.jpg 1520w\" sizes=\"(max-width: 1024px) 100vw, 1024px\" \/><\/figure><\/div>\n\n\n\n<p class=\"has-medium-font-size\"><strong>PANORAMA FOTO\u011eRAF \u00c7EK\u0130M MODU<\/strong><\/p>\n\n\n\n<div class=\"wp-block-columns\">\n<div class=\"wp-block-column\">\n<div class=\"wp-block-image\"><figure class=\"aligncenter size-large\"><img loading=\"lazy\" width=\"459\" height=\"518\" src=\"http:\/\/www.butikmedikal.com\/wp-content\/uploads\/2020\/09\/1-70.jpg\" alt=\"\" class=\"wp-image-1909\" srcset=\"http:\/\/www.butikmedikal.com\/wp-content\/uploads\/2020\/09\/1-70.jpg 459w, http:\/\/www.butikmedikal.com\/wp-content\/uploads\/2020\/09\/1-70-266x300.jpg 266w\" sizes=\"(max-width: 459px) 100vw, 459px\" \/><\/figure><\/div>\n<\/div>\n\n\n\n<div class=\"wp-block-column\">\n<p>Panorama fonksiyonu 3 merkezden, nasaldan ve temporalden 3 adet g\u00f6r\u00fcnt\u00fc \u00e7eker ve bu g\u00f6r\u00fcnt\u00fcleri birle\u015ftirir ve birle\u015ftirilmi\u015f g\u00f6r\u00fcnt\u00fcler \u00fczerinden analiz yapar. Normal \u00e7ekim ve analizlere nazaran daha geni\u015f alanda h\u00fccre analizi yap\u0131lmas\u0131n\u0131 sa\u011flar. Panorama mod hasta endotell h\u00fccrelerinde azalma olmas\u0131 durumunda yap\u0131labilecek en uygun \u00e7ekimdir. Daha iyi analizle daha g\u00fcvenilir sonu\u00e7lar elde edilir.<\/p>\n<\/div>\n<\/div>\n\n\n\n<figure class=\"wp-block-image size-large\"><img loading=\"lazy\" width=\"300\" height=\"172\" src=\"http:\/\/www.butikmedikal.com\/wp-content\/uploads\/2020\/09\/2-20A.jpg\" alt=\"\" class=\"wp-image-1911\"\/><\/figure>\n\n\n\n<p class=\"has-medium-font-size\"><strong>\u0130K\u0130 ADET SE\u00c7\u0130LEB\u0130L\u0130R FOTO\u011eRAF \u00c7EK\u0130M MODU<\/strong><\/p>\n\n\n\n<div class=\"wp-block-columns\">\n<div class=\"wp-block-column\">\n<p><strong>Sequence Course<\/strong><\/p>\n\n\n\n<p>Kullan\u0131c\u0131 Sequence Course ta hasta bilgilerini girer ve girilen bilgiler ve analiz cihaz \u00fczerinde tutulur.<\/p>\n<\/div>\n\n\n\n<div class=\"wp-block-column\">\n<figure class=\"wp-block-image size-large is-resized\"><img loading=\"lazy\" src=\"http:\/\/www.butikmedikal.com\/wp-content\/uploads\/2020\/09\/1-71.jpg\" alt=\"\" class=\"wp-image-1914\" width=\"450\" height=\"267\" srcset=\"http:\/\/www.butikmedikal.com\/wp-content\/uploads\/2020\/09\/1-71.jpg 600w, http:\/\/www.butikmedikal.com\/wp-content\/uploads\/2020\/09\/1-71-300x178.jpg 300w\" sizes=\"(max-width: 450px) 100vw, 450px\" \/><\/figure>\n<\/div>\n<\/div>\n\n\n\n<div class=\"wp-block-columns\">\n<div class=\"wp-block-column\">\n<div class=\"wp-block-image\"><figure class=\"aligncenter size-large\"><img loading=\"lazy\" src=\"http:\/\/www.butikmedikal.com\/wp-content\/uploads\/2020\/09\/1-72.jpg\" alt=\"\" class=\"wp-image-1916\" width=\"NaN\" height=\"NaN\" srcset=\"http:\/\/www.butikmedikal.com\/wp-content\/uploads\/2020\/09\/1-72.jpg 600w, http:\/\/www.butikmedikal.com\/wp-content\/uploads\/2020\/09\/1-72-300x136.jpg 300w\" sizes=\"(max-width: 600px) 100vw, 600px\" \/><\/figure><\/div>\n<\/div>\n\n\n\n<div class=\"wp-block-column\">\n<p><strong>Free Style Course<\/strong><\/p>\n\n\n\n<p>Free Style Course ta kullan\u0131c\u0131 cihaz\u0131 a\u00e7t\u0131\u011f\u0131nda direkt olarak \u00e7ekim yapar ve analiz i\u015flemine ge\u00e7ilir. istenildi\u011finde yaz\u0131c\u0131dan c\u0131kt\u0131 al\u0131n\u0131r. Hasta bilgileri cihaza kay\u0131t edilmez.<\/p>\n<\/div>\n<\/div>\n\n\n\n<p class=\"has-medium-font-size\"><strong>HIZLI VE OTOMAT\u0130K \u00c7EK\u0130M VE ANAL\u0130Z<\/strong><\/p>\n\n\n\n<div class=\"wp-block-columns\">\n<div class=\"wp-block-column\">\n<p>SP-1P basit\u00e7e ekran \u00fczerine t\u0131klanarak \u00e7ekim ve analiz i\u015flemini yapar. T\u00fcm alignment, foto\u011fraflama ve analiz gibi fonksiyonlar otomatiktir.<\/p>\n<\/div>\n\n\n\n<div class=\"wp-block-column\">\n<figure class=\"wp-block-image size-large is-resized\"><img loading=\"lazy\" src=\"http:\/\/www.butikmedikal.com\/wp-content\/uploads\/2020\/09\/1-73.jpg\" alt=\"\" class=\"wp-image-1919\" width=\"450\" height=\"251\" srcset=\"http:\/\/www.butikmedikal.com\/wp-content\/uploads\/2020\/09\/1-73.jpg 600w, http:\/\/www.butikmedikal.com\/wp-content\/uploads\/2020\/09\/1-73-300x168.jpg 300w\" sizes=\"(max-width: 450px) 100vw, 450px\" \/><\/figure>\n<\/div>\n<\/div>\n\n\n\n<p class=\"has-medium-font-size\"><strong>GEN\u0130\u015e KAPSAMLI ANAL\u0130Z PROGRAMI<\/strong><\/p>\n\n\n\n<p>Kornea kal\u0131nl\u0131\u011f\u0131 (CCT), H\u00fccre yo\u011funlu\u011fu (CD), coefficient varyasyonu (CV) ve alt\u0131gen h\u00fccre y\u00fczdesi (HEX) gibi bilgiler ekran g\u00f6r\u00fcnt\u00fclenmektedir. Alttaki overlay tu\u015funa bas\u0131larak Pleomorphism ve Polymegethism bilgileri farkl\u0131 renklerde g\u00f6r\u00fcnt\u00fclenecektir.<\/p>\n\n\n\n<div class=\"wp-block-image\"><figure class=\"aligncenter size-large\"><img loading=\"lazy\" width=\"600\" height=\"347\" src=\"http:\/\/www.butikmedikal.com\/wp-content\/uploads\/2020\/09\/1-74.jpg\" alt=\"\" class=\"wp-image-1921\" srcset=\"http:\/\/www.butikmedikal.com\/wp-content\/uploads\/2020\/09\/1-74.jpg 600w, http:\/\/www.butikmedikal.com\/wp-content\/uploads\/2020\/09\/1-74-300x174.jpg 300w\" sizes=\"(max-width: 600px) 100vw, 600px\" \/><\/figure><\/div>\n","protected":false},"excerpt":{"rendered":"<p>A\u00c7IKLAMA PANORAMA FOTO\u011eRAF \u00c7EK\u0130M MODU Panorama fonksiyonu 3 merkezden, nasaldan ve temporalden 3 adet g\u00f6r\u00fcnt\u00fc \u00e7eker ve bu g\u00f6r\u00fcnt\u00fcleri birle\u015ftirir ve birle\u015ftirilmi\u015f g\u00f6r\u00fcnt\u00fcler \u00fczerinden analiz yapar. Normal \u00e7ekim ve analizlere nazaran daha geni\u015f alanda h\u00fccre analizi yap\u0131lmas\u0131n\u0131 sa\u011flar. Panorama mod hasta endotell h\u00fccrelerinde azalma olmas\u0131 durumunda yap\u0131labilecek en uygun \u00e7ekimdir. Daha iyi analizle daha g\u00fcvenilir [&hellip;]<\/p>\n","protected":false},"author":1,"featured_media":0,"parent":0,"menu_order":0,"comment_status":"closed","ping_status":"closed","template":"","meta":[],"_links":{"self":[{"href":"http:\/\/www.butikmedikal.com\/index.php\/wp-json\/wp\/v2\/pages\/1876"}],"collection":[{"href":"http:\/\/www.butikmedikal.com\/index.php\/wp-json\/wp\/v2\/pages"}],"about":[{"href":"http:\/\/www.butikmedikal.com\/index.php\/wp-json\/wp\/v2\/types\/page"}],"author":[{"embeddable":true,"href":"http:\/\/www.butikmedikal.com\/index.php\/wp-json\/wp\/v2\/users\/1"}],"replies":[{"embeddable":true,"href":"http:\/\/www.butikmedikal.com\/index.php\/wp-json\/wp\/v2\/comments?post=1876"}],"version-history":[{"count":11,"href":"http:\/\/www.butikmedikal.com\/index.php\/wp-json\/wp\/v2\/pages\/1876\/revisions"}],"predecessor-version":[{"id":2574,"href":"http:\/\/www.butikmedikal.com\/index.php\/wp-json\/wp\/v2\/pages\/1876\/revisions\/2574"}],"wp:attachment":[{"href":"http:\/\/www.butikmedikal.com\/index.php\/wp-json\/wp\/v2\/media?parent=1876"}],"curies":[{"name":"wp","href":"https:\/\/api.w.org\/{rel}","templated":true}]}}