{"id":1874,"date":"2020-09-22T12:05:46","date_gmt":"2020-09-22T12:05:46","guid":{"rendered":"http:\/\/www.butikmedikal.com\/?page_id=1874"},"modified":"2020-09-29T09:57:30","modified_gmt":"2020-09-29T09:57:30","slug":"gelismis-teshis-topcon-3d-oct-1type-maestro2","status":"publish","type":"page","link":"http:\/\/www.butikmedikal.com\/index.php\/gelismis-teshis-topcon-3d-oct-1type-maestro2\/","title":{"rendered":"Optical Coherence Tomography 3D OCT-1(Type Maestro2)"},"content":{"rendered":"\n<p class=\"has-medium-font-size\"><strong>A\u00c7IKLAMA<\/strong><\/p>\n\n\n\n<div class=\"wp-block-image\"><figure class=\"aligncenter size-large\"><img loading=\"lazy\" width=\"1024\" height=\"431\" src=\"http:\/\/www.butikmedikal.com\/wp-content\/uploads\/2020\/09\/3DOCT1_Maestro2_E_2-1024x431.png\" alt=\"\" class=\"wp-image-1887\" srcset=\"http:\/\/www.butikmedikal.com\/wp-content\/uploads\/2020\/09\/3DOCT1_Maestro2_E_2-1024x431.png 1024w, http:\/\/www.butikmedikal.com\/wp-content\/uploads\/2020\/09\/3DOCT1_Maestro2_E_2-300x126.png 300w, http:\/\/www.butikmedikal.com\/wp-content\/uploads\/2020\/09\/3DOCT1_Maestro2_E_2-768x323.png 768w, http:\/\/www.butikmedikal.com\/wp-content\/uploads\/2020\/09\/3DOCT1_Maestro2_E_2.png 1520w\" sizes=\"(max-width: 1024px) 100vw, 1024px\" \/><\/figure><\/div>\n\n\n\n<ul><li>Ful otomatik OCT<\/li><li>Zengin analiz ve rapor fanksiyonlar\u0131<\/li><li>Reliable assistance for scanning<\/li><li>Y\u00fcksek kalite, y\u00fcksek \u00e7\u00f6z\u00fcn\u00fcrl\u00fckl\u00fc OCT ve renkli fundus resmi<\/li><li>Kesintisiz a\u011f \u00e7\u00f6z\u00fcm\u00fc<\/li><li>Kompakt ve esnek yerle\u015fim imkan\u0131<\/li><li>OCT Angiography<\/li><\/ul>\n\n\n\n<p class=\"has-medium-font-size\"><strong>FUL OTOMAT\u0130K \u00c7EK\u0130M<\/strong><\/p>\n\n\n\n<p>3D OCT-1 Maestro\u00e7ekim al\u0131m\u0131nda \u00e7ekim butonuna basmaktan ba\u015fka bir \u015feye ihtiya\u00e7 yoktur. Hizalama odaklama optimize etme ve \u00e7ekim otomatik prosed\u00fcrle ger\u00e7ekle\u015ftirilir.\u00c7ekimden sonra rapor hemen g\u00f6r\u00fcnt\u00fclenebilir.<\/p>\n\n\n\n<figure class=\"wp-block-image size-large\"><img loading=\"lazy\" width=\"710\" height=\"257\" src=\"http:\/\/www.butikmedikal.com\/wp-content\/uploads\/2020\/09\/3DOCT-1_Maestro_001_E.jpg\" alt=\"\" class=\"wp-image-1890\" srcset=\"http:\/\/www.butikmedikal.com\/wp-content\/uploads\/2020\/09\/3DOCT-1_Maestro_001_E.jpg 710w, http:\/\/www.butikmedikal.com\/wp-content\/uploads\/2020\/09\/3DOCT-1_Maestro_001_E-300x109.jpg 300w\" sizes=\"(max-width: 710px) 100vw, 710px\" \/><\/figure>\n\n\n\n<p class=\"has-medium-font-size\"><strong>K\u00fc\u00e7\u00fck Pupiller i\u00e7in Kolay \u00c7ekim<\/strong><\/p>\n\n\n\n<p>Retinada yans\u0131mas\u0131 olan canl\u0131 bir projeksiyon g\u00f6r\u00fcnt\u00fcs\u00fc olan OCT-LVF remi,k\u00fc\u00e7\u00fck pupil vakalar\u0131nda bile canl\u0131 Fundus g\u00f6r\u00fcnt\u00fcs\u00fcn\u00fc net bir \u015fekilde g\u00f6sterecektir.Optik sinir ve retina damarlar\u0131 ve tarama pozisyonunu g\u00f6rmek \u00e7ok kolayd\u0131r.<\/p>\n\n\n\n<p class=\"has-medium-font-size\"><strong>OCT \u00c7ekim Modlar\u0131<\/strong><\/p>\n\n\n\n<ul><li><strong>For Macula&nbsp;<\/strong>\u2013 5 Line Cross Scan \u2013 3D Macula Analysis \u2013 Line Scan \u2013 Radial Scan<\/li><li><strong>For Glaucoma<\/strong>&nbsp;\u2013 3D Wide Scan (12mm \u00d7 9mm) \u2013 3D Macula(V) Glaucoma Analysis \u2013 3D Disc Analysis Hood report art\u0131k mevcut. Bu yenilik\u00e7i rapor ile (GCC\/RNFL) yap\u0131s\u0131n\u0131n G\u00f6rme Alan\u0131 testinin kolerasyonu ile karar verme s\u00fcrecini kolayla\u015ft\u0131r\u0131r.<\/li><\/ul>\n\n\n\n<div class=\"wp-block-image\"><figure class=\"aligncenter size-large\"><img loading=\"lazy\" width=\"1024\" height=\"724\" src=\"http:\/\/www.butikmedikal.com\/wp-content\/uploads\/2020\/09\/AA-1024x724.jpg\" alt=\"\" class=\"wp-image-1894\" srcset=\"http:\/\/www.butikmedikal.com\/wp-content\/uploads\/2020\/09\/AA-1024x724.jpg 1024w, http:\/\/www.butikmedikal.com\/wp-content\/uploads\/2020\/09\/AA-300x212.jpg 300w, http:\/\/www.butikmedikal.com\/wp-content\/uploads\/2020\/09\/AA-768x543.jpg 768w, http:\/\/www.butikmedikal.com\/wp-content\/uploads\/2020\/09\/AA.jpg 1286w\" sizes=\"(max-width: 1024px) 100vw, 1024px\" \/><\/figure><\/div>\n\n\n\n<p class=\"has-medium-font-size\"><strong>Follow-up function<\/strong><\/p>\n\n\n\n<p>Yo\u011fun veri datalar\u0131 bulunan 45 derecelik bir \u00e7ekimi ayn\u0131 hastan\u0131n tekrar \u00e7ekiminde ayn\u0131 yerden ve ayn\u0131 a\u00e7\u0131 ile \u00e7ekilmesini sa\u011flar.Bu ama\u00e7 t\u00fcm \u00f6zellikleriyle Maestro2 cihaz\u0131nda uygulanabilmektedir.<\/p>\n\n\n\n<div class=\"wp-block-image\"><figure class=\"aligncenter size-large\"><img loading=\"lazy\" width=\"1024\" height=\"724\" src=\"http:\/\/www.butikmedikal.com\/wp-content\/uploads\/2020\/09\/7-1024x724.jpg\" alt=\"\" class=\"wp-image-1896\" srcset=\"http:\/\/www.butikmedikal.com\/wp-content\/uploads\/2020\/09\/7-1024x724.jpg 1024w, http:\/\/www.butikmedikal.com\/wp-content\/uploads\/2020\/09\/7-300x212.jpg 300w, http:\/\/www.butikmedikal.com\/wp-content\/uploads\/2020\/09\/7-768x543.jpg 768w, http:\/\/www.butikmedikal.com\/wp-content\/uploads\/2020\/09\/7.jpg 1286w\" sizes=\"(max-width: 1024px) 100vw, 1024px\" \/><\/figure><\/div>\n\n\n\n<p class=\"has-medium-font-size\"><strong>Y\u00fcksek kaliteli \/ y\u00fcksek \u00e7\u00f6z\u00fcn\u00fcrl\u00fckl\u00fc OCT ve renkli fundus foto\u011fraf\u0131<\/strong><\/p>\n\n\n\n<p>50.000 A-tarama\/saniye tarama h\u0131z\u0131, her bir katmandaki patoloji formu ve durumunun g\u00f6zlenmesini kolayla\u015ft\u0131ran hassas tarama ve d\u00fczg\u00fcn 3D grafikler olu\u015fturur. Y\u00fcksek kaliteli renkli fundus foto\u011fraf\u0131 temel ve ek bilgi verir. OCT ve renkli fundusun g\u00fcnl\u00fck tan\u0131 i\u00e7in ayr\u0131lmaz bir kombinasyon oldu\u011fu s\u00f6ylenebilir.<\/p>\n\n\n\n<figure class=\"wp-block-image size-large\"><img loading=\"lazy\" width=\"710\" height=\"208\" src=\"http:\/\/www.butikmedikal.com\/wp-content\/uploads\/2020\/09\/3DOCT-1_Maestro_005_E-1.jpg\" alt=\"\" class=\"wp-image-1901\" srcset=\"http:\/\/www.butikmedikal.com\/wp-content\/uploads\/2020\/09\/3DOCT-1_Maestro_005_E-1.jpg 710w, http:\/\/www.butikmedikal.com\/wp-content\/uploads\/2020\/09\/3DOCT-1_Maestro_005_E-1-300x88.jpg 300w\" sizes=\"(max-width: 710px) 100vw, 710px\" \/><\/figure>\n\n\n\n<figure class=\"wp-block-image size-large\"><img loading=\"lazy\" width=\"710\" height=\"264\" src=\"http:\/\/www.butikmedikal.com\/wp-content\/uploads\/2020\/09\/3DOCT-1_Maestro_006_E-1.jpg\" alt=\"\" class=\"wp-image-1902\" srcset=\"http:\/\/www.butikmedikal.com\/wp-content\/uploads\/2020\/09\/3DOCT-1_Maestro_006_E-1.jpg 710w, http:\/\/www.butikmedikal.com\/wp-content\/uploads\/2020\/09\/3DOCT-1_Maestro_006_E-1-300x112.jpg 300w\" sizes=\"(max-width: 710px) 100vw, 710px\" \/><\/figure>\n\n\n\n<p class=\"has-medium-font-size\"><strong>Flexible Rayout<\/strong><\/p>\n\n\n\n<p>Maestro2 esnek dokunmatik panel ile donat\u0131lm\u0131\u015ft\u0131r.Hasta ile yan yana veya arkas\u0131nda \u00e7al\u0131\u015fma imkan\u0131 sa\u011flar.Duvara veya k\u00f6\u015feye yerle\u015ftirilerek uygulama odas\u0131n\u0131 etkin kullanman\u0131z\u0131 sa\u011flar.<\/p>\n\n\n\n<p class=\"has-medium-font-size\"><strong>OCT Angiography<\/strong><\/p>\n\n\n\n<p>OCT Angiogprahy, mikrovesk\u00fcler a\u011f\u0131 g\u00f6rselle\u015ftirmek i\u00e7in yeni ve invazv olmayan g\u00f6r\u00fcnt\u00fcleme tekni\u011fidir. Opsiyonel Anjiyografi mod\u00fcl\u00fc,geleneksel floresan anjiyografi ihtiyac\u0131n\u0131 azaltan mikrovask\u00fcler yap\u0131lar\u0131n invaziv olmayan bir \u015fekilde g\u00f6zlemlenmesini sa\u011flar.<\/p>\n","protected":false},"excerpt":{"rendered":"<p>A\u00c7IKLAMA Ful otomatik OCT Zengin analiz ve rapor fanksiyonlar\u0131 Reliable assistance for scanning Y\u00fcksek kalite, y\u00fcksek \u00e7\u00f6z\u00fcn\u00fcrl\u00fckl\u00fc OCT ve renkli fundus resmi Kesintisiz a\u011f \u00e7\u00f6z\u00fcm\u00fc Kompakt ve esnek yerle\u015fim imkan\u0131 OCT Angiography FUL OTOMAT\u0130K \u00c7EK\u0130M 3D OCT-1 Maestro\u00e7ekim al\u0131m\u0131nda \u00e7ekim butonuna basmaktan ba\u015fka bir \u015feye ihtiya\u00e7 yoktur. Hizalama odaklama optimize etme ve \u00e7ekim otomatik prosed\u00fcrle [&hellip;]<\/p>\n","protected":false},"author":1,"featured_media":0,"parent":0,"menu_order":0,"comment_status":"closed","ping_status":"closed","template":"","meta":[],"_links":{"self":[{"href":"http:\/\/www.butikmedikal.com\/index.php\/wp-json\/wp\/v2\/pages\/1874"}],"collection":[{"href":"http:\/\/www.butikmedikal.com\/index.php\/wp-json\/wp\/v2\/pages"}],"about":[{"href":"http:\/\/www.butikmedikal.com\/index.php\/wp-json\/wp\/v2\/types\/page"}],"author":[{"embeddable":true,"href":"http:\/\/www.butikmedikal.com\/index.php\/wp-json\/wp\/v2\/users\/1"}],"replies":[{"embeddable":true,"href":"http:\/\/www.butikmedikal.com\/index.php\/wp-json\/wp\/v2\/comments?post=1874"}],"version-history":[{"count":14,"href":"http:\/\/www.butikmedikal.com\/index.php\/wp-json\/wp\/v2\/pages\/1874\/revisions"}],"predecessor-version":[{"id":1906,"href":"http:\/\/www.butikmedikal.com\/index.php\/wp-json\/wp\/v2\/pages\/1874\/revisions\/1906"}],"wp:attachment":[{"href":"http:\/\/www.butikmedikal.com\/index.php\/wp-json\/wp\/v2\/media?parent=1874"}],"curies":[{"name":"wp","href":"https:\/\/api.w.org\/{rel}","templated":true}]}}