{"id":1791,"date":"2020-09-22T10:45:07","date_gmt":"2020-09-22T10:45:07","guid":{"rendered":"http:\/\/www.butikmedikal.com\/?page_id=1791"},"modified":"2020-09-29T09:14:48","modified_gmt":"2020-09-29T09:14:48","slug":"muayene-topcon-trk-2p","status":"publish","type":"page","link":"http:\/\/www.butikmedikal.com\/index.php\/muayene-topcon-trk-2p\/","title":{"rendered":"Auto Kerato-Refracto Tonometer TRK-2P"},"content":{"rendered":"\n<p class=\"has-medium-font-size\"><strong>A\u00c7IKLAMA<\/strong><\/p>\n\n\n\n<div class=\"wp-block-image\"><figure class=\"aligncenter size-large\"><img loading=\"lazy\" width=\"1024\" height=\"431\" src=\"http:\/\/www.butikmedikal.com\/wp-content\/uploads\/2020\/09\/1-16-1024x431.jpg\" alt=\"\" class=\"wp-image-1819\" srcset=\"http:\/\/www.butikmedikal.com\/wp-content\/uploads\/2020\/09\/1-16-1024x431.jpg 1024w, http:\/\/www.butikmedikal.com\/wp-content\/uploads\/2020\/09\/1-16-300x126.jpg 300w, http:\/\/www.butikmedikal.com\/wp-content\/uploads\/2020\/09\/1-16-768x323.jpg 768w, http:\/\/www.butikmedikal.com\/wp-content\/uploads\/2020\/09\/1-16.jpg 1520w\" sizes=\"(max-width: 1024px) 100vw, 1024px\" \/><\/figure><\/div>\n\n\n\n<p class=\"has-medium-font-size\"><strong>\u00d6N MUAYENEDE ULTRA KOLAY \u00c7\u00d6Z\u00dcM<\/strong><\/p>\n\n\n\n<p>Bu e\u015fsiz 4\u2019\u00fc 1 arada cihaz, yo\u011fun ve en m\u00fctevaz\u0131 \u00f6n muayene odalar\u0131 i\u00e7in idealdir. TRK-2P yaln\u0131zca daha \u00f6nceki modellerden k\u00fc\u00e7\u00fck olmakla kalmaz, ayn\u0131 zamanda 4 cihaz\u0131n benzersiz bir kombinasyonunun sonucu gereksinimleriniz i\u00e7in yaln\u0131zca bir cihaz yeterlidir. Normal \u015fartlarda kullan\u0131lan Otomatik Refraktometre, Keratometre, Temass\u0131z Tonometre ve Pakimetre \u2018nin kaplad\u0131\u011f\u0131 alan\u0131n yar\u0131s\u0131ndan daha az yer kaplar ve hastan\u0131n bir cihazdan di\u011ferine s\u00fcrekli yer de\u011fi\u015ftirmesinin \u00f6n\u00fcne ge\u00e7erek konfor ve zaman kazand\u0131r\u0131r.<\/p>\n\n\n\n<div class=\"wp-block-image\"><figure class=\"aligncenter size-large\"><img loading=\"lazy\" width=\"600\" height=\"203\" src=\"http:\/\/www.butikmedikal.com\/wp-content\/uploads\/2020\/09\/1-17.jpg\" alt=\"\" class=\"wp-image-1821\" srcset=\"http:\/\/www.butikmedikal.com\/wp-content\/uploads\/2020\/09\/1-17.jpg 600w, http:\/\/www.butikmedikal.com\/wp-content\/uploads\/2020\/09\/1-17-300x102.jpg 300w\" sizes=\"(max-width: 600px) 100vw, 600px\" \/><\/figure><\/div>\n\n\n\n<p class=\"has-medium-font-size\"><strong>FUL OTOMAT\u0130K \u00d6L\u00c7\u00dcM<\/strong><\/p>\n\n\n\n<div class=\"wp-block-columns\">\n<div class=\"wp-block-column\">\n<div class=\"wp-block-image\"><figure class=\"aligncenter size-large\"><img loading=\"lazy\" width=\"700\" height=\"515\" src=\"http:\/\/www.butikmedikal.com\/wp-content\/uploads\/2020\/09\/1-18.jpg\" alt=\"\" class=\"wp-image-1823\" srcset=\"http:\/\/www.butikmedikal.com\/wp-content\/uploads\/2020\/09\/1-18.jpg 700w, http:\/\/www.butikmedikal.com\/wp-content\/uploads\/2020\/09\/1-18-300x221.jpg 300w\" sizes=\"(max-width: 700px) 100vw, 700px\" \/><\/figure><\/div>\n<\/div>\n\n\n\n<div class=\"wp-block-column\">\n<p>TRK-2P tamamen otomatiktir ve her iki g\u00f6z\u00fc de bir oturum da \u00f6l\u00e7\u00fclebilir, de\u011ferli bilgiler do\u011fru ve h\u0131zl\u0131 bir \u015fekilde toplan\u0131r. B\u00f6yle etkili operasyon ve h\u0131zl\u0131 bir muayene hastaya daha az rahats\u0131zl\u0131k verir<\/p>\n<\/div>\n<\/div>\n\n\n\n<p class=\"has-medium-font-size\"><strong>ESNEK VE YERDEN TASARRUF D\u00dcZEN\u0130<\/strong><\/p>\n\n\n\n<div class=\"wp-block-columns\">\n<div class=\"wp-block-column\">\n<p>D\u00f6nen dokunmatik ekran ve kontrol paneli, cihaz\u0131n duvara yaslanmas\u0131n\u0131 sa\u011flar; odan\u0131n k\u00f6\u015fesinde veya klasik \u00f6ne bakan bi\u00e7imde. Kar\u015f\u0131la\u015ft\u0131\u011f\u0131n\u0131z yerden daha fazla oda alan\u0131n\u0131 optimize eder. Operat\u00f6r ayr\u0131ca gerekti\u011finde destek sunmak i\u00e7in hastan\u0131n arkas\u0131nda olmak i\u00e7in esnekli\u011fe sahiptir.<\/p>\n<\/div>\n\n\n\n<div class=\"wp-block-column\">\n<div class=\"wp-block-image\"><figure class=\"aligncenter size-large\"><img loading=\"lazy\" src=\"http:\/\/www.butikmedikal.com\/wp-content\/uploads\/2020\/09\/1-19.jpg\" alt=\"\" class=\"wp-image-1826\" width=\"NaN\" height=\"NaN\" srcset=\"http:\/\/www.butikmedikal.com\/wp-content\/uploads\/2020\/09\/1-19.jpg 600w, http:\/\/www.butikmedikal.com\/wp-content\/uploads\/2020\/09\/1-19-300x103.jpg 300w\" sizes=\"(max-width: 600px) 100vw, 600px\" \/><\/figure><\/div>\n<\/div>\n<\/div>\n\n\n\n<p class=\"has-medium-font-size\"><strong>KULLANIMI KOLAY, 8,5 \u0130N\u00c7 RENKL\u0130 DOKUNMAT\u0130K PANEL MON\u0130T\u00d6R<\/strong><\/p>\n\n\n\n<div class=\"wp-block-columns\">\n<div class=\"wp-block-column\">\n<div class=\"wp-block-image\"><figure class=\"aligncenter size-large\"><img loading=\"lazy\" src=\"http:\/\/www.butikmedikal.com\/wp-content\/uploads\/2020\/09\/2-9.jpg\" alt=\"\" class=\"wp-image-1829\" width=\"NaN\" height=\"NaN\" srcset=\"http:\/\/www.butikmedikal.com\/wp-content\/uploads\/2020\/09\/2-9.jpg 600w, http:\/\/www.butikmedikal.com\/wp-content\/uploads\/2020\/09\/2-9-300x195.jpg 300w\" sizes=\"(max-width: 600px) 100vw, 600px\" \/><\/figure><\/div>\n<\/div>\n\n\n\n<div class=\"wp-block-column\">\n<p><br>B\u00fcy\u00fck monit\u00f6r a\u015fa\u011f\u0131daki \u00f6zellikleri i\u00e7eren bir \u00e7ok fonksiyonla donat\u0131lm\u0131\u015ft\u0131r: manuel hizalama kontrol paneli; manuel \u00e7ekim d\u00fc\u011fmesi; ve \u00f6l\u00e7\u00fcm s\u0131ras\u0131nda canl\u0131 \u00f6n segment g\u00f6r\u00fcnt\u00fcleme kolayl\u0131\u011f\u0131. Her bir \u00f6l\u00e7\u00fcm ekranda g\u00f6r\u00fcn\u00fcr , halka g\u00f6r\u00fcnt\u00fcs\u00fc, pupila \u00e7ap\u0131, sonu\u00e7lar\u0131 ve men\u00fc ayarlar\u0131 i\u00e7in ikonlarla ve uygulamalarla a\u00e7\u0131k\u00e7a g\u00f6r\u00fcnt\u00fclenir ve kullan\u0131m\u0131 son derece kolayd\u0131r.<\/p>\n<\/div>\n<\/div>\n\n\n\n<p class=\"has-medium-font-size\"><strong>DO\u011eRU VE G\u00dcVEN\u0130L\u0130R REFRAKT\u0130F \u00d6L\u00c7\u00dcMLER<\/strong><\/p>\n\n\n\n<div class=\"wp-block-columns\">\n<div class=\"wp-block-column\">\n<p>Topcon\u2019un se\u00e7kin Rotary Prizma (d\u00f6ner prizma)Teknolojisi ile TRK-2P e\u015fsiz do\u011fruluk ve g\u00fcvenirlik sa\u011flar. TRK-2P\u2019ye dahil edilen yenilik\u00e7i optik tasar\u0131m\u0131 sayesinde, \u03c62mm kadar k\u00fc\u00e7\u00fck bir pupila dan do\u011fru ve g\u00fcvenilir \u00f6l\u00e7\u00fcm al\u0131nmas\u0131n\u0131 sa\u011flar.<\/p>\n<\/div>\n\n\n\n<div class=\"wp-block-column\">\n<figure class=\"wp-block-image size-large is-resized\"><img loading=\"lazy\" src=\"http:\/\/www.butikmedikal.com\/wp-content\/uploads\/2020\/09\/1-20.jpg\" alt=\"\" class=\"wp-image-1832\" width=\"385\" height=\"248\" srcset=\"http:\/\/www.butikmedikal.com\/wp-content\/uploads\/2020\/09\/1-20.jpg 385w, http:\/\/www.butikmedikal.com\/wp-content\/uploads\/2020\/09\/1-20-300x193.jpg 300w\" sizes=\"(max-width: 385px) 100vw, 385px\" \/><\/figure>\n<\/div>\n<\/div>\n","protected":false},"excerpt":{"rendered":"<p>A\u00c7IKLAMA \u00d6N MUAYENEDE ULTRA KOLAY \u00c7\u00d6Z\u00dcM Bu e\u015fsiz 4\u2019\u00fc 1 arada cihaz, yo\u011fun ve en m\u00fctevaz\u0131 \u00f6n muayene odalar\u0131 i\u00e7in idealdir. TRK-2P yaln\u0131zca daha \u00f6nceki modellerden k\u00fc\u00e7\u00fck olmakla kalmaz, ayn\u0131 zamanda 4 cihaz\u0131n benzersiz bir kombinasyonunun sonucu gereksinimleriniz i\u00e7in yaln\u0131zca bir cihaz yeterlidir. Normal \u015fartlarda kullan\u0131lan Otomatik Refraktometre, Keratometre, Temass\u0131z Tonometre ve Pakimetre \u2018nin kaplad\u0131\u011f\u0131 [&hellip;]<\/p>\n","protected":false},"author":1,"featured_media":0,"parent":0,"menu_order":0,"comment_status":"closed","ping_status":"closed","template":"","meta":[],"_links":{"self":[{"href":"http:\/\/www.butikmedikal.com\/index.php\/wp-json\/wp\/v2\/pages\/1791"}],"collection":[{"href":"http:\/\/www.butikmedikal.com\/index.php\/wp-json\/wp\/v2\/pages"}],"about":[{"href":"http:\/\/www.butikmedikal.com\/index.php\/wp-json\/wp\/v2\/types\/page"}],"author":[{"embeddable":true,"href":"http:\/\/www.butikmedikal.com\/index.php\/wp-json\/wp\/v2\/users\/1"}],"replies":[{"embeddable":true,"href":"http:\/\/www.butikmedikal.com\/index.php\/wp-json\/wp\/v2\/comments?post=1791"}],"version-history":[{"count":11,"href":"http:\/\/www.butikmedikal.com\/index.php\/wp-json\/wp\/v2\/pages\/1791\/revisions"}],"predecessor-version":[{"id":2555,"href":"http:\/\/www.butikmedikal.com\/index.php\/wp-json\/wp\/v2\/pages\/1791\/revisions\/2555"}],"wp:attachment":[{"href":"http:\/\/www.butikmedikal.com\/index.php\/wp-json\/wp\/v2\/media?parent=1791"}],"curies":[{"name":"wp","href":"https:\/\/api.w.org\/{rel}","templated":true}]}}