{"id":1789,"date":"2020-09-22T10:44:39","date_gmt":"2020-09-22T10:44:39","guid":{"rendered":"http:\/\/www.butikmedikal.com\/?page_id=1789"},"modified":"2020-09-29T09:20:04","modified_gmt":"2020-09-29T09:20:04","slug":"muayene-topcon-ct-800","status":"publish","type":"page","link":"http:\/\/www.butikmedikal.com\/index.php\/muayene-topcon-ct-800\/","title":{"rendered":"Computerized Tonometer CT-800"},"content":{"rendered":"\n<p class=\"has-medium-font-size\"><strong>A\u00c7IKLAMA<\/strong><\/p>\n\n\n\n<div class=\"wp-block-image\"><figure class=\"aligncenter size-large\"><img loading=\"lazy\" width=\"1024\" height=\"431\" src=\"http:\/\/www.butikmedikal.com\/wp-content\/uploads\/2020\/09\/1-21-1024x431.jpg\" alt=\"\" class=\"wp-image-1835\" srcset=\"http:\/\/www.butikmedikal.com\/wp-content\/uploads\/2020\/09\/1-21-1024x431.jpg 1024w, http:\/\/www.butikmedikal.com\/wp-content\/uploads\/2020\/09\/1-21-300x126.jpg 300w, http:\/\/www.butikmedikal.com\/wp-content\/uploads\/2020\/09\/1-21-768x323.jpg 768w, http:\/\/www.butikmedikal.com\/wp-content\/uploads\/2020\/09\/1-21.jpg 1520w\" sizes=\"(max-width: 1024px) 100vw, 1024px\" \/><\/figure><\/div>\n\n\n\n<p><\/p>\n\n\n\n<p class=\"has-medium-font-size\"><strong>D\u00dcZG\u00dcN \u00c7ALI\u015eTIRMA<\/strong><\/p>\n\n\n\n<div class=\"wp-block-columns\">\n<div class=\"wp-block-column\">\n<div class=\"wp-block-image\"><figure class=\"aligncenter size-large\"><img loading=\"lazy\" width=\"600\" height=\"286\" src=\"http:\/\/www.butikmedikal.com\/wp-content\/uploads\/2020\/09\/1-22.jpg\" alt=\"\" class=\"wp-image-1836\" srcset=\"http:\/\/www.butikmedikal.com\/wp-content\/uploads\/2020\/09\/1-22.jpg 600w, http:\/\/www.butikmedikal.com\/wp-content\/uploads\/2020\/09\/1-22-300x143.jpg 300w\" sizes=\"(max-width: 600px) 100vw, 600px\" \/><\/figure><\/div>\n<\/div>\n\n\n\n<div class=\"wp-block-column\">\n<p class=\"has-text-align-left\"><br>Topcon\u2019un yakla\u015f\u0131k% 22 oran\u0131nda bir a\u011f\u0131rl\u0131k azaltmas\u0131 X-Y kontrol kolunu kullan\u0131rken \u00fcnitenin daha p\u00fcr\u00fczs\u00fcz bir \u015fekilde \u00e7al\u0131\u015fmas\u0131na katk\u0131da bulunmu\u015ftur. Yukar\u0131 \/ a\u015fa\u011f\u0131 hareketi de motorize edilmi\u015ftir. Bu, daha ak\u0131\u015fkan \u00f6l\u00e7\u00fcm s\u00fcrecine ve daha kesin bir sonu\u00e7 vermeye katk\u0131da bulunur.<\/p>\n<\/div>\n<\/div>\n\n\n\n<p class=\"has-medium-font-size\"><strong>GEN\u0130\u015e 8.5-\u0130N\u00c7 DOKUNMAT\u0130K KONTROL PANEL\u0130<\/strong><\/p>\n\n\n\n<div class=\"wp-block-columns\">\n<div class=\"wp-block-column\">\n<p>Yeni CT-800, \u00f6l\u00e7\u00fcm i\u015flemi s\u0131ras\u0131nda operat\u00f6re \u00fcnitenin tam kontrol\u00fcn\u00fc sa\u011flayan, okunmas\u0131 kolay simgeler i\u00e7eren geni\u015f 8,5 in\u00e7lik renkli dokunmatik ekran paneli ile donat\u0131lm\u0131\u015ft\u0131r.<\/p>\n<\/div>\n\n\n\n<div class=\"wp-block-column\">\n<div class=\"wp-block-image\"><figure class=\"alignleft size-large\"><img loading=\"lazy\" src=\"http:\/\/www.butikmedikal.com\/wp-content\/uploads\/2020\/09\/1-23.jpg\" alt=\"\" class=\"wp-image-1840\" width=\"NaN\" height=\"NaN\" srcset=\"http:\/\/www.butikmedikal.com\/wp-content\/uploads\/2020\/09\/1-23.jpg 600w, http:\/\/www.butikmedikal.com\/wp-content\/uploads\/2020\/09\/1-23-300x142.jpg 300w\" sizes=\"(max-width: 600px) 100vw, 600px\" \/><\/figure><\/div>\n<\/div>\n<\/div>\n\n\n\n<p class=\"has-medium-font-size\"><strong>YUMU\u015eAK HAVA \u00dcFLEME<\/strong><\/p>\n\n\n\n<p>Yaz\u0131l\u0131m, her g\u00f6z ve her \u00f6l\u00e7\u00fcm i\u00e7in gereken optimum hava miktar\u0131n\u0131 denetler. Yumu\u015fak hava p\u00fcsk\u00fcrtmesi, g\u00f6z \u00fczerinde daha az stres anlam\u0131na gelir, b\u00f6ylece hasta rahat eder.<\/p>\n\n\n\n<p class=\"has-medium-font-size\"><strong>IOL MOD<\/strong><\/p>\n\n\n\n<p>IOL modu, IOL tak\u0131l\u0131 hastalarda rahat \u00f6l\u00e7menizi sa\u011flar.<\/p>\n\n\n\n<p class=\"has-medium-font-size\"><strong>AYARLANMI\u015e TONO DE\u011eER\u0130 <\/strong><\/p>\n\n\n\n<div class=\"wp-block-columns\">\n<div class=\"wp-block-column\">\n<div class=\"wp-block-image\"><figure class=\"aligncenter size-large\"><img loading=\"lazy\" src=\"http:\/\/www.butikmedikal.com\/wp-content\/uploads\/2020\/09\/1-24.jpg\" alt=\"\" class=\"wp-image-1846\" width=\"NaN\" height=\"NaN\" srcset=\"http:\/\/www.butikmedikal.com\/wp-content\/uploads\/2020\/09\/1-24.jpg 600w, http:\/\/www.butikmedikal.com\/wp-content\/uploads\/2020\/09\/1-24-300x141.jpg 300w\" sizes=\"(max-width: 600px) 100vw, 600px\" \/><\/figure><\/div>\n<\/div>\n\n\n\n<div class=\"wp-block-column\">\n<p>CT-800A, ba\u015fka pakimetre cihazlar\u0131dan al\u0131nm\u0131\u015f Kornea kal\u0131nl\u0131k de\u011ferlerini, manual olarak cihaz\u0131n ilgili b\u00f6l\u00fcm\u00fcne girilerek d\u00fczeltilmi\u015f G\u0130B de\u011ferini alman\u0131z\u0131 saglar<\/p>\n<\/div>\n<\/div>\n","protected":false},"excerpt":{"rendered":"<p>A\u00c7IKLAMA D\u00dcZG\u00dcN \u00c7ALI\u015eTIRMA Topcon\u2019un yakla\u015f\u0131k% 22 oran\u0131nda bir a\u011f\u0131rl\u0131k azaltmas\u0131 X-Y kontrol kolunu kullan\u0131rken \u00fcnitenin daha p\u00fcr\u00fczs\u00fcz bir \u015fekilde \u00e7al\u0131\u015fmas\u0131na katk\u0131da bulunmu\u015ftur. Yukar\u0131 \/ a\u015fa\u011f\u0131 hareketi de motorize edilmi\u015ftir. Bu, daha ak\u0131\u015fkan \u00f6l\u00e7\u00fcm s\u00fcrecine ve daha kesin bir sonu\u00e7 vermeye katk\u0131da bulunur. GEN\u0130\u015e 8.5-\u0130N\u00c7 DOKUNMAT\u0130K KONTROL PANEL\u0130 Yeni CT-800, \u00f6l\u00e7\u00fcm i\u015flemi s\u0131ras\u0131nda operat\u00f6re \u00fcnitenin tam [&hellip;]<\/p>\n","protected":false},"author":1,"featured_media":0,"parent":0,"menu_order":0,"comment_status":"closed","ping_status":"closed","template":"","meta":[],"_links":{"self":[{"href":"http:\/\/www.butikmedikal.com\/index.php\/wp-json\/wp\/v2\/pages\/1789"}],"collection":[{"href":"http:\/\/www.butikmedikal.com\/index.php\/wp-json\/wp\/v2\/pages"}],"about":[{"href":"http:\/\/www.butikmedikal.com\/index.php\/wp-json\/wp\/v2\/types\/page"}],"author":[{"embeddable":true,"href":"http:\/\/www.butikmedikal.com\/index.php\/wp-json\/wp\/v2\/users\/1"}],"replies":[{"embeddable":true,"href":"http:\/\/www.butikmedikal.com\/index.php\/wp-json\/wp\/v2\/comments?post=1789"}],"version-history":[{"count":11,"href":"http:\/\/www.butikmedikal.com\/index.php\/wp-json\/wp\/v2\/pages\/1789\/revisions"}],"predecessor-version":[{"id":1848,"href":"http:\/\/www.butikmedikal.com\/index.php\/wp-json\/wp\/v2\/pages\/1789\/revisions\/1848"}],"wp:attachment":[{"href":"http:\/\/www.butikmedikal.com\/index.php\/wp-json\/wp\/v2\/media?parent=1789"}],"curies":[{"name":"wp","href":"https:\/\/api.w.org\/{rel}","templated":true}]}}