{"id":1787,"date":"2020-09-22T10:44:17","date_gmt":"2020-09-22T10:44:17","guid":{"rendered":"http:\/\/www.butikmedikal.com\/?page_id=1787"},"modified":"2020-09-29T13:08:37","modified_gmt":"2020-09-29T13:08:37","slug":"muayene-topcon-wave-front-analyzer-kr-1w","status":"publish","type":"page","link":"http:\/\/www.butikmedikal.com\/index.php\/muayene-topcon-wave-front-analyzer-kr-1w\/","title":{"rendered":"Wave-Front Analyzer KR-1W"},"content":{"rendered":"\n<div class=\"wp-block-image\"><figure class=\"aligncenter size-large is-resized\"><img loading=\"lazy\" src=\"http:\/\/www.butikmedikal.com\/wp-content\/uploads\/2020\/09\/1-121.jpg\" alt=\"\" class=\"wp-image-2685\" width=\"664\" height=\"279\" srcset=\"http:\/\/www.butikmedikal.com\/wp-content\/uploads\/2020\/09\/1-121.jpg 1024w, http:\/\/www.butikmedikal.com\/wp-content\/uploads\/2020\/09\/1-121-600x253.jpg 600w, http:\/\/www.butikmedikal.com\/wp-content\/uploads\/2020\/09\/1-121-768x323.jpg 768w\" sizes=\"(max-width: 664px) 100vw, 664px\" \/><\/figure><\/div>\n\n\n\n<p>IOL SE\u00c7\u0130M\u0130<\/p>\n\n\n\n<div class=\"wp-block-columns\">\n<div class=\"wp-block-column\">\n<figure class=\"wp-block-image size-large\"><img loading=\"lazy\" width=\"700\" height=\"413\" src=\"http:\/\/www.butikmedikal.com\/wp-content\/uploads\/2020\/09\/1-122.jpg\" alt=\"\" class=\"wp-image-2688\" srcset=\"http:\/\/www.butikmedikal.com\/wp-content\/uploads\/2020\/09\/1-122.jpg 700w, http:\/\/www.butikmedikal.com\/wp-content\/uploads\/2020\/09\/1-122-600x354.jpg 600w\" sizes=\"(max-width: 700px) 100vw, 700px\" \/><\/figure>\n<\/div>\n\n\n\n<div class=\"wp-block-column\">\n<p>Bir bak\u0131\u015fta hastan\u0131z i\u00e7in do\u011fru IOL se\u00e7imini yapmada \u00f6nemli fakt\u00f6rler.<\/p>\n\n\n\n<p><strong>Korneal Y\u00fcksek Dereceli Aberasyon Endeksi<\/strong><\/p>\n\n\n\n<p>Bu endeks, bir G\u0130L taraf\u0131ndan d\u00fczeltilemeyen sapmay\u0131 dikkate alarak olas\u0131 g\u00f6rsel sonu\u00e7 hakk\u0131nda bilgi sa\u011flar. Ek tedaviler, \u00f6rn. kontak lens veya korneal y\u00fczey tedavileri, sonucu optimize etmek i\u00e7in gerekli olabilir.<\/p>\n\n\n\n<p><strong>Refraktif Cerrahi Sonras\u0131 Endeksi<\/strong><\/p>\n\n\n\n<p>Bu endeks, kornean\u0131n daha \u00f6nceki y\u00fczey tedavilerinden kaynaklanan korneal d\u00fczensizlikleri hakk\u0131nda bilgi verir. Bu, \u00f6zel dikkat ile standart olmayan form\u00fcllerle G\u0130L\u2019in g\u00fcc\u00fcn\u00fc hesaplama gereklili\u011fini getirebilir.<\/p>\n\n\n\n<p><strong>Korneal Sferik Aberasyon Endeksi<\/strong><\/p>\n\n\n\n<p>Bu endeks, kornean\u0131n asferikli\u011fi hakk\u0131nda \u00e7ok yararl\u0131 bilgiler sa\u011flar. Bu, hastan\u0131n korneas\u0131n\u0131n sferik aberasyonunu telafi etmek i\u00e7in do\u011fru monofokal G\u0130L\u2019i se\u00e7me f\u0131rsat\u0131 verir.<\/p>\n\n\n\n<p><strong>Korneal Astigmat Endeksi<\/strong><\/p>\n\n\n\n<p>Korneal astigmatizman\u0131n bu basit g\u00f6r\u00fcnt\u00fcs\u00fc iki \u00f6nemli karar i\u00e7in bilgi sa\u011flar; a. Torik IOL\u2019de gereken torik d\u00fczeltme miktar\u0131<\/p>\n\n\n\n<p>b. Korneal astigmatizmas\u0131 y\u00fcksek olan hastalar\u0131n multifokal IOL i\u00e7in do\u011fru aday olup olmad\u0131\u011f\u0131<\/p>\n\n\n\n<p><strong>Torik IOL \u0130mplantasyonu Sonras\u0131 Takip<\/strong><\/p>\n\n\n\n<p>\u0130mplantasyondan sonraki sonu\u00e7, art\u0131k g\u00f6z astigmatizmas\u0131n\u0131 kontrol etmek i\u00e7in g\u00f6zden ge\u00e7irilebilir.<\/p>\n<\/div>\n<\/div>\n\n\n\n<p class=\"has-text-align-center\"><strong>PUP\u0130LOMETR\u0130<\/strong><\/p>\n\n\n\n<div class=\"wp-block-image\"><figure class=\"aligncenter size-large is-resized\"><img loading=\"lazy\" src=\"http:\/\/www.butikmedikal.com\/wp-content\/uploads\/2020\/09\/1-123.jpg\" alt=\"\" class=\"wp-image-2690\" width=\"580\" height=\"283\" srcset=\"http:\/\/www.butikmedikal.com\/wp-content\/uploads\/2020\/09\/1-123.jpg 700w, http:\/\/www.butikmedikal.com\/wp-content\/uploads\/2020\/09\/1-123-600x293.jpg 600w\" sizes=\"(max-width: 580px) 100vw, 580px\" \/><\/figure><\/div>\n\n\n\n<p class=\"has-text-align-center\">Multifokal g\u00f6z i\u00e7i lens implantasyonu veya refraktif cerrahi i\u00e7in g\u00f6zleri de\u011ferlendiren tarama uygulamas\u0131.<\/p>\n\n\n\n<div class=\"wp-block-columns\">\n<div class=\"wp-block-column\">\n<figure class=\"wp-block-image size-large is-resized\"><img loading=\"lazy\" src=\"http:\/\/www.butikmedikal.com\/wp-content\/uploads\/2020\/09\/1-124.jpg\" alt=\"\" class=\"wp-image-2693\" width=\"324\" height=\"187\"\/><\/figure>\n<\/div>\n\n\n\n<div class=\"wp-block-column\">\n<p>Ok\u00fcler Toplam Y\u00fcksek Dereceli Aberasyon endeksi ve refraktif veriler fotopik ve skotopik ko\u015fullarda sunulur.<\/p>\n\n\n\n<p><strong>Korneal Refraktif Cerrahi<\/strong><\/p>\n\n\n\n<p>Herhangi bir refraktif prosed\u00fcr i\u00e7in pupili de\u011fi\u015fik \u0131\u015f\u0131k ko\u015fullar\u0131nda \u00e7ok dikkatli bir \u015fekilde te\u015fhis etmek \u00e7ok \u00f6nemlidir. Refraktif cerrahi i\u00e7in de bu ara\u00e7 tedavinizi planlamak i\u00e7in gerekli bilgileri verir.<\/p>\n\n\n\n<p><strong>Dinamik Pupil \u00c7ap\u0131 \u00d6l\u00e7\u00fcm\u00fc ve Pupil Merkezi Belirlenmesi<\/strong><\/p>\n\n\n\n<p>Bu bilgi IOL implantasyonu i\u00e7in \u00e7ok \u00f6nemlidir, \u00e7\u00fcnk\u00fc bireysel g\u00f6z i\u00e7in do\u011fru multifokal IOL tasar\u0131m\u0131n\u0131 se\u00e7me imk\u00e2n\u0131 verir ve ayn\u0131 zamanda, a\u015f\u0131r\u0131 derecede pupil merkezi kaymas\u0131 olan hastalar\u0131 ameliyattan \u00f6nce belirlemenizi sa\u011flar<\/p>\n<\/div>\n<\/div>\n","protected":false},"excerpt":{"rendered":"<p>IOL SE\u00c7\u0130M\u0130 Bir bak\u0131\u015fta hastan\u0131z i\u00e7in do\u011fru IOL se\u00e7imini yapmada \u00f6nemli fakt\u00f6rler. Korneal Y\u00fcksek Dereceli Aberasyon Endeksi Bu endeks, bir G\u0130L taraf\u0131ndan d\u00fczeltilemeyen sapmay\u0131 dikkate alarak olas\u0131 g\u00f6rsel sonu\u00e7 hakk\u0131nda bilgi sa\u011flar. Ek tedaviler, \u00f6rn. kontak lens veya korneal y\u00fczey tedavileri, sonucu optimize etmek i\u00e7in gerekli olabilir. Refraktif Cerrahi Sonras\u0131 Endeksi Bu endeks, kornean\u0131n daha [&hellip;]<\/p>\n","protected":false},"author":1,"featured_media":0,"parent":0,"menu_order":0,"comment_status":"closed","ping_status":"closed","template":"","meta":[],"_links":{"self":[{"href":"http:\/\/www.butikmedikal.com\/index.php\/wp-json\/wp\/v2\/pages\/1787"}],"collection":[{"href":"http:\/\/www.butikmedikal.com\/index.php\/wp-json\/wp\/v2\/pages"}],"about":[{"href":"http:\/\/www.butikmedikal.com\/index.php\/wp-json\/wp\/v2\/types\/page"}],"author":[{"embeddable":true,"href":"http:\/\/www.butikmedikal.com\/index.php\/wp-json\/wp\/v2\/users\/1"}],"replies":[{"embeddable":true,"href":"http:\/\/www.butikmedikal.com\/index.php\/wp-json\/wp\/v2\/comments?post=1787"}],"version-history":[{"count":10,"href":"http:\/\/www.butikmedikal.com\/index.php\/wp-json\/wp\/v2\/pages\/1787\/revisions"}],"predecessor-version":[{"id":2702,"href":"http:\/\/www.butikmedikal.com\/index.php\/wp-json\/wp\/v2\/pages\/1787\/revisions\/2702"}],"wp:attachment":[{"href":"http:\/\/www.butikmedikal.com\/index.php\/wp-json\/wp\/v2\/media?parent=1787"}],"curies":[{"name":"wp","href":"https:\/\/api.w.org\/{rel}","templated":true}]}}