{"id":1785,"date":"2020-09-22T10:43:27","date_gmt":"2020-09-22T10:43:27","guid":{"rendered":"http:\/\/www.butikmedikal.com\/?page_id=1785"},"modified":"2020-09-29T09:44:07","modified_gmt":"2020-09-29T09:44:07","slug":"muayene-topcon-sl-d701","status":"publish","type":"page","link":"http:\/\/www.butikmedikal.com\/index.php\/muayene-topcon-sl-d701\/","title":{"rendered":"Slit Lamp SL-D701"},"content":{"rendered":"\n<p class=\"has-medium-font-size\"><strong>A\u00c7IKLAMA<\/strong><\/p>\n\n\n\n<div class=\"wp-block-image\"><figure class=\"aligncenter size-large\"><img loading=\"lazy\" width=\"1024\" height=\"431\" src=\"http:\/\/www.butikmedikal.com\/wp-content\/uploads\/2020\/09\/sss-1024x431.jpg\" alt=\"\" class=\"wp-image-1804\" srcset=\"http:\/\/www.butikmedikal.com\/wp-content\/uploads\/2020\/09\/sss-1024x431.jpg 1024w, http:\/\/www.butikmedikal.com\/wp-content\/uploads\/2020\/09\/sss-300x126.jpg 300w, http:\/\/www.butikmedikal.com\/wp-content\/uploads\/2020\/09\/sss-768x323.jpg 768w, http:\/\/www.butikmedikal.com\/wp-content\/uploads\/2020\/09\/sss.jpg 1520w\" sizes=\"(max-width: 1024px) 100vw, 1024px\" \/><\/figure><\/div>\n\n\n\n<p class=\"has-medium-font-size\"><strong>LED I\u015eIK KAYNA\u011eI<\/strong><\/p>\n\n\n\n<div class=\"wp-block-columns\">\n<div class=\"wp-block-column\">\n<div class=\"wp-block-image\"><figure class=\"aligncenter size-large\"><img loading=\"lazy\" src=\"http:\/\/www.butikmedikal.com\/wp-content\/uploads\/2020\/09\/1-11.jpg\" alt=\"\" class=\"wp-image-1806\" width=\"NaN\" height=\"NaN\" srcset=\"http:\/\/www.butikmedikal.com\/wp-content\/uploads\/2020\/09\/1-11.jpg 600w, http:\/\/www.butikmedikal.com\/wp-content\/uploads\/2020\/09\/1-11-300x157.jpg 300w\" sizes=\"(max-width: 600px) 100vw, 600px\" \/><\/figure><\/div>\n<\/div>\n\n\n\n<div class=\"wp-block-column\">\n<p>Yeni LED ayd\u0131nlatma kayna\u011f\u0131, geleneksel halojen ampul kaynaklar\u0131ndan daha parlak, daha homojen bir ortamda g\u00f6zlem yap\u0131lmas\u0131na olanak verir. LED spektrumun k\u0131sa dalga boyu, operat\u00f6re \u00f6n kamaradaki parlama ve vitreus gibi ince ayr\u0131nt\u0131lar\u0131 inceleyebilmesini sa\u011flar. I\u015f\u0131k yo\u011funlu\u011funu ayarlarken, renk s\u0131cakl\u0131\u011f\u0131 t\u00fcm optik yol boyunca tutarl\u0131 g\u00f6r\u00fcnt\u00fcleme sonu\u00e7lar\u0131 sa\u011flayacak \u015fekilde stabil kal\u0131r.<\/p>\n\n\n\n<p><strong>LED Ayd\u0131nlatman\u0131n Avantajlar\u0131<\/strong><\/p>\n\n\n\n<ul><li>Daha fazla ayd\u0131nlatma, g\u00f6z yap\u0131lar\u0131n\u0131n g\u00f6zlemini artt\u0131r\u0131r.<\/li><li>LED dalga boyu \u00f6zellikle kullan\u0131m kolayl\u0131g\u0131 saglar<\/li><li>Parlama ve yanma gibi ince detaylar\u0131n g\u00f6rselle\u015ftirilmesi<\/li><li>T\u00fcm yo\u011funluk ayar\u0131 boyunca tutarl\u0131 renk s\u0131cakl\u0131\u011f\u0131<\/li><li>Ampul de\u011fi\u015fiminde \u00f6nemli \u00f6l\u00e7\u00fcde azalma, Enerji ve maliyet tasarrufu<\/li><\/ul>\n<\/div>\n<\/div>\n\n\n\n<p class=\"has-medium-font-size\"><strong>\u0130LAVE F\u0130LTRELER<\/strong><\/p>\n\n\n\n<div class=\"wp-block-columns\">\n<div class=\"wp-block-column\">\n<p><strong>Blue Free FilterTM System<\/strong><\/p>\n\n\n\n<p>Topcon Blue Free Filter g\u00f6zlemi, slit lamba i\u00e7in Exciter filtre ve bariyer filtresi kullan\u0131larak yap\u0131labilir. G\u00f6zya\u015f\u0131 ak\u0131\u015f\u0131 detaylar\u0131 ve yara izleri daha az parlama veya havuz ile a\u00e7\u0131k\u00e7a g\u00f6r\u00fclebilir.<\/p>\n\n\n\n<p>* G\u00f6r\u00fcnt\u00fcler Toru Noda, MD, PhD, oftalmoloji Anabilim Dal\u0131, Tokyo T\u0131p Merkezi taraf\u0131ndan sa\u011flanmaktad\u0131r.<\/p>\n<\/div>\n\n\n\n<div class=\"wp-block-column\">\n<figure class=\"wp-block-image size-large is-resized\"><img loading=\"lazy\" src=\"http:\/\/www.butikmedikal.com\/wp-content\/uploads\/2020\/09\/2-6.jpg\" alt=\"\" class=\"wp-image-1810\" width=\"450\" height=\"323\" srcset=\"http:\/\/www.butikmedikal.com\/wp-content\/uploads\/2020\/09\/2-6.jpg 600w, http:\/\/www.butikmedikal.com\/wp-content\/uploads\/2020\/09\/2-6-300x216.jpg 300w\" sizes=\"(max-width: 450px) 100vw, 450px\" \/><\/figure>\n<\/div>\n<\/div>\n\n\n\n<div class=\"wp-block-columns\">\n<div class=\"wp-block-column\">\n<div class=\"wp-block-image\"><figure class=\"aligncenter size-large\"><img loading=\"lazy\" src=\"http:\/\/www.butikmedikal.com\/wp-content\/uploads\/2020\/09\/3-6.jpg\" alt=\"\" class=\"wp-image-1812\" width=\"NaN\" height=\"NaN\" srcset=\"http:\/\/www.butikmedikal.com\/wp-content\/uploads\/2020\/09\/3-6.jpg 600w, http:\/\/www.butikmedikal.com\/wp-content\/uploads\/2020\/09\/3-6-300x207.jpg 300w\" sizes=\"(max-width: 600px) 100vw, 600px\" \/><\/figure><\/div>\n<\/div>\n\n\n\n<div class=\"wp-block-column\">\n<p class=\"has-text-align-left\"><strong>Amber Filtre<\/strong><\/p>\n\n\n\n<p class=\"has-text-align-left\">Amber filtresini takarak cildin ve g\u00f6z yap\u0131s\u0131n\u0131n daha s\u0131cak, daha iyi bir tonunu elde edebilirsiniz. Bu renk d\u00fczeltme filtresi, \u00f6zellikle slit lamba ile g\u00f6r\u00fcnt\u00fclemede yararl\u0131 olan iyi bir renklendirme tonu \u00fcretir.<\/p>\n<\/div>\n<\/div>\n\n\n\n<p class=\"has-medium-font-size\"><strong>ME\u0130BOM\u0130AN BEZ\u0130 G\u00d6ZLEM\u0130<\/strong><\/p>\n\n\n\n<div class=\"wp-block-columns\">\n<div class=\"wp-block-column\">\n<p>Meibomian bezi g\u00f6zlemi opsiyonel Meibomian bezi g\u00f6zlem sistemi kullan\u0131larak yap\u0131labilir ve dok\u00fcmante edilebilir. DC-4\u2019\u00fcn y\u00fcksek \u00e7\u00f6z\u00fcn\u00fcrl\u00fc\u011f\u00fc nedeniyle gland\u00fcler akinusun ince ayr\u0131nt\u0131s\u0131 ve durumun daha iyi anla\u015f\u0131lmas\u0131 i\u00e7in acinus bezlerinin ince de\u011fi\u015fiklikleri g\u00f6r\u00fclebilir ve foto\u011fraf \u00e7ekilebilir.<\/p>\n\n\n\n<p>* Kombinasyon SL-D701 + DC-4 (Se\u00e7enek) + BG-5 (Se\u00e7enekli)<\/p>\n<\/div>\n\n\n\n<div class=\"wp-block-column\">\n<figure class=\"wp-block-image size-large is-resized\"><img loading=\"lazy\" src=\"http:\/\/www.butikmedikal.com\/wp-content\/uploads\/2020\/09\/4-6.jpg\" alt=\"\" class=\"wp-image-1815\" width=\"450\" height=\"394\" srcset=\"http:\/\/www.butikmedikal.com\/wp-content\/uploads\/2020\/09\/4-6.jpg 600w, http:\/\/www.butikmedikal.com\/wp-content\/uploads\/2020\/09\/4-6-300x263.jpg 300w\" sizes=\"(max-width: 450px) 100vw, 450px\" \/><\/figure>\n<\/div>\n<\/div>\n\n\n\n<p class=\"has-medium-font-size\"><strong>DC-4 D\u0130G\u0130TAL KAMERA<\/strong><\/p>\n\n\n\n<p><strong>Ak\u0131ll\u0131 \u00c7ekim \u0130\u015flevi<\/strong><\/p>\n\n\n\n<p>Joystick &nbsp;\u00fczerindeki teti\u011fe basit\u00e7e bast\u0131\u011f\u0131n\u0131zda, operat\u00f6r h\u0131zl\u0131 bir dizi g\u00f6r\u00fcnt\u00fc elde edebilir ve daha sonradan revizyon ve se\u00e7im i\u00e7in h\u0131zl\u0131 bir \u015fekilde kaydedilir. Smart \u00c7ekim \u00f6zelli\u011fi, (bir&nbsp; bas\u0131\u015fta&nbsp; 10 resim \u00e7ekme)\u00f6zellikle \u00e7ocuklarda ve kooperatifsiz hastalarda ba\u015far\u0131s\u0131z g\u00f6r\u00fcnt\u00fcleri veya bulan\u0131k resimleri en aza indirir.<\/p>\n","protected":false},"excerpt":{"rendered":"<p>A\u00c7IKLAMA LED I\u015eIK KAYNA\u011eI Yeni LED ayd\u0131nlatma kayna\u011f\u0131, geleneksel halojen ampul kaynaklar\u0131ndan daha parlak, daha homojen bir ortamda g\u00f6zlem yap\u0131lmas\u0131na olanak verir. LED spektrumun k\u0131sa dalga boyu, operat\u00f6re \u00f6n kamaradaki parlama ve vitreus gibi ince ayr\u0131nt\u0131lar\u0131 inceleyebilmesini sa\u011flar. I\u015f\u0131k yo\u011funlu\u011funu ayarlarken, renk s\u0131cakl\u0131\u011f\u0131 t\u00fcm optik yol boyunca tutarl\u0131 g\u00f6r\u00fcnt\u00fcleme sonu\u00e7lar\u0131 sa\u011flayacak \u015fekilde stabil kal\u0131r. LED [&hellip;]<\/p>\n","protected":false},"author":1,"featured_media":0,"parent":0,"menu_order":0,"comment_status":"closed","ping_status":"closed","template":"","meta":[],"_links":{"self":[{"href":"http:\/\/www.butikmedikal.com\/index.php\/wp-json\/wp\/v2\/pages\/1785"}],"collection":[{"href":"http:\/\/www.butikmedikal.com\/index.php\/wp-json\/wp\/v2\/pages"}],"about":[{"href":"http:\/\/www.butikmedikal.com\/index.php\/wp-json\/wp\/v2\/types\/page"}],"author":[{"embeddable":true,"href":"http:\/\/www.butikmedikal.com\/index.php\/wp-json\/wp\/v2\/users\/1"}],"replies":[{"embeddable":true,"href":"http:\/\/www.butikmedikal.com\/index.php\/wp-json\/wp\/v2\/comments?post=1785"}],"version-history":[{"count":11,"href":"http:\/\/www.butikmedikal.com\/index.php\/wp-json\/wp\/v2\/pages\/1785\/revisions"}],"predecessor-version":[{"id":1818,"href":"http:\/\/www.butikmedikal.com\/index.php\/wp-json\/wp\/v2\/pages\/1785\/revisions\/1818"}],"wp:attachment":[{"href":"http:\/\/www.butikmedikal.com\/index.php\/wp-json\/wp\/v2\/media?parent=1785"}],"curies":[{"name":"wp","href":"https:\/\/api.w.org\/{rel}","templated":true}]}}