{"id":1783,"date":"2020-09-22T10:43:07","date_gmt":"2020-09-22T10:43:07","guid":{"rendered":"http:\/\/www.butikmedikal.com\/?page_id=1783"},"modified":"2020-09-29T09:20:42","modified_gmt":"2020-09-29T09:20:42","slug":"muayene-topcon-ct-800a","status":"publish","type":"page","link":"http:\/\/www.butikmedikal.com\/index.php\/muayene-topcon-ct-800a\/","title":{"rendered":"Computerized Tonometer CT-800A"},"content":{"rendered":"\n<p class=\"has-medium-font-size\"><strong>A\u00c7IKLAMA<\/strong><\/p>\n\n\n\n<div class=\"wp-block-image\"><figure class=\"aligncenter size-large\"><img loading=\"lazy\" width=\"1024\" height=\"431\" src=\"http:\/\/www.butikmedikal.com\/wp-content\/uploads\/2020\/09\/1-25-1024x431.jpg\" alt=\"\" class=\"wp-image-1849\" srcset=\"http:\/\/www.butikmedikal.com\/wp-content\/uploads\/2020\/09\/1-25-1024x431.jpg 1024w, http:\/\/www.butikmedikal.com\/wp-content\/uploads\/2020\/09\/1-25-300x126.jpg 300w, http:\/\/www.butikmedikal.com\/wp-content\/uploads\/2020\/09\/1-25-768x323.jpg 768w, http:\/\/www.butikmedikal.com\/wp-content\/uploads\/2020\/09\/1-25.jpg 1520w\" sizes=\"(max-width: 1024px) 100vw, 1024px\" \/><\/figure><\/div>\n\n\n\n<p class=\"has-normal-font-size\"><strong>3D OTOMAT\u0130K H\u0130ZALAMA \u0130\u015eLEV\u0130, HASTA \u0130LE UYGUN H\u0130ZALAMA SA\u011eLAR<\/strong><\/p>\n\n\n\n<p>3D Otomatik Hizalama \u00f6zelli\u011fi, k\u00fc\u00e7\u00fck g\u00f6z hareketleri s\u0131ras\u0131nda bile XYZ hizalamas\u0131n\u0131 korur ve tutarl\u0131 ve tekrarlanabilir \u00f6l\u00e7\u00fcmler sa\u011flar * Bir operat\u00f6r, ba\u015flang\u0131\u00e7 hizalamas\u0131 i\u00e7in monit\u00f6rdeki hizalama k\u0131lavuzlu\u011funu izler ve ard\u0131ndan hizalama ve \u00f6l\u00e7\u00fcm otomatik olarak ba\u015flar. 3D Otomatik Hizalama i\u015flevi kolay \u00e7al\u0131\u015fmay\u0131 destekler.<br>* Zay\u0131f sabitlemeli hastalar i\u00e7in manuel hizalama gerekebilir.<\/p>\n\n\n\n<div class=\"wp-block-image\"><figure class=\"aligncenter size-large\"><img loading=\"lazy\" width=\"514\" height=\"638\" src=\"http:\/\/www.butikmedikal.com\/wp-content\/uploads\/2020\/09\/1.png\" alt=\"\" class=\"wp-image-1853\" srcset=\"http:\/\/www.butikmedikal.com\/wp-content\/uploads\/2020\/09\/1.png 514w, http:\/\/www.butikmedikal.com\/wp-content\/uploads\/2020\/09\/1-242x300.png 242w\" sizes=\"(max-width: 514px) 100vw, 514px\" \/><\/figure><\/div>\n\n\n\n<p class=\"has-medium-font-size\"><strong>GEN\u0130\u015e 8.5-\u0130N\u00c7 DOKUNMAT\u0130K KONTROL PANEL\u0130<\/strong><\/p>\n\n\n\n<div class=\"wp-block-columns\">\n<div class=\"wp-block-column\">\n<p>Yeni CT-800A, kullan\u0131c\u0131ya \u00f6l\u00e7me s\u0131ras\u0131nda \u00fcniteyi tam kontrol edebilmesi i\u00e7in okunmas\u0131 kolay simgeler i\u00e7eren geni\u015f bir 8,5 in\u00e7 renkli dokunmatik ekran paneli ile donat\u0131lm\u0131\u015ft\u0131r<\/p>\n<\/div>\n\n\n\n<div class=\"wp-block-column\">\n<figure class=\"wp-block-image size-large is-resized\"><img loading=\"lazy\" src=\"http:\/\/www.butikmedikal.com\/wp-content\/uploads\/2020\/09\/1-26.jpg\" alt=\"\" class=\"wp-image-1856\" width=\"450\" height=\"213\" srcset=\"http:\/\/www.butikmedikal.com\/wp-content\/uploads\/2020\/09\/1-26.jpg 600w, http:\/\/www.butikmedikal.com\/wp-content\/uploads\/2020\/09\/1-26-300x142.jpg 300w\" sizes=\"(max-width: 450px) 100vw, 450px\" \/><\/figure>\n<\/div>\n<\/div>\n\n\n\n<p class=\"has-medium-font-size\"><strong>YUMU\u015eAK HAVA PUFFU<\/strong><\/p>\n\n\n\n<p>Yaz\u0131l\u0131m, her g\u00f6z i\u00e7in her \u00f6l\u00e7\u00fcm i\u00e7in gereken optimum hava miktar\u0131n\u0131 kontrol eder. Yumu\u015fak hava p\u00fcsk\u00fcrtmesi, g\u00f6z \u00fczerinde daha az stres anlam\u0131na gelir, b\u00f6ylece hastan\u0131n deneyimi de artar.<\/p>\n\n\n\n<p class=\"has-medium-font-size\"><strong>IOL MOD<\/strong><\/p>\n\n\n\n<p>IOL modu, g\u00f6zlerinde IOL &nbsp;olan hastalarda &nbsp;G\u0130B \u00f6l\u00e7mek i\u00e7in geli\u015ftirilmi\u015ftir.<\/p>\n\n\n\n<p class=\"has-medium-font-size\"><strong>AYARLANMI\u015e TONO DE\u011eER\u0130 <\/strong><\/p>\n\n\n\n<div class=\"wp-block-columns\">\n<div class=\"wp-block-column\">\n<div class=\"wp-block-image\"><figure class=\"aligncenter size-large\"><img loading=\"lazy\" src=\"http:\/\/www.butikmedikal.com\/wp-content\/uploads\/2020\/09\/1-27.jpg\" alt=\"\" class=\"wp-image-1864\" width=\"NaN\" height=\"NaN\" srcset=\"http:\/\/www.butikmedikal.com\/wp-content\/uploads\/2020\/09\/1-27.jpg 600w, http:\/\/www.butikmedikal.com\/wp-content\/uploads\/2020\/09\/1-27-300x141.jpg 300w\" sizes=\"(max-width: 600px) 100vw, 600px\" \/><\/figure><\/div>\n<\/div>\n\n\n\n<div class=\"wp-block-column\">\n<p>CT-800A, ba\u015fka pakimetre cihazlar\u0131dan al\u0131nm\u0131\u015f Kornea kal\u0131nl\u0131k de\u011ferlerini, manual olarak cihaz\u0131n ilgili b\u00f6l\u00fcm\u00fcne girilerek d\u00fczeltilmi\u015f G\u0130B de\u011ferini alman\u0131z\u0131 saglar<br>* Ayarlanan Tono De\u011feri referans de\u011feridir<\/p>\n<\/div>\n<\/div>\n\n\n\n<p class=\"has-medium-font-size\"><strong>KOLAY TAK\u0130P ED\u0130LEB\u0130L\u0130R REHBERL\u0130K<\/strong><\/p>\n\n\n\n<div class=\"wp-block-columns\">\n<div class=\"wp-block-column\">\n<p>Cihaz\u0131 konumland\u0131rmak i\u00e7in ba\u015flang\u0131\u00e7 hizalama k\u0131lavuzlu\u011funu izleyin, ard\u0131ndan Otomatik Hizalama ve \u00f6l\u00e7\u00fcm \u00f6zelli\u011fi devral\u0131r.<\/p>\n<\/div>\n\n\n\n<div class=\"wp-block-column\">\n<figure class=\"wp-block-image size-large is-resized\"><img loading=\"lazy\" src=\"http:\/\/www.butikmedikal.com\/wp-content\/uploads\/2020\/09\/1-1.png\" alt=\"\" class=\"wp-image-1867\" width=\"361\" height=\"257\"\/><\/figure>\n<\/div>\n<\/div>\n\n\n\n<p class=\"has-medium-font-size\"><strong>PR\u0130NT \u00c7IKTISI \u00d6RNE\u011e\u0130<\/strong><\/p>\n\n\n\n<figure class=\"wp-block-image size-large\"><img loading=\"lazy\" width=\"242\" height=\"238\" src=\"http:\/\/www.butikmedikal.com\/wp-content\/uploads\/2020\/09\/1-2.png\" alt=\"\" class=\"wp-image-1870\"\/><\/figure>\n","protected":false},"excerpt":{"rendered":"<p>A\u00c7IKLAMA 3D OTOMAT\u0130K H\u0130ZALAMA \u0130\u015eLEV\u0130, HASTA \u0130LE UYGUN H\u0130ZALAMA SA\u011eLAR 3D Otomatik Hizalama \u00f6zelli\u011fi, k\u00fc\u00e7\u00fck g\u00f6z hareketleri s\u0131ras\u0131nda bile XYZ hizalamas\u0131n\u0131 korur ve tutarl\u0131 ve tekrarlanabilir \u00f6l\u00e7\u00fcmler sa\u011flar * Bir operat\u00f6r, ba\u015flang\u0131\u00e7 hizalamas\u0131 i\u00e7in monit\u00f6rdeki hizalama k\u0131lavuzlu\u011funu izler ve ard\u0131ndan hizalama ve \u00f6l\u00e7\u00fcm otomatik olarak ba\u015flar. 3D Otomatik Hizalama i\u015flevi kolay \u00e7al\u0131\u015fmay\u0131 destekler.* Zay\u0131f sabitlemeli [&hellip;]<\/p>\n","protected":false},"author":1,"featured_media":0,"parent":0,"menu_order":0,"comment_status":"closed","ping_status":"closed","template":"","meta":[],"_links":{"self":[{"href":"http:\/\/www.butikmedikal.com\/index.php\/wp-json\/wp\/v2\/pages\/1783"}],"collection":[{"href":"http:\/\/www.butikmedikal.com\/index.php\/wp-json\/wp\/v2\/pages"}],"about":[{"href":"http:\/\/www.butikmedikal.com\/index.php\/wp-json\/wp\/v2\/types\/page"}],"author":[{"embeddable":true,"href":"http:\/\/www.butikmedikal.com\/index.php\/wp-json\/wp\/v2\/users\/1"}],"replies":[{"embeddable":true,"href":"http:\/\/www.butikmedikal.com\/index.php\/wp-json\/wp\/v2\/comments?post=1783"}],"version-history":[{"count":20,"href":"http:\/\/www.butikmedikal.com\/index.php\/wp-json\/wp\/v2\/pages\/1783\/revisions"}],"predecessor-version":[{"id":1873,"href":"http:\/\/www.butikmedikal.com\/index.php\/wp-json\/wp\/v2\/pages\/1783\/revisions\/1873"}],"wp:attachment":[{"href":"http:\/\/www.butikmedikal.com\/index.php\/wp-json\/wp\/v2\/media?parent=1783"}],"curies":[{"name":"wp","href":"https:\/\/api.w.org\/{rel}","templated":true}]}}