{"id":1676,"date":"2020-09-22T09:03:46","date_gmt":"2020-09-22T09:03:46","guid":{"rendered":"http:\/\/www.butikmedikal.com\/?page_id=1676"},"modified":"2020-09-29T09:52:19","modified_gmt":"2020-09-29T09:52:19","slug":"gelismis-teshis-topcon-trc-nw400","status":"publish","type":"page","link":"http:\/\/www.butikmedikal.com\/index.php\/gelismis-teshis-topcon-trc-nw400\/","title":{"rendered":"Non-Mydriatic Retinal Camera TRC-NW400"},"content":{"rendered":"\n<p class=\"has-medium-font-size\"><strong>A\u00c7IKLAMA<\/strong><\/p>\n\n\n\n<div class=\"wp-block-image\"><figure class=\"aligncenter size-large\"><img loading=\"lazy\" width=\"1024\" height=\"431\" src=\"http:\/\/www.butikmedikal.com\/wp-content\/uploads\/2020\/09\/1-34-1024x431.jpg\" alt=\"\" class=\"wp-image-1754\" srcset=\"http:\/\/www.butikmedikal.com\/wp-content\/uploads\/2020\/09\/1-34-1024x431.jpg 1024w, http:\/\/www.butikmedikal.com\/wp-content\/uploads\/2020\/09\/1-34-300x126.jpg 300w, http:\/\/www.butikmedikal.com\/wp-content\/uploads\/2020\/09\/1-34-768x323.jpg 768w, http:\/\/www.butikmedikal.com\/wp-content\/uploads\/2020\/09\/1-34.jpg 1520w\" sizes=\"(max-width: 1024px) 100vw, 1024px\" \/><\/figure><\/div>\n\n\n\n<p class=\"has-medium-font-size\"><strong>TAM OTOMAT\u0130K MOD<\/strong><\/p>\n\n\n\n<div class=\"wp-block-image\"><figure class=\"aligncenter size-large\"><img loading=\"lazy\" width=\"1024\" height=\"237\" src=\"http:\/\/www.butikmedikal.com\/wp-content\/uploads\/2020\/09\/1-35.jpg\" alt=\"\" class=\"wp-image-1757\" srcset=\"http:\/\/www.butikmedikal.com\/wp-content\/uploads\/2020\/09\/1-35.jpg 1024w, http:\/\/www.butikmedikal.com\/wp-content\/uploads\/2020\/09\/1-35-300x69.jpg 300w, http:\/\/www.butikmedikal.com\/wp-content\/uploads\/2020\/09\/1-35-768x178.jpg 768w\" sizes=\"(max-width: 1024px) 100vw, 1024px\" \/><\/figure><\/div>\n\n\n\n<p class=\"has-normal-font-size\"><strong>YERDEN TASARRUF<\/strong><\/p>\n\n\n\n<p>TRC-NW400, cihaz\u0131n neredeyse her a\u00e7\u0131dan \u00e7al\u0131\u015fmas\u0131n\u0131 sa\u011flayan, d\u00f6nen bir dokunmatik panel monit\u00f6r i\u00e7erir. Bu \u00f6zellik oparat\u00f6r\u00fcn, hastan\u0131n her iki taraf\u0131nda ya da arkas\u0131nda olmas\u0131n\u0131 sa\u011flar, b\u00f6ylece yerden tasarruf sa\u011flar. TRC-NW400, bir duvara veya bir k\u00f6\u015feye yerle\u015ftirildi\u011finde rahat\u00e7a kullan\u0131labilir.<\/p>\n\n\n\n<div class=\"wp-block-image\"><figure class=\"aligncenter size-large\"><img loading=\"lazy\" width=\"600\" height=\"179\" src=\"http:\/\/www.butikmedikal.com\/wp-content\/uploads\/2020\/09\/1-36.jpg\" alt=\"\" class=\"wp-image-1760\" srcset=\"http:\/\/www.butikmedikal.com\/wp-content\/uploads\/2020\/09\/1-36.jpg 600w, http:\/\/www.butikmedikal.com\/wp-content\/uploads\/2020\/09\/1-36-300x90.jpg 300w\" sizes=\"(max-width: 600px) 100vw, 600px\" \/><\/figure><\/div>\n\n\n\n<p class=\"has-medium-font-size\"><strong>STEREO FOTO\u011eRAF<\/strong><\/p>\n\n\n\n<div class=\"wp-block-columns\">\n<div class=\"wp-block-column\">\n<p>Stereo foto\u011fraf modunda, bir stereo \u00e7ifti hizalanmas\u0131 otomatik olarak ger\u00e7ekle\u015ftirilir. Ekrandaki talimatlar\u0131 takiben, stereo g\u00f6r\u00fcnt\u00fcleme i\u00e7in bir stereo \u00e7ifti h\u0131zl\u0131 ve kolay bir \u015fekilde elde edilebilir.<\/p>\n\n\n\n<p>* Stereo g\u00f6r\u00fcnt\u00fcleyici yaz\u0131l\u0131m\u0131 dahil de\u011fildir.<\/p>\n<\/div>\n\n\n\n<div class=\"wp-block-column\">\n<figure class=\"wp-block-image size-large is-resized\"><img loading=\"lazy\" src=\"http:\/\/www.butikmedikal.com\/wp-content\/uploads\/2020\/09\/1-37-1024x768.jpg\" alt=\"\" class=\"wp-image-1762\" width=\"512\" height=\"384\" srcset=\"http:\/\/www.butikmedikal.com\/wp-content\/uploads\/2020\/09\/1-37-1024x768.jpg 1024w, http:\/\/www.butikmedikal.com\/wp-content\/uploads\/2020\/09\/1-37-300x225.jpg 300w, http:\/\/www.butikmedikal.com\/wp-content\/uploads\/2020\/09\/1-37-768x576.jpg 768w, http:\/\/www.butikmedikal.com\/wp-content\/uploads\/2020\/09\/1-37-1536x1152.jpg 1536w, http:\/\/www.butikmedikal.com\/wp-content\/uploads\/2020\/09\/1-37-2048x1536.jpg 2048w\" sizes=\"(max-width: 512px) 100vw, 512px\" \/><\/figure>\n\n\n\n<p><\/p>\n<\/div>\n<\/div>\n\n\n\n<p class=\"has-medium-font-size\"><strong>\u0130\u00c7 F\u0130KSASYON \u0130\u015eLEM\u0130<\/strong><\/p>\n\n\n\n<p>Geleneksel 3 fiksasyon hedefleri (Disk, Merkez ve Macula) ve periferik foto\u011fraf i\u00e7in sabitleme hedefi dahil edilmi\u015ftir.<br>* Panorama yaz\u0131l\u0131m\u0131 dahil de\u011fildir.<\/p>\n\n\n\n<div class=\"wp-block-columns\">\n<div class=\"wp-block-column\">\n<div class=\"wp-block-image\"><figure class=\"aligncenter size-large\"><img loading=\"lazy\" width=\"624\" height=\"224\" src=\"http:\/\/www.butikmedikal.com\/wp-content\/uploads\/2020\/09\/1-38.jpg\" alt=\"\" class=\"wp-image-1765\" srcset=\"http:\/\/www.butikmedikal.com\/wp-content\/uploads\/2020\/09\/1-38.jpg 624w, http:\/\/www.butikmedikal.com\/wp-content\/uploads\/2020\/09\/1-38-300x108.jpg 300w\" sizes=\"(max-width: 624px) 100vw, 624px\" \/><figcaption>created by TOPCON TRC-NW400<\/figcaption><\/figure><\/div>\n<\/div>\n\n\n\n<div class=\"wp-block-column\">\n<div class=\"wp-block-image\"><figure class=\"aligncenter size-large is-resized\"><img loading=\"lazy\" src=\"http:\/\/www.butikmedikal.com\/wp-content\/uploads\/2020\/09\/2-10.jpg\" alt=\"\" class=\"wp-image-1766\" width=\"375\" height=\"375\" srcset=\"http:\/\/www.butikmedikal.com\/wp-content\/uploads\/2020\/09\/2-10.jpg 500w, http:\/\/www.butikmedikal.com\/wp-content\/uploads\/2020\/09\/2-10-300x300.jpg 300w, http:\/\/www.butikmedikal.com\/wp-content\/uploads\/2020\/09\/2-10-150x150.jpg 150w\" sizes=\"(max-width: 375px) 100vw, 375px\" \/><\/figure><\/div>\n<\/div>\n<\/div>\n\n\n\n<p class=\"has-medium-font-size\"><strong>K\u00dc\u00c7\u00dcK PUP\u0130LA FOTO\u011eRAFI VE ZOOM \u0130\u015eLEV\u0130<\/strong><\/p>\n\n\n\n<p>TRC-NW400, k\u00fc\u00e7\u00fck pupila a\u00e7\u0131kl\u0131\u011f\u0131, dijital yak\u0131nla\u015ft\u0131rma fonksiyonu ve bindirilmi\u015f maske gibi yard\u0131mc\u0131 fonksiyonlar ile 3.3 mm\u2019lik k\u00fc\u00e7\u00fck pupilalarda retinal g\u00f6r\u00fcnt\u00fcler elde etmeyi sa\u011flar.<\/p>\n\n\n\n<p>\u201cK\u00fc\u00e7\u00fck pupil modu\u201d se\u00e7ildi\u011finde, kamera otomatik olarak k\u00fc\u00e7\u00fck pupilalar i\u00e7in ayarlan\u0131r.<\/p>\n","protected":false},"excerpt":{"rendered":"<p>A\u00c7IKLAMA TAM OTOMAT\u0130K MOD YERDEN TASARRUF TRC-NW400, cihaz\u0131n neredeyse her a\u00e7\u0131dan \u00e7al\u0131\u015fmas\u0131n\u0131 sa\u011flayan, d\u00f6nen bir dokunmatik panel monit\u00f6r i\u00e7erir. Bu \u00f6zellik oparat\u00f6r\u00fcn, hastan\u0131n her iki taraf\u0131nda ya da arkas\u0131nda olmas\u0131n\u0131 sa\u011flar, b\u00f6ylece yerden tasarruf sa\u011flar. TRC-NW400, bir duvara veya bir k\u00f6\u015feye yerle\u015ftirildi\u011finde rahat\u00e7a kullan\u0131labilir. STEREO FOTO\u011eRAF Stereo foto\u011fraf modunda, bir stereo \u00e7ifti hizalanmas\u0131 otomatik olarak [&hellip;]<\/p>\n","protected":false},"author":1,"featured_media":0,"parent":0,"menu_order":0,"comment_status":"closed","ping_status":"closed","template":"","meta":[],"_links":{"self":[{"href":"http:\/\/www.butikmedikal.com\/index.php\/wp-json\/wp\/v2\/pages\/1676"}],"collection":[{"href":"http:\/\/www.butikmedikal.com\/index.php\/wp-json\/wp\/v2\/pages"}],"about":[{"href":"http:\/\/www.butikmedikal.com\/index.php\/wp-json\/wp\/v2\/types\/page"}],"author":[{"embeddable":true,"href":"http:\/\/www.butikmedikal.com\/index.php\/wp-json\/wp\/v2\/users\/1"}],"replies":[{"embeddable":true,"href":"http:\/\/www.butikmedikal.com\/index.php\/wp-json\/wp\/v2\/comments?post=1676"}],"version-history":[{"count":10,"href":"http:\/\/www.butikmedikal.com\/index.php\/wp-json\/wp\/v2\/pages\/1676\/revisions"}],"predecessor-version":[{"id":1768,"href":"http:\/\/www.butikmedikal.com\/index.php\/wp-json\/wp\/v2\/pages\/1676\/revisions\/1768"}],"wp:attachment":[{"href":"http:\/\/www.butikmedikal.com\/index.php\/wp-json\/wp\/v2\/media?parent=1676"}],"curies":[{"name":"wp","href":"https:\/\/api.w.org\/{rel}","templated":true}]}}