{"id":1672,"date":"2020-09-22T09:02:24","date_gmt":"2020-09-22T09:02:24","guid":{"rendered":"http:\/\/www.butikmedikal.com\/?page_id=1672"},"modified":"2020-09-29T09:19:00","modified_gmt":"2020-09-29T09:19:00","slug":"on-muayene-topcon-cl-300","status":"publish","type":"page","link":"http:\/\/www.butikmedikal.com\/index.php\/on-muayene-topcon-cl-300\/","title":{"rendered":"Computerized Lensmeter CL-300"},"content":{"rendered":"\n<p class=\"has-medium-font-size\"><strong>A\u00c7IKLAMA<\/strong><\/p>\n\n\n\n<div class=\"wp-block-image\"><figure class=\"aligncenter size-large\"><img loading=\"lazy\" width=\"1024\" height=\"431\" src=\"http:\/\/www.butikmedikal.com\/wp-content\/uploads\/2020\/09\/1-143-1024x431.jpg\" alt=\"\" class=\"wp-image-1739\" srcset=\"http:\/\/www.butikmedikal.com\/wp-content\/uploads\/2020\/09\/1-143-1024x431.jpg 1024w, http:\/\/www.butikmedikal.com\/wp-content\/uploads\/2020\/09\/1-143-300x126.jpg 300w, http:\/\/www.butikmedikal.com\/wp-content\/uploads\/2020\/09\/1-143-768x323.jpg 768w, http:\/\/www.butikmedikal.com\/wp-content\/uploads\/2020\/09\/1-143.jpg 1520w\" sizes=\"(max-width: 1024px) 100vw, 1024px\" \/><\/figure><\/div>\n\n\n\n<p class=\"has-medium-font-size\"><strong>UV GE\u00c7\u0130RGENL\u0130\u011e\u0130 \u00d6L\u00c7\u00dcM FONKS\u0130YONU<\/strong><\/p>\n\n\n\n<div class=\"wp-block-columns\">\n<div class=\"wp-block-column\">\n<div class=\"wp-block-image\"><figure class=\"aligncenter size-large\"><img loading=\"lazy\" width=\"300\" height=\"262\" src=\"http:\/\/www.butikmedikal.com\/wp-content\/uploads\/2020\/09\/1-144.jpg\" alt=\"\" class=\"wp-image-1741\"\/><\/figure><\/div>\n<\/div>\n\n\n\n<div class=\"wp-block-column\">\n<p>CL-300\u2019\u00fcn yeni UV \u00d6l\u00e7\u00fcm \u0130\u015flevi, ultraviyole ge\u00e7irgenli\u011fi hakk\u0131nda% 0 ila% 100 aral\u0131\u011f\u0131nda bilgi sa\u011flar ve hem g\u00f6zl\u00fck hem de g\u00fcne\u015f g\u00f6zl\u00fc\u011f\u00fc kullan\u0131c\u0131lar\u0131na g\u00fcvenilir \u00f6l\u00e7\u00fcm sonu\u00e7lar\u0131 sa\u011flar.<\/p>\n\n\n\n<p>* UV ge\u00e7irgenlik \u00d6l\u00e7\u00fcm\u00fc, 365 nm dalga boyu<\/p>\n<\/div>\n<\/div>\n\n\n\n<p class=\"has-medium-font-size\"><strong>YE\u015e\u0130L I\u015eIN<\/strong><\/p>\n\n\n\n<div class=\"wp-block-columns\">\n<div class=\"wp-block-column\">\n<p>CL-300, e-line olarak da bilinen ye\u015fil \u0131\u015f\u0131kl\u0131 okuma demetini i\u00e7erir. 546 nm dalga boyu nedeniyle, e-line insan g\u00f6z\u00fc taraf\u0131ndan alg\u0131lanabilir ve ISO 7944 taraf\u0131ndan standart olarak belirlenmi\u015ftir. Cihaz\u0131m\u0131zda ye\u015fil \u0131\u015f\u0131k demetinin kullan\u0131lmas\u0131 lens \u00f6l\u00e7\u00fcm hassasiyetini artt\u0131r\u0131r ve \u00f6l\u00e7\u00fcmlerin hata olas\u0131l\u0131\u011f\u0131n\u0131 azalt\u0131r<\/p>\n<\/div>\n\n\n\n<div class=\"wp-block-column\">\n<figure class=\"wp-block-image size-large\"><img loading=\"lazy\" width=\"210\" height=\"300\" src=\"http:\/\/www.butikmedikal.com\/wp-content\/uploads\/2020\/09\/1-145.jpg\" alt=\"\" class=\"wp-image-1743\"\/><\/figure>\n<\/div>\n<\/div>\n\n\n\n<p class=\"has-medium-font-size\"><strong>GEL\u0130\u015eT\u0130R\u0130LM\u0130\u015e LENS APARATI<\/strong><\/p>\n\n\n\n<div class=\"wp-block-columns\">\n<div class=\"wp-block-column\">\n<div class=\"wp-block-image\"><figure class=\"aligncenter size-large\"><img loading=\"lazy\" width=\"200\" height=\"205\" src=\"http:\/\/www.butikmedikal.com\/wp-content\/uploads\/2020\/09\/1-146.jpg\" alt=\"\" class=\"wp-image-1747\"\/><\/figure><\/div>\n<\/div>\n\n\n\n<div class=\"wp-block-column\">\n<p><br>Yeni tasar\u0131m\u0131 sayesinde CL-300\u2019\u00fcn lens deste\u011fi, konvansiyonel modele g\u00f6re 6 mm daha y\u00fcksek. Bu de\u011fi\u015fiklik, y\u00fcksek (Curve)e\u011fri lenslerin sorunsuz bir \u015fekilde \u00f6l\u00e7\u00fclmesini sa\u011flar ve mercek kenar\u0131n\u0131n lens deste\u011finin d\u0131\u015f par\u00e7alar\u0131na temas edilmesini \u00f6nler.<\/p>\n<\/div>\n<\/div>\n\n\n\n<p class=\"has-medium-font-size\"><strong>PR\u0130NT \u00c7IKTISI<\/strong><\/p>\n\n\n\n<figure class=\"wp-block-image size-large\"><img loading=\"lazy\" width=\"160\" height=\"275\" src=\"http:\/\/www.butikmedikal.com\/wp-content\/uploads\/2020\/09\/1-147.jpg\" alt=\"\" class=\"wp-image-1749\"\/><\/figure>\n","protected":false},"excerpt":{"rendered":"<p>A\u00c7IKLAMA UV GE\u00c7\u0130RGENL\u0130\u011e\u0130 \u00d6L\u00c7\u00dcM FONKS\u0130YONU CL-300\u2019\u00fcn yeni UV \u00d6l\u00e7\u00fcm \u0130\u015flevi, ultraviyole ge\u00e7irgenli\u011fi hakk\u0131nda% 0 ila% 100 aral\u0131\u011f\u0131nda bilgi sa\u011flar ve hem g\u00f6zl\u00fck hem de g\u00fcne\u015f g\u00f6zl\u00fc\u011f\u00fc kullan\u0131c\u0131lar\u0131na g\u00fcvenilir \u00f6l\u00e7\u00fcm sonu\u00e7lar\u0131 sa\u011flar. * UV ge\u00e7irgenlik \u00d6l\u00e7\u00fcm\u00fc, 365 nm dalga boyu YE\u015e\u0130L I\u015eIN CL-300, e-line olarak da bilinen ye\u015fil \u0131\u015f\u0131kl\u0131 okuma demetini i\u00e7erir. 546 nm dalga boyu [&hellip;]<\/p>\n","protected":false},"author":1,"featured_media":0,"parent":0,"menu_order":0,"comment_status":"closed","ping_status":"closed","template":"","meta":[],"_links":{"self":[{"href":"http:\/\/www.butikmedikal.com\/index.php\/wp-json\/wp\/v2\/pages\/1672"}],"collection":[{"href":"http:\/\/www.butikmedikal.com\/index.php\/wp-json\/wp\/v2\/pages"}],"about":[{"href":"http:\/\/www.butikmedikal.com\/index.php\/wp-json\/wp\/v2\/types\/page"}],"author":[{"embeddable":true,"href":"http:\/\/www.butikmedikal.com\/index.php\/wp-json\/wp\/v2\/users\/1"}],"replies":[{"embeddable":true,"href":"http:\/\/www.butikmedikal.com\/index.php\/wp-json\/wp\/v2\/comments?post=1672"}],"version-history":[{"count":10,"href":"http:\/\/www.butikmedikal.com\/index.php\/wp-json\/wp\/v2\/pages\/1672\/revisions"}],"predecessor-version":[{"id":1752,"href":"http:\/\/www.butikmedikal.com\/index.php\/wp-json\/wp\/v2\/pages\/1672\/revisions\/1752"}],"wp:attachment":[{"href":"http:\/\/www.butikmedikal.com\/index.php\/wp-json\/wp\/v2\/media?parent=1672"}],"curies":[{"name":"wp","href":"https:\/\/api.w.org\/{rel}","templated":true}]}}