{"id":1668,"date":"2020-09-22T09:01:22","date_gmt":"2020-09-22T09:01:22","guid":{"rendered":"http:\/\/www.butikmedikal.com\/?page_id=1668"},"modified":"2020-09-29T09:18:35","modified_gmt":"2020-09-29T09:18:35","slug":"on-muayene-topcon-kr-800-rm-800","status":"publish","type":"page","link":"http:\/\/www.butikmedikal.com\/index.php\/on-muayene-topcon-kr-800-rm-800\/","title":{"rendered":"Auto Kerato-Refractometer\/Auto Refractometer KR-800\/RM-800"},"content":{"rendered":"\n<p class=\"has-medium-font-size\"><strong>A\u00c7IKLAMA<\/strong><\/p>\n\n\n\n<div class=\"wp-block-image\"><figure class=\"aligncenter size-large\"><img loading=\"lazy\" width=\"1024\" height=\"431\" src=\"http:\/\/www.butikmedikal.com\/wp-content\/uploads\/2020\/09\/1-126WW-1024x431.jpg\" alt=\"\" class=\"wp-image-1723\" srcset=\"http:\/\/www.butikmedikal.com\/wp-content\/uploads\/2020\/09\/1-126WW-1024x431.jpg 1024w, http:\/\/www.butikmedikal.com\/wp-content\/uploads\/2020\/09\/1-126WW-300x126.jpg 300w, http:\/\/www.butikmedikal.com\/wp-content\/uploads\/2020\/09\/1-126WW-768x323.jpg 768w, http:\/\/www.butikmedikal.com\/wp-content\/uploads\/2020\/09\/1-126WW.jpg 1520w\" sizes=\"(max-width: 1024px) 100vw, 1024px\" \/><\/figure><\/div>\n\n\n\n<p class=\"has-medium-font-size\"><strong>E\u015eS\u0130Z DO\u011eRULUK<\/strong><\/p>\n\n\n\n<div class=\"wp-block-columns\">\n<div class=\"wp-block-column\">\n<div class=\"wp-block-image\"><figure class=\"aligncenter size-large\"><img loading=\"lazy\" width=\"385\" height=\"248\" src=\"http:\/\/www.butikmedikal.com\/wp-content\/uploads\/2020\/09\/1-130.jpg\" alt=\"\" class=\"wp-image-1725\" srcset=\"http:\/\/www.butikmedikal.com\/wp-content\/uploads\/2020\/09\/1-130.jpg 385w, http:\/\/www.butikmedikal.com\/wp-content\/uploads\/2020\/09\/1-130-300x193.jpg 300w\" sizes=\"(max-width: 385px) 100vw, 385px\" \/><\/figure><\/div>\n<\/div>\n\n\n\n<div class=\"wp-block-column\">\n<p>Topcon \u2018un e\u015fsiz * Rotary Prizma Teknolojisi, benzersiz hassasiyet ve g\u00fcvenilirlik sa\u011flar. Bu sistem, 2mm \u00e7ap\u0131nda k\u00fc\u00e7\u00fck pupilalar\u0131n \u00f6l\u00e7\u00fcm yap\u0131lmas\u0131na izin verirken, retinada daha geni\u015f bir alan\u0131n\u0131 \u00f6l\u00e7\u00fclmesini saglar.<\/p>\n\n\n\n<p>* Merkezi olmayan halka hedef k\u00fc\u00e7\u00fck bir pupilan\u0131n kapatacag\u0131 alanlar\u0131 kapsayabilir.<\/p>\n\n\n\n<p>Prizman\u0131n a\u00e7\u0131s\u0131, retinada daha geni\u015f bir alan\u0131n\u0131n \u00f6l\u00e7\u00fclmesini sa\u011flar.<\/p>\n<\/div>\n<\/div>\n\n\n\n<p class=\"has-medium-font-size\"><strong>D\u00dcZ HARAKETLER<\/strong><\/p>\n\n\n\n<div class=\"wp-block-columns\">\n<div class=\"wp-block-column\">\n<p>Topcon\u2019un yakla\u015f\u0131k% 23\u2019l\u00fck bir a\u011f\u0131rl\u0131g\u0131 hafifletmesi X-Y kumanda kolunu kullan\u0131rken \u00fcnitenin daha p\u00fcr\u00fczs\u00fcz \u00e7al\u0131\u015fmas\u0131na katk\u0131da bulunmu\u015ftur. Bu, daha ak\u0131\u015fkan \u00f6l\u00e7\u00fcm s\u00fcrecine ve daha kesin bir sonu\u00e7 vermeye katk\u0131da bulunur.<\/p>\n<\/div>\n\n\n\n<div class=\"wp-block-column\">\n<figure class=\"wp-block-image size-large is-resized\"><img loading=\"lazy\" src=\"http:\/\/www.butikmedikal.com\/wp-content\/uploads\/2020\/09\/1-127.jpg\" alt=\"\" class=\"wp-image-1727\" width=\"450\" height=\"215\" srcset=\"http:\/\/www.butikmedikal.com\/wp-content\/uploads\/2020\/09\/1-127.jpg 600w, http:\/\/www.butikmedikal.com\/wp-content\/uploads\/2020\/09\/1-127-300x143.jpg 300w\" sizes=\"(max-width: 450px) 100vw, 450px\" \/><\/figure>\n<\/div>\n<\/div>\n\n\n\n<p class=\"has-medium-font-size\"><strong>GEN\u0130\u015e 8.5-\u0130N\u00c7 DOKUNMAT\u0130K KONTROL PANEL\u0130<\/strong><\/p>\n\n\n\n<div class=\"wp-block-columns\">\n<div class=\"wp-block-column\">\n<div class=\"wp-block-image\"><figure class=\"aligncenter size-large\"><img loading=\"lazy\" width=\"400\" height=\"213\" src=\"http:\/\/www.butikmedikal.com\/wp-content\/uploads\/2020\/09\/1-128.jpg\" alt=\"\" class=\"wp-image-1730\" srcset=\"http:\/\/www.butikmedikal.com\/wp-content\/uploads\/2020\/09\/1-128.jpg 400w, http:\/\/www.butikmedikal.com\/wp-content\/uploads\/2020\/09\/1-128-300x160.jpg 300w\" sizes=\"(max-width: 400px) 100vw, 400px\" \/><\/figure><\/div>\n<\/div>\n\n\n\n<div class=\"wp-block-column\">\n<p>Yeni KR-800 \/ RM-800, \u00f6l\u00e7\u00fcm i\u015flemi s\u0131ras\u0131nda operat\u00f6re \u00fcnitenin tam kontrol\u00fcn\u00fc sa\u011flayan a\u00e7\u0131k ve , okunmas\u0131 kolay simgeler i\u00e7eren geni\u015f bir 8,5 in\u00e7 renkli dokunmatik ekran paneli ile donat\u0131lm\u0131\u015ft\u0131r..<\/p>\n<\/div>\n<\/div>\n\n\n\n<p class=\"has-medium-font-size\"><strong>BASKI VER\u0130LER\u0130<\/strong><\/p>\n\n\n\n<div class=\"wp-block-columns\">\n<div class=\"wp-block-column\">\n<p>Elde edilen verilerin tam bir \u00e7\u0131kt\u0131s\u0131n\u0131 bir d\u00fc\u011fmeye dokunarak bulabilirsiniz. Operat\u00f6r \u00fc\u00e7 yazd\u0131rma veri format\u0131ndan birini se\u00e7ebilir:<\/p>\n\n\n\n<ul><li><strong>T\u00dcM:<\/strong>&nbsp;T\u00fcm \u00f6l\u00e7\u00fcmleri basar (g\u00f6z ba\u015f\u0131na 10 okumaya kadar);<\/li><li><strong>ORTALAMA:<\/strong>&nbsp;T\u00fcm \u00f6l\u00e7\u00fcmler i\u00e7in ortalama de\u011feri yazd\u0131r\u0131r;<\/li><li><strong>KLAS\u0130K:<\/strong>&nbsp;Her iki g\u00f6z i\u00e7in de (10\u2019a kadar) \u00f6l\u00e7\u00fcm sonu\u00e7lar\u0131 ve 1 \u00f6l\u00e7\u00fcm sonucunu ve her iki g\u00f6z i\u00e7in yatay ve dikey korneal e\u011frili\u011fin ortalama \u00f6l\u00e7\u00fclen de\u011ferini \u00e7\u0131kart\u0131r.<br>Genel ilave ve tahmin edilen yak\u0131n PD de\u011feri yazd\u0131r\u0131labilir.<\/li><\/ul>\n<\/div>\n\n\n\n<div class=\"wp-block-column\">\n<figure class=\"wp-block-image size-large\"><img loading=\"lazy\" width=\"114\" height=\"300\" src=\"http:\/\/www.butikmedikal.com\/wp-content\/uploads\/2020\/09\/krrm800_004_E-114x300-1.jpg\" alt=\"\" class=\"wp-image-1732\"\/><\/figure>\n<\/div>\n\n\n\n<div class=\"wp-block-column\">\n<figure class=\"wp-block-image size-large\"><img loading=\"lazy\" width=\"115\" height=\"100\" src=\"http:\/\/www.butikmedikal.com\/wp-content\/uploads\/2020\/09\/1-129.jpg\" alt=\"\" class=\"wp-image-1733\"\/><\/figure>\n<\/div>\n<\/div>\n","protected":false},"excerpt":{"rendered":"<p>A\u00c7IKLAMA E\u015eS\u0130Z DO\u011eRULUK Topcon \u2018un e\u015fsiz * Rotary Prizma Teknolojisi, benzersiz hassasiyet ve g\u00fcvenilirlik sa\u011flar. Bu sistem, 2mm \u00e7ap\u0131nda k\u00fc\u00e7\u00fck pupilalar\u0131n \u00f6l\u00e7\u00fcm yap\u0131lmas\u0131na izin verirken, retinada daha geni\u015f bir alan\u0131n\u0131 \u00f6l\u00e7\u00fclmesini saglar. * Merkezi olmayan halka hedef k\u00fc\u00e7\u00fck bir pupilan\u0131n kapatacag\u0131 alanlar\u0131 kapsayabilir. Prizman\u0131n a\u00e7\u0131s\u0131, retinada daha geni\u015f bir alan\u0131n\u0131n \u00f6l\u00e7\u00fclmesini sa\u011flar. D\u00dcZ HARAKETLER Topcon\u2019un [&hellip;]<\/p>\n","protected":false},"author":1,"featured_media":0,"parent":0,"menu_order":0,"comment_status":"closed","ping_status":"closed","template":"","meta":[],"_links":{"self":[{"href":"http:\/\/www.butikmedikal.com\/index.php\/wp-json\/wp\/v2\/pages\/1668"}],"collection":[{"href":"http:\/\/www.butikmedikal.com\/index.php\/wp-json\/wp\/v2\/pages"}],"about":[{"href":"http:\/\/www.butikmedikal.com\/index.php\/wp-json\/wp\/v2\/types\/page"}],"author":[{"embeddable":true,"href":"http:\/\/www.butikmedikal.com\/index.php\/wp-json\/wp\/v2\/users\/1"}],"replies":[{"embeddable":true,"href":"http:\/\/www.butikmedikal.com\/index.php\/wp-json\/wp\/v2\/comments?post=1668"}],"version-history":[{"count":10,"href":"http:\/\/www.butikmedikal.com\/index.php\/wp-json\/wp\/v2\/pages\/1668\/revisions"}],"predecessor-version":[{"id":1753,"href":"http:\/\/www.butikmedikal.com\/index.php\/wp-json\/wp\/v2\/pages\/1668\/revisions\/1753"}],"wp:attachment":[{"href":"http:\/\/www.butikmedikal.com\/index.php\/wp-json\/wp\/v2\/media?parent=1668"}],"curies":[{"name":"wp","href":"https:\/\/api.w.org\/{rel}","templated":true}]}}