{"id":1666,"date":"2020-09-22T09:00:26","date_gmt":"2020-09-22T09:00:26","guid":{"rendered":"http:\/\/www.butikmedikal.com\/?page_id=1666"},"modified":"2020-09-29T09:13:46","modified_gmt":"2020-09-29T09:13:46","slug":"on-muayene-topcon-kr-800a","status":"publish","type":"page","link":"http:\/\/www.butikmedikal.com\/index.php\/on-muayene-topcon-kr-800a\/","title":{"rendered":"Auto Kerato-Refractomer KR-800A"},"content":{"rendered":"\n<p class=\"has-medium-font-size\"><strong>A\u00c7IKLAMA<\/strong><\/p>\n\n\n\n<div class=\"wp-block-image\"><figure class=\"aligncenter size-large\"><img loading=\"lazy\" width=\"1024\" height=\"431\" src=\"http:\/\/www.butikmedikal.com\/wp-content\/uploads\/2020\/09\/1-132-1024x431.jpg\" alt=\"\" class=\"wp-image-1711\" srcset=\"http:\/\/www.butikmedikal.com\/wp-content\/uploads\/2020\/09\/1-132-1024x431.jpg 1024w, http:\/\/www.butikmedikal.com\/wp-content\/uploads\/2020\/09\/1-132-300x126.jpg 300w, http:\/\/www.butikmedikal.com\/wp-content\/uploads\/2020\/09\/1-132-768x323.jpg 768w, http:\/\/www.butikmedikal.com\/wp-content\/uploads\/2020\/09\/1-132.jpg 1520w\" sizes=\"(max-width: 1024px) 100vw, 1024px\" \/><figcaption><br><\/figcaption><\/figure><\/div>\n\n\n\n<p class=\"has-text-align-left has-medium-font-size\"><br><strong>3D OTOMAT\u0130K H\u0130ZALAMA \u0130\u015eLEV\u0130 ,HASTA NIN DAHA DO\u011eRU H\u0130ZALAMASINI SA\u011eLAR<\/strong><\/p>\n\n\n\n<p>3D Otomatik Hizalama \u00f6zelli\u011fi, k\u00fc\u00e7\u00fck g\u00f6z hareketleri s\u0131ras\u0131nda bile XYZ hizalamas\u0131n\u0131 korur tutarl\u0131 ve tekrarlanabilir \u00f6l\u00e7\u00fcmler sa\u011flar * Bir operat\u00f6r, ba\u015flang\u0131\u00e7 hizalamas\u0131 i\u00e7in monit\u00f6rdeki hizalama y\u00f6nlendircisini izler ve ard\u0131ndan hizalama ve \u00f6l\u00e7\u00fcm otomatik olarak ba\u015flar. 3D otomatik hizalama i\u015flevi kolay \u00e7al\u0131\u015fmay\u0131 destekler.<\/p>\n\n\n\n<p>* Az fiksasyonu olan hastalar i\u00e7in manuel hizalama gerekebilir.<\/p>\n\n\n\n<div class=\"wp-block-image\"><figure class=\"aligncenter size-large\"><img loading=\"lazy\" src=\"http:\/\/www.butikmedikal.com\/wp-content\/uploads\/2020\/09\/1-10.png\" alt=\"\" class=\"wp-image-1714\" width=\"NaN\" height=\"NaN\" srcset=\"http:\/\/www.butikmedikal.com\/wp-content\/uploads\/2020\/09\/1-10.png 345w, http:\/\/www.butikmedikal.com\/wp-content\/uploads\/2020\/09\/1-10-223x300.png 223w\" sizes=\"(max-width: 345px) 100vw, 345px\" \/><\/figure><\/div>\n\n\n\n<p class=\"has-medium-font-size\"><strong>E\u015eS\u0130Z DO\u011eRULUK<\/strong><\/p>\n\n\n\n<div class=\"wp-block-columns\">\n<div class=\"wp-block-column\">\n<div class=\"wp-block-image\"><figure class=\"alignright size-large is-resized\"><img loading=\"lazy\" src=\"http:\/\/www.butikmedikal.com\/wp-content\/uploads\/2020\/09\/1-133.jpg\" alt=\"\" class=\"wp-image-1715\" width=\"393\" height=\"254\" srcset=\"http:\/\/www.butikmedikal.com\/wp-content\/uploads\/2020\/09\/1-133.jpg 385w, http:\/\/www.butikmedikal.com\/wp-content\/uploads\/2020\/09\/1-133-300x193.jpg 300w\" sizes=\"(max-width: 393px) 100vw, 393px\" \/><\/figure><\/div>\n<\/div>\n\n\n\n<div class=\"wp-block-column\">\n<p>Topcon\u2019a \u00f6zg\u00fc benzersiz * Rotary Prizma Teknolojisi benzersiz hassasiyet ve g\u00fcvenilirlik sa\u011flar. Bu sistem retinada geni\u015f bir alan\u0131n\u0131 \u00f6l\u00e7\u00fcrken, \u00e7aplar\u0131 2 mm kadar olan k\u00fc\u00e7\u00fck pupilar\u0131nda \u00f6l\u00e7\u00fclmesine de imkan verir.<\/p>\n\n\n\n<p>Merkezi olmayan halka hedef k\u00fc\u00e7\u00fck bir pupilan\u0131n kapatabilece\u011fi alanlar\u0131 kapsayabilir.<br>Prizman\u0131n a\u00e7\u0131s\u0131, retinan\u0131n daha geni\u015f bir alan\u0131n\u0131n \u00f6l\u00e7\u00fclmesini sa\u011flar.<\/p>\n<\/div>\n<\/div>\n\n\n\n<div class=\"wp-block-columns\">\n<div class=\"wp-block-column\">\n<p class=\"has-medium-font-size\"><strong>GEN\u0130\u015e 8.5-\u0130N\u00c7 DOKUNMAT\u0130K KONTROL PANEL\u0130<\/strong><\/p>\n\n\n\n<p>Yeni KR-800A, \u00f6l\u00e7me i\u015flemi s\u0131ras\u0131nda operat\u00f6re \u00fcnitenin tam kontrol\u00fcn\u00fc sa\u011flayan a\u00e7\u0131k, okunmas\u0131 kolay simgeler i\u00e7eren geni\u015f 8,5 in\u00e7lik renkli dokunmatik ekran paneli ile donat\u0131lm\u0131\u015ft\u0131r.<\/p>\n<\/div>\n\n\n\n<div class=\"wp-block-column\">\n<p class=\"has-normal-font-size\"><strong>KOLAY TAK\u0130P ED\u0130LEB\u0130L\u0130R REHBERL\u0130K<\/strong><\/p>\n\n\n\n<figure class=\"wp-block-image size-large is-resized\"><img loading=\"lazy\" src=\"http:\/\/www.butikmedikal.com\/wp-content\/uploads\/2020\/09\/1-11.png\" alt=\"\" class=\"wp-image-1717\" width=\"227\" height=\"162\"\/><\/figure>\n<\/div>\n<\/div>\n\n\n\n<p class=\"has-medium-font-size\"><strong>VER\u0130 \u00d6RNE\u011e\u0130N\u0130 YAZDIR<\/strong><\/p>\n\n\n\n<div class=\"wp-block-image\"><figure class=\"alignleft size-large is-resized\"><img loading=\"lazy\" src=\"http:\/\/www.butikmedikal.com\/wp-content\/uploads\/2020\/09\/1-12.png\" alt=\"\" class=\"wp-image-1719\" width=\"222\" height=\"479\" srcset=\"http:\/\/www.butikmedikal.com\/wp-content\/uploads\/2020\/09\/1-12.png 222w, http:\/\/www.butikmedikal.com\/wp-content\/uploads\/2020\/09\/1-12-139x300.png 139w\" sizes=\"(max-width: 222px) 100vw, 222px\" \/><\/figure><\/div>\n","protected":false},"excerpt":{"rendered":"<p>A\u00c7IKLAMA 3D OTOMAT\u0130K H\u0130ZALAMA \u0130\u015eLEV\u0130 ,HASTA NIN DAHA DO\u011eRU H\u0130ZALAMASINI SA\u011eLAR 3D Otomatik Hizalama \u00f6zelli\u011fi, k\u00fc\u00e7\u00fck g\u00f6z hareketleri s\u0131ras\u0131nda bile XYZ hizalamas\u0131n\u0131 korur tutarl\u0131 ve tekrarlanabilir \u00f6l\u00e7\u00fcmler sa\u011flar * Bir operat\u00f6r, ba\u015flang\u0131\u00e7 hizalamas\u0131 i\u00e7in monit\u00f6rdeki hizalama y\u00f6nlendircisini izler ve ard\u0131ndan hizalama ve \u00f6l\u00e7\u00fcm otomatik olarak ba\u015flar. 3D otomatik hizalama i\u015flevi kolay \u00e7al\u0131\u015fmay\u0131 destekler. * Az [&hellip;]<\/p>\n","protected":false},"author":1,"featured_media":0,"parent":0,"menu_order":0,"comment_status":"closed","ping_status":"closed","template":"","meta":[],"_links":{"self":[{"href":"http:\/\/www.butikmedikal.com\/index.php\/wp-json\/wp\/v2\/pages\/1666"}],"collection":[{"href":"http:\/\/www.butikmedikal.com\/index.php\/wp-json\/wp\/v2\/pages"}],"about":[{"href":"http:\/\/www.butikmedikal.com\/index.php\/wp-json\/wp\/v2\/types\/page"}],"author":[{"embeddable":true,"href":"http:\/\/www.butikmedikal.com\/index.php\/wp-json\/wp\/v2\/users\/1"}],"replies":[{"embeddable":true,"href":"http:\/\/www.butikmedikal.com\/index.php\/wp-json\/wp\/v2\/comments?post=1666"}],"version-history":[{"count":9,"href":"http:\/\/www.butikmedikal.com\/index.php\/wp-json\/wp\/v2\/pages\/1666\/revisions"}],"predecessor-version":[{"id":1737,"href":"http:\/\/www.butikmedikal.com\/index.php\/wp-json\/wp\/v2\/pages\/1666\/revisions\/1737"}],"wp:attachment":[{"href":"http:\/\/www.butikmedikal.com\/index.php\/wp-json\/wp\/v2\/media?parent=1666"}],"curies":[{"name":"wp","href":"https:\/\/api.w.org\/{rel}","templated":true}]}}