{"id":1663,"date":"2020-09-22T08:58:44","date_gmt":"2020-09-22T08:58:44","guid":{"rendered":"http:\/\/www.butikmedikal.com\/?page_id=1663"},"modified":"2020-09-29T09:16:55","modified_gmt":"2020-09-29T09:16:55","slug":"on-muayene-topcon-kr-1-rm-1","status":"publish","type":"page","link":"http:\/\/www.butikmedikal.com\/index.php\/on-muayene-topcon-kr-1-rm-1\/","title":{"rendered":"Auto Kerato-Refractomer\/Auto Refractomer KR-1\/RM-1"},"content":{"rendered":"\n<p class=\"has-medium-font-size\"><strong>A\u00c7IKLAMA<\/strong><\/p>\n\n\n\n<div class=\"wp-block-image\"><figure class=\"aligncenter size-large is-resized\"><img loading=\"lazy\" src=\"http:\/\/www.butikmedikal.com\/wp-content\/uploads\/2020\/09\/1-116a-1-1024x431.jpg\" alt=\"\" class=\"wp-image-1687\" width=\"1024\" height=\"431\" srcset=\"http:\/\/www.butikmedikal.com\/wp-content\/uploads\/2020\/09\/1-116a-1-1024x431.jpg 1024w, http:\/\/www.butikmedikal.com\/wp-content\/uploads\/2020\/09\/1-116a-1-300x126.jpg 300w, http:\/\/www.butikmedikal.com\/wp-content\/uploads\/2020\/09\/1-116a-1-768x323.jpg 768w, http:\/\/www.butikmedikal.com\/wp-content\/uploads\/2020\/09\/1-116a-1.jpg 1520w\" sizes=\"(max-width: 1024px) 100vw, 1024px\" \/><\/figure><\/div>\n\n\n\n<p class=\"has-medium-font-size\"><strong>ESNEK TASARIM VE YERDEN TASARRUF D\u00dcZEN\u0130<\/strong><\/p>\n\n\n\n<div class=\"wp-block-columns\">\n<div class=\"wp-block-column\">\n<figure class=\"wp-block-image size-large is-resized\"><img loading=\"lazy\" src=\"http:\/\/www.butikmedikal.com\/wp-content\/uploads\/2020\/09\/1-117.jpg\" alt=\"\" class=\"wp-image-1689\" width=\"518\" height=\"670\" srcset=\"http:\/\/www.butikmedikal.com\/wp-content\/uploads\/2020\/09\/1-117.jpg 691w, http:\/\/www.butikmedikal.com\/wp-content\/uploads\/2020\/09\/1-117-232x300.jpg 232w\" sizes=\"(max-width: 518px) 100vw, 518px\" \/><\/figure>\n<\/div>\n\n\n\n<div class=\"wp-block-column\">\n<p><br>Ayarlanabilir kontrol paneli, operat\u00f6re hastay\u0131 kontrol etme imkan\u0131 sa\u011flar, kontrol paneli bir\u00e7ok farkl\u0131 y\u00f6nde kullanabilir. Kompakt g\u00f6vde, operat\u00f6r\u00fcn, hastan\u0131n g\u00f6z kapa\u011f\u0131 a\u00e7\u0131lmas\u0131 gerekti\u011finde bile \u00f6l\u00e7me s\u0131ras\u0131nda hastan\u0131n bir\u00e7ok farkl\u0131 konumdan kolayl\u0131kla desteklemesini sa\u011flar. Bu benzersiz y\u00f6nler, g\u00f6z muayene odas\u0131nda yerden kazand\u0131rmaya ve esnek yerle\u015fime katk\u0131da bulunacakt\u0131r.<\/p>\n\n\n\n<ul><li>Yan Konum<\/li><li>Arka Pozisyon<\/li><li>\u00d6n Pozisyon (Daimi)<\/li><li>\u00d6n Pozisyon (Oturmu\u015f)<\/li><\/ul>\n<\/div>\n<\/div>\n\n\n\n<p class=\"has-medium-font-size\"><strong>YEN\u0130 KOMPAKT ERGONOM\u0130K TASARIM<\/strong><\/p>\n\n\n\n<div class=\"wp-block-columns\">\n<div class=\"wp-block-column\">\n<p>KR-1\u2019in yeni ergonomik tasar\u0131m\u0131, (5 \u00b0) e\u011fik bir optik kafa, hasta i\u00e7in daha konforlu bir konum sa\u011flar . Kompakt g\u00f6vde, hastalara daha kolay eri\u015filmesini ve hastay\u0131 kontrol etmede kolayl\u0131k sa\u011flar.<\/p>\n\n\n\n<p>\u203b Orijinal Topcon Ara\u015ft\u0131mas\u0131.<\/p>\n<\/div>\n\n\n\n<div class=\"wp-block-column\">\n<figure class=\"wp-block-image size-large is-resized\"><img loading=\"lazy\" src=\"http:\/\/www.butikmedikal.com\/wp-content\/uploads\/2020\/09\/1A.gif\" alt=\"\" class=\"wp-image-1691\" width=\"276\" height=\"154\"\/><\/figure>\n<\/div>\n<\/div>\n\n\n\n<h2 class=\"has-medium-font-size\">BAS\u0130T VE HIZLI \u00c7ALI\u015eMA<br>\u2013 R \/ L TAMAMEN OTOMAT\u0130K \u00d6L\u00c7\u00dcM <\/h2>\n\n\n\n<p>KR-1 \u2018in ful otomatik \u00e7al\u0131\u015fmas\u0131 \u00f6l\u00e7\u00fcm konforunu yeni bir seviyeye ta\u015f\u0131yor. Dokunmatik kontrol panelindeki pupilan\u0131n merkezine dokunman\u0131z yeterlidir ve KR-1 otomatik olarak sa\u011f ve sol g\u00f6z bilgilerini otomatik olarak al\u0131r. KR-1 yenilik\u00e7i bir \u00e7al\u0131\u015fma deneyimi sunar ve bir kumanda kolu ihtiyac\u0131n\u0131 ortadan tamamen kald\u0131r\u0131r.<\/p>\n\n\n\n<div class=\"wp-block-image\"><figure class=\"aligncenter size-large is-resized\"><img loading=\"lazy\" src=\"http:\/\/www.butikmedikal.com\/wp-content\/uploads\/2020\/09\/1-118.jpg\" alt=\"\" class=\"wp-image-1694\" width=\"612\" height=\"196\" srcset=\"http:\/\/www.butikmedikal.com\/wp-content\/uploads\/2020\/09\/1-118.jpg 612w, http:\/\/www.butikmedikal.com\/wp-content\/uploads\/2020\/09\/1-118-300x96.jpg 300w\" sizes=\"(max-width: 612px) 100vw, 612px\" \/><\/figure><\/div>\n\n\n\n<p><\/p>\n\n\n\n<p class=\"has-medium-font-size\"><strong>D\u00d6NER PR\u0130SMA \u00d6L\u00c7\u00dcM S\u0130STEM\u0130<\/strong><\/p>\n\n\n\n<div class=\"wp-block-columns\">\n<div class=\"wp-block-column\">\n<div class=\"wp-block-image\"><figure class=\"alignright size-large is-resized\"><img loading=\"lazy\" src=\"http:\/\/www.butikmedikal.com\/wp-content\/uploads\/2020\/09\/1-119.jpg\" alt=\"\" class=\"wp-image-1696\" width=\"385\" height=\"248\" srcset=\"http:\/\/www.butikmedikal.com\/wp-content\/uploads\/2020\/09\/1-119.jpg 385w, http:\/\/www.butikmedikal.com\/wp-content\/uploads\/2020\/09\/1-119-300x193.jpg 300w\" sizes=\"(max-width: 385px) 100vw, 385px\" \/><\/figure><\/div>\n<\/div>\n\n\n\n<div class=\"wp-block-column\">\n<p>Topcon\u2019un se\u00e7kin D\u00f6ner Prizma Teknolojisi ile KR-1, e\u015fsiz do\u011fruluk ve g\u00fcvenilirlik de sa\u011flar. KR-1\u2019e dahil edilen yenilik\u00e7i optik tasar\u0131m, \u03c62 mm kadar k\u00fc\u00e7\u00fck pupillerde do\u011fru ve g\u00fcvenilir \u00f6l\u00e7\u00fcmler yapman\u0131z\u0131 sa\u011flar.<\/p>\n<\/div>\n<\/div>\n","protected":false},"excerpt":{"rendered":"<p>A\u00c7IKLAMA ESNEK TASARIM VE YERDEN TASARRUF D\u00dcZEN\u0130 Ayarlanabilir kontrol paneli, operat\u00f6re hastay\u0131 kontrol etme imkan\u0131 sa\u011flar, kontrol paneli bir\u00e7ok farkl\u0131 y\u00f6nde kullanabilir. Kompakt g\u00f6vde, operat\u00f6r\u00fcn, hastan\u0131n g\u00f6z kapa\u011f\u0131 a\u00e7\u0131lmas\u0131 gerekti\u011finde bile \u00f6l\u00e7me s\u0131ras\u0131nda hastan\u0131n bir\u00e7ok farkl\u0131 konumdan kolayl\u0131kla desteklemesini sa\u011flar. Bu benzersiz y\u00f6nler, g\u00f6z muayene odas\u0131nda yerden kazand\u0131rmaya ve esnek yerle\u015fime katk\u0131da bulunacakt\u0131r. Yan Konum [&hellip;]<\/p>\n","protected":false},"author":1,"featured_media":0,"parent":0,"menu_order":0,"comment_status":"closed","ping_status":"closed","template":"","meta":[],"_links":{"self":[{"href":"http:\/\/www.butikmedikal.com\/index.php\/wp-json\/wp\/v2\/pages\/1663"}],"collection":[{"href":"http:\/\/www.butikmedikal.com\/index.php\/wp-json\/wp\/v2\/pages"}],"about":[{"href":"http:\/\/www.butikmedikal.com\/index.php\/wp-json\/wp\/v2\/types\/page"}],"author":[{"embeddable":true,"href":"http:\/\/www.butikmedikal.com\/index.php\/wp-json\/wp\/v2\/users\/1"}],"replies":[{"embeddable":true,"href":"http:\/\/www.butikmedikal.com\/index.php\/wp-json\/wp\/v2\/comments?post=1663"}],"version-history":[{"count":11,"href":"http:\/\/www.butikmedikal.com\/index.php\/wp-json\/wp\/v2\/pages\/1663\/revisions"}],"predecessor-version":[{"id":2048,"href":"http:\/\/www.butikmedikal.com\/index.php\/wp-json\/wp\/v2\/pages\/1663\/revisions\/2048"}],"wp:attachment":[{"href":"http:\/\/www.butikmedikal.com\/index.php\/wp-json\/wp\/v2\/media?parent=1663"}],"curies":[{"name":"wp","href":"https:\/\/api.w.org\/{rel}","templated":true}]}}