{"id":1609,"date":"2020-09-21T11:59:04","date_gmt":"2020-09-21T11:59:04","guid":{"rendered":"http:\/\/www.butikmedikal.com\/?page_id=1609"},"modified":"2020-09-23T15:55:51","modified_gmt":"2020-09-23T15:55:51","slug":"muayane-topcon-nw8","status":"publish","type":"page","link":"http:\/\/www.butikmedikal.com\/index.php\/muayane-topcon-nw8\/","title":{"rendered":"Non-Mydriatic Retinal Camera TRC-NW8 Series"},"content":{"rendered":"\n<p class=\"has-medium-font-size\"><strong>A\u00c7IKLAMA<\/strong><\/p>\n\n\n\n<div class=\"wp-block-image\"><figure class=\"aligncenter size-large\"><img loading=\"lazy\" width=\"1024\" height=\"431\" src=\"http:\/\/www.butikmedikal.com\/wp-content\/uploads\/2020\/09\/1-40-1024x431.jpg\" alt=\"\" class=\"wp-image-1618\" srcset=\"http:\/\/www.butikmedikal.com\/wp-content\/uploads\/2020\/09\/1-40-1024x431.jpg 1024w, http:\/\/www.butikmedikal.com\/wp-content\/uploads\/2020\/09\/1-40-300x126.jpg 300w, http:\/\/www.butikmedikal.com\/wp-content\/uploads\/2020\/09\/1-40-768x323.jpg 768w, http:\/\/www.butikmedikal.com\/wp-content\/uploads\/2020\/09\/1-40.jpg 1520w\" sizes=\"(max-width: 1024px) 100vw, 1024px\" \/><\/figure><\/div>\n\n\n\n<figure class=\"wp-block-image size-large is-resized\"><img loading=\"lazy\" src=\"http:\/\/www.butikmedikal.com\/wp-content\/uploads\/2020\/09\/1-41-1.jpg\" alt=\"\" class=\"wp-image-1624\" width=\"736\" height=\"119\" srcset=\"http:\/\/www.butikmedikal.com\/wp-content\/uploads\/2020\/09\/1-41-1.jpg 981w, http:\/\/www.butikmedikal.com\/wp-content\/uploads\/2020\/09\/1-41-1-300x48.jpg 300w, http:\/\/www.butikmedikal.com\/wp-content\/uploads\/2020\/09\/1-41-1-768x124.jpg 768w\" sizes=\"(max-width: 736px) 100vw, 736px\" \/><\/figure>\n\n\n\n<p class=\"has-text-align-center\" style=\"font-size:14px\">                                     <span class=\"has-inline-color has-black-color\">   TRC-NW8\u2014 Renkli Fundus, Red Free Fundus Foto\u011fraf \u00c7ekimiz<\/span><\/p>\n\n\n\n<figure class=\"wp-block-image size-large is-resized\"><img loading=\"lazy\" src=\"http:\/\/www.butikmedikal.com\/wp-content\/uploads\/2020\/09\/2-11-2.jpg\" alt=\"\" class=\"wp-image-1654\" width=\"736\" height=\"129\" srcset=\"http:\/\/www.butikmedikal.com\/wp-content\/uploads\/2020\/09\/2-11-2.jpg 981w, http:\/\/www.butikmedikal.com\/wp-content\/uploads\/2020\/09\/2-11-2-300x53.jpg 300w, http:\/\/www.butikmedikal.com\/wp-content\/uploads\/2020\/09\/2-11-2-768x135.jpg 768w\" sizes=\"(max-width: 736px) 100vw, 736px\" \/><\/figure>\n\n\n\n<p class=\"has-text-align-center has-small-font-size\">                           <span class=\"has-inline-color has-black-color\">TRC-NW8F\u2014 Renkli Fundus, Red Free ve Fluorescein Fundus Foto\u011fraf \u00c7ekimi<\/span><\/p>\n\n\n\n<figure class=\"wp-block-image size-large is-resized\"><img loading=\"lazy\" src=\"http:\/\/www.butikmedikal.com\/wp-content\/uploads\/2020\/09\/3-8.jpg\" alt=\"\" class=\"wp-image-1629\" width=\"736\" height=\"116\" srcset=\"http:\/\/www.butikmedikal.com\/wp-content\/uploads\/2020\/09\/3-8.jpg 981w, http:\/\/www.butikmedikal.com\/wp-content\/uploads\/2020\/09\/3-8-300x47.jpg 300w, http:\/\/www.butikmedikal.com\/wp-content\/uploads\/2020\/09\/3-8-768x121.jpg 768w\" sizes=\"(max-width: 736px) 100vw, 736px\" \/><figcaption>                                            <\/figcaption><\/figure>\n\n\n\n<p class=\"has-text-align-center\" style=\"font-size:14px\"><span class=\"has-inline-color has-black-color\"> TRC-NW8F Plus\u2014 Renkli Fundus, Red Free, Fluorescein Fundus ve AutoFluorescein Fundus Foto\u011fraf \u00c7ekimi<\/span><\/p>\n\n\n\n<p class=\"has-small-font-size\">                          <\/p>\n\n\n\n<p><\/p>\n\n\n\n<p><\/p>\n\n\n\n<p class=\"has-medium-font-size\"><strong>OTOMAT\u0130K FOKUS VE OTOMAT\u0130K \u00c7EK\u0130M<\/strong><\/p>\n\n\n\n<div class=\"wp-block-columns\">\n<div class=\"wp-block-column\">\n<p><span class=\"has-inline-color has-black-color\">TRC-NW8 serisi Retinal kameralar basit kullan\u0131m g\u00f6z \u00f6n\u00fcnde tutularak dizayn edilmi\u015ftir. \u015eu ana kadarki fundus kamera tecr\u00fcbelerimize dayanarak, non-mydriatik fundus kameralar\u0131n t\u00fcm fonksiyonlar\u0131n\u0131 bu cihazda toplanm\u0131\u015ft\u0131r. Otomatik Fokus ve Otomatik \u00e7ekim \u00f6zelli\u011fi cihaza basit kullan\u0131m sa\u011flar. Gerekti\u011finde otomatik moddan \u00e7\u0131k\u0131larak cihaz\u0131 manuel olarak da kullanmak m\u00fcmk\u00fcnd\u00fcr.<\/span><\/p>\n<\/div>\n\n\n\n<div class=\"wp-block-column\">\n<figure class=\"wp-block-image size-large is-resized\"><img loading=\"lazy\" src=\"http:\/\/www.butikmedikal.com\/wp-content\/uploads\/2020\/09\/1-42.jpg\" alt=\"\" class=\"wp-image-1636\" width=\"312\" height=\"411\" srcset=\"http:\/\/www.butikmedikal.com\/wp-content\/uploads\/2020\/09\/1-42.jpg 312w, http:\/\/www.butikmedikal.com\/wp-content\/uploads\/2020\/09\/1-42-228x300.jpg 228w\" sizes=\"(max-width: 312px) 100vw, 312px\" \/><\/figure>\n<\/div>\n<\/div>\n\n\n\n<p class=\"has-medium-font-size\"><strong>OTOMAT\u0130K SMALL PUP\u0130L MODU<\/strong><\/p>\n\n\n\n<div class=\"wp-block-columns\">\n<div class=\"wp-block-column\">\n<div class=\"wp-block-image\"><figure class=\"aligncenter size-large is-resized\"><img loading=\"lazy\" src=\"http:\/\/www.butikmedikal.com\/wp-content\/uploads\/2020\/09\/1-43-1.jpg\" alt=\"\" class=\"wp-image-1639\" width=\"391\" height=\"323\"\/><\/figure><\/div>\n<\/div>\n\n\n\n<div class=\"wp-block-column\">\n<p><span class=\"has-inline-color has-black-color\">Small pupiller fundus \u00e7ekimleri i\u00e7in genel bir problemdir. Mydriaty azald\u0131\u011f\u0131nda \u00e7ekim daha bir zorla\u015facakt\u0131r. NW8 serisi cihazlardaki Otomatik Small Pupil modu ile minimum \u03c63.3mm lik pupil geni\u015fli\u011finde dahi Fundus \u00e7ekimi yapmak m\u00fcmk\u00fcnd\u00fcr.<\/span><\/p>\n<\/div>\n<\/div>\n\n\n\n<p class=\"has-medium-font-size\"><strong>D\u00dc\u015e\u00dcK FLASH YO\u011eUNLU\u011eU<\/strong><\/p>\n\n\n\n<div class=\"wp-block-columns\">\n<div class=\"wp-block-column\">\n<div class=\"wp-container-1 wp-block-group\"><div class=\"wp-block-group__inner-container\">\n<p><span class=\"has-inline-color has-black-color\">Topcon daima d\u00fc\u015f\u00fck Flashta en kaliteli g\u00f6r\u00fcnt\u00fcy\u00fc elde etmeye \u00e7al\u0131\u015fm\u0131\u015ft\u0131r. FA modunda rakiplerine g\u00f6re daha d\u00fc\u015f\u00fck flash seviyesinde daha kaliteli g\u00f6r\u00fcnt\u00fcler \u00e7ekebilmektedir.<\/span><\/p>\n<\/div><\/div>\n\n\n\n<p><\/p>\n<\/div>\n\n\n\n<div class=\"wp-block-column\">\n<figure class=\"wp-block-image size-large is-resized\"><img loading=\"lazy\" src=\"http:\/\/www.butikmedikal.com\/wp-content\/uploads\/2020\/09\/1-44.jpg\" alt=\"\" class=\"wp-image-1641\" width=\"525\" height=\"395\" srcset=\"http:\/\/www.butikmedikal.com\/wp-content\/uploads\/2020\/09\/1-44.jpg 700w, http:\/\/www.butikmedikal.com\/wp-content\/uploads\/2020\/09\/1-44-300x225.jpg 300w\" sizes=\"(max-width: 525px) 100vw, 525px\" \/><\/figure>\n<\/div>\n<\/div>\n\n\n\n<p><\/p>\n","protected":false},"excerpt":{"rendered":"<p>A\u00c7IKLAMA TRC-NW8\u2014 Renkli Fundus, Red Free Fundus Foto\u011fraf \u00c7ekimiz TRC-NW8F\u2014 Renkli Fundus, Red Free ve Fluorescein Fundus Foto\u011fraf \u00c7ekimi TRC-NW8F Plus\u2014 Renkli Fundus, Red Free, Fluorescein Fundus ve AutoFluorescein Fundus Foto\u011fraf \u00c7ekimi OTOMAT\u0130K FOKUS VE OTOMAT\u0130K \u00c7EK\u0130M TRC-NW8 serisi Retinal kameralar basit kullan\u0131m g\u00f6z \u00f6n\u00fcnde tutularak dizayn edilmi\u015ftir. \u015eu ana kadarki fundus kamera tecr\u00fcbelerimize dayanarak, [&hellip;]<\/p>\n","protected":false},"author":1,"featured_media":0,"parent":0,"menu_order":0,"comment_status":"closed","ping_status":"closed","template":"","meta":[],"_links":{"self":[{"href":"http:\/\/www.butikmedikal.com\/index.php\/wp-json\/wp\/v2\/pages\/1609"}],"collection":[{"href":"http:\/\/www.butikmedikal.com\/index.php\/wp-json\/wp\/v2\/pages"}],"about":[{"href":"http:\/\/www.butikmedikal.com\/index.php\/wp-json\/wp\/v2\/types\/page"}],"author":[{"embeddable":true,"href":"http:\/\/www.butikmedikal.com\/index.php\/wp-json\/wp\/v2\/users\/1"}],"replies":[{"embeddable":true,"href":"http:\/\/www.butikmedikal.com\/index.php\/wp-json\/wp\/v2\/comments?post=1609"}],"version-history":[{"count":40,"href":"http:\/\/www.butikmedikal.com\/index.php\/wp-json\/wp\/v2\/pages\/1609\/revisions"}],"predecessor-version":[{"id":1990,"href":"http:\/\/www.butikmedikal.com\/index.php\/wp-json\/wp\/v2\/pages\/1609\/revisions\/1990"}],"wp:attachment":[{"href":"http:\/\/www.butikmedikal.com\/index.php\/wp-json\/wp\/v2\/media?parent=1609"}],"curies":[{"name":"wp","href":"https:\/\/api.w.org\/{rel}","templated":true}]}}